{"id":3955,"date":"2021-01-04T14:32:10","date_gmt":"2021-01-04T14:32:10","guid":{"rendered":"https:\/\/www.piscilona.es\/tienda\/?post_type=product&#038;p=3955"},"modified":"2025-11-05T15:03:48","modified_gmt":"2025-11-05T15:03:48","slug":"cobertor-de-proteccion-para-piscina-coinpol-modelo-gondola-2","status":"publish","type":"product","link":"https:\/\/www.piscilona.es\/tienda\/producto\/cobertor-de-proteccion-para-piscina-coinpol-modelo-gondola-2\/","title":{"rendered":"Cobertor de protecci\u00f3n, para piscina Coinpol modelo G\u00f3ndola 2."},"content":{"rendered":"<p style=\"text-align: center\">COBERTOR PARA PISCINA PREFABRICADA DE <strong>COINPOL MODELO G\u00d3NDOLA 2<\/strong>.<\/p>\n<p>Cobertor de protecci\u00f3n fabricado en poli\u00e9ster revestido de PVC lacado, tratamiento anti UV de alta resistencia y antimoho. Peso 610 gr\/m2. <strong>Incluye todos los accesorios<\/strong>; tensor de goma y anclaje escamoteable (taco de lat\u00f3n y tornillo de acero inoxidable).<\/p>\n<h2><span style=\"font-size: 18px\"><strong>Caracter\u00edsticas t\u00e9cnicas.<\/strong><\/span><\/h2>\n<ul>\n<li>Composici\u00f3n: hilo de poli\u00e9ster 1100 Dtex, recubierto de PVC lacado, con tratamiento UV de alta resistencia y tratamiento antimoho.<\/li>\n<li>Peso:<strong> 610 gr\/m2.<\/strong><\/li>\n<li>Resistencia al desgarro: Urdimbre 270N, Trama 270N, conforme a normativa NFP90-308.<\/li>\n<li>Resistencia a la rotura: Urdimbre 2500N\/5cm, Trama 2000N\/5cm, conforme a normativa NFP90-308.<\/li>\n<li>Resistencia a temperaturas extremas: -30 grados cent\u00edgrados \/ +70 grados cent\u00edgrados<\/li>\n<\/ul>\n<p>El cobertor de protecci\u00f3n para piscinas\u00a0es indispensable para conservar la calidad del agua de su piscina fuera de la temporada de verano y un sistema de protecci\u00f3n ante ca\u00eddas accidentales de ni\u00f1os y mascotas.<\/p>\n<p>La cubierta de protecci\u00f3n impide el paso de los rayos solares y de la suciedad del exterior, por\u00a0este motivo no proliferan las algas que ti\u00f1en el agua de verde, permitiendo aprovechar el agua de una temporada a otra sin necesidad de utilizar su equipo de depuraci\u00f3n.<\/p>\n<p>Es un protector del vaso de la piscina, porque al formar una c\u00e1mara de aire entre el agua y el cobertor impide la formaci\u00f3n de capas de hielo en el invierno. Esta es causa de roturas y agrietamientos del vaso.<\/p>\n<h2><span style=\"font-size: 18px\">Beneficios destacados.<\/span><\/h2>\n<ul>\n<li>Seguridad ante ca\u00eddas accidentales<\/li>\n<li>Evita la descomposici\u00f3n del agua<\/li>\n<li>Anula los efectos de las heladas<\/li>\n<li>Impide el paso de la suciedad<\/li>\n<li>Conserva el vaso de la piscina<\/li>\n<li>Evita los trabajos de puesta a punto<\/li>\n<li>Permite apagar su equipo depurador<\/li>\n<\/ul>\n<p>&nbsp;<\/p>\n<p>&nbsp;<\/p>\n","protected":false},"excerpt":{"rendered":"<p>Lona de protecci\u00f3n para piscinas, 610 gr\/m2 en colores a elegir Azul, verde, marr\u00f3n, gris, beige y blanco.<\/p>\n","protected":false},"featured_media":3944,"template":"","meta":[],"product_brand":[],"product_cat":[51],"product_tag":[142,143],"class_list":{"0":"post-3955","1":"product","2":"type-product","3":"status-publish","4":"has-post-thumbnail","6":"product_cat-cobertores-proteccion","7":"product_tag-cobertor","8":"product_tag-lona-de-invierno","9":"pa_color-cobertor-azul-beige","10":"pa_color-cobertor-azul","11":"pa_color-cobertor-beige","12":"pa_color-cobertor-blanco","13":"pa_color-cobertor-gris","14":"pa_color-cobertor-marron","15":"pa_color-cobertor-negro","16":"pa_color-cobertor-verde","18":"first","19":"instock","20":"taxable","21":"shipping-taxable","22":"purchasable","23":"product-type-variable","24":"has-default-attributes"},"yoast_head":"<!-- This site is optimized with the Yoast SEO plugin v27.0 - https:\/\/yoast.com\/product\/yoast-seo-wordpress\/ -->\n<title>Cobertor de protecci\u00f3n, para piscina Coinpol modelo G\u00f3ndola 2. - Piscilona<\/title>\n<meta name=\"robots\" content=\"index, follow, max-snippet:-1, max-image-preview:large, max-video-preview:-1\" \/>\n<link rel=\"canonical\" href=\"https:\/\/www.piscilona.es\/tienda\/producto\/cobertor-de-proteccion-para-piscina-coinpol-modelo-gondola-2\/\" \/>\n<meta property=\"og:locale\" content=\"es_ES\" \/>\n<meta property=\"og:type\" content=\"article\" \/>\n<meta property=\"og:title\" content=\"Cobertor de protecci\u00f3n, para piscina Coinpol modelo G\u00f3ndola 2. - Piscilona\" \/>\n<meta property=\"og:description\" content=\"Lona de protecci\u00f3n para piscinas, 610 gr\/m2 en colores a elegir Azul, verde, marr\u00f3n, gris, beige y blanco.\" \/>\n<meta property=\"og:url\" content=\"https:\/\/www.piscilona.es\/tienda\/producto\/cobertor-de-proteccion-para-piscina-coinpol-modelo-gondola-2\/\" \/>\n<meta property=\"og:site_name\" content=\"Piscilona\" \/>\n<meta property=\"article:modified_time\" content=\"2025-11-05T15:03:48+00:00\" \/>\n<meta property=\"og:image\" content=\"https:\/\/www.piscilona.es\/tienda\/wp-content\/uploads\/2020\/12\/Cobertor-Fuente-del-Fresno-2.jpg\" \/>\n\t<meta property=\"og:image:width\" content=\"2560\" \/>\n\t<meta property=\"og:image:height\" content=\"1920\" \/>\n\t<meta property=\"og:image:type\" content=\"image\/jpeg\" \/>\n<meta name=\"twitter:card\" content=\"summary_large_image\" \/>\n<meta name=\"twitter:label1\" content=\"Tiempo de lectura\" \/>\n\t<meta name=\"twitter:data1\" content=\"2 minutos\" \/>\n<script type=\"application\/ld+json\" class=\"yoast-schema-graph\">{\"@context\":\"https:\/\/schema.org\",\"@graph\":[{\"@type\":\"WebPage\",\"@id\":\"https:\/\/www.piscilona.es\/tienda\/producto\/cobertor-de-proteccion-para-piscina-coinpol-modelo-gondola-2\/\",\"url\":\"https:\/\/www.piscilona.es\/tienda\/producto\/cobertor-de-proteccion-para-piscina-coinpol-modelo-gondola-2\/\",\"name\":\"Cobertor de protecci\u00f3n, para piscina Coinpol modelo G\u00f3ndola 2. - Piscilona\",\"isPartOf\":{\"@id\":\"https:\/\/www.piscilona.es\/tienda\/#website\"},\"primaryImageOfPage\":{\"@id\":\"https:\/\/www.piscilona.es\/tienda\/producto\/cobertor-de-proteccion-para-piscina-coinpol-modelo-gondola-2\/#primaryimage\"},\"image\":{\"@id\":\"https:\/\/www.piscilona.es\/tienda\/producto\/cobertor-de-proteccion-para-piscina-coinpol-modelo-gondola-2\/#primaryimage\"},\"thumbnailUrl\":\"https:\/\/www.piscilona.es\/tienda\/wp-content\/uploads\/2020\/12\/Cobertor-Fuente-del-Fresno-2.jpg\",\"datePublished\":\"2021-01-04T14:32:10+00:00\",\"dateModified\":\"2025-11-05T15:03:48+00:00\",\"breadcrumb\":{\"@id\":\"https:\/\/www.piscilona.es\/tienda\/producto\/cobertor-de-proteccion-para-piscina-coinpol-modelo-gondola-2\/#breadcrumb\"},\"inLanguage\":\"es\",\"potentialAction\":[{\"@type\":\"ReadAction\",\"target\":[\"https:\/\/www.piscilona.es\/tienda\/producto\/cobertor-de-proteccion-para-piscina-coinpol-modelo-gondola-2\/\"]}]},{\"@type\":\"ImageObject\",\"inLanguage\":\"es\",\"@id\":\"https:\/\/www.piscilona.es\/tienda\/producto\/cobertor-de-proteccion-para-piscina-coinpol-modelo-gondola-2\/#primaryimage\",\"url\":\"https:\/\/www.piscilona.es\/tienda\/wp-content\/uploads\/2020\/12\/Cobertor-Fuente-del-Fresno-2.jpg\",\"contentUrl\":\"https:\/\/www.piscilona.es\/tienda\/wp-content\/uploads\/2020\/12\/Cobertor-Fuente-del-Fresno-2.jpg\",\"width\":2560,\"height\":1920},{\"@type\":\"BreadcrumbList\",\"@id\":\"https:\/\/www.piscilona.es\/tienda\/producto\/cobertor-de-proteccion-para-piscina-coinpol-modelo-gondola-2\/#breadcrumb\",\"itemListElement\":[{\"@type\":\"ListItem\",\"position\":1,\"name\":\"Portada\",\"item\":\"https:\/\/www.piscilona.es\/tienda\/\"},{\"@type\":\"ListItem\",\"position\":2,\"name\":\"Tienda\",\"item\":\"https:\/\/www.piscilona.es\/tienda\/tienda\/\"},{\"@type\":\"ListItem\",\"position\":3,\"name\":\"Cobertor de protecci\u00f3n, para piscina Coinpol modelo G\u00f3ndola 2.\"}]},{\"@type\":\"WebSite\",\"@id\":\"https:\/\/www.piscilona.es\/tienda\/#website\",\"url\":\"https:\/\/www.piscilona.es\/tienda\/\",\"name\":\"Piscilona\",\"description\":\"Piscilona\",\"potentialAction\":[{\"@type\":\"SearchAction\",\"target\":{\"@type\":\"EntryPoint\",\"urlTemplate\":\"https:\/\/www.piscilona.es\/tienda\/?s={search_term_string}\"},\"query-input\":{\"@type\":\"PropertyValueSpecification\",\"valueRequired\":true,\"valueName\":\"search_term_string\"}}],\"inLanguage\":\"es\"}]}<\/script>\n<!-- \/ Yoast SEO plugin. -->","yoast_head_json":{"title":"Cobertor de protecci\u00f3n, para piscina Coinpol modelo G\u00f3ndola 2. - Piscilona","robots":{"index":"index","follow":"follow","max-snippet":"max-snippet:-1","max-image-preview":"max-image-preview:large","max-video-preview":"max-video-preview:-1"},"canonical":"https:\/\/www.piscilona.es\/tienda\/producto\/cobertor-de-proteccion-para-piscina-coinpol-modelo-gondola-2\/","og_locale":"es_ES","og_type":"article","og_title":"Cobertor de protecci\u00f3n, para piscina Coinpol modelo G\u00f3ndola 2. - Piscilona","og_description":"Lona de protecci\u00f3n para piscinas, 610 gr\/m2 en colores a elegir Azul, verde, marr\u00f3n, gris, beige y blanco.","og_url":"https:\/\/www.piscilona.es\/tienda\/producto\/cobertor-de-proteccion-para-piscina-coinpol-modelo-gondola-2\/","og_site_name":"Piscilona","article_modified_time":"2025-11-05T15:03:48+00:00","og_image":[{"width":2560,"height":1920,"url":"https:\/\/www.piscilona.es\/tienda\/wp-content\/uploads\/2020\/12\/Cobertor-Fuente-del-Fresno-2.jpg","type":"image\/jpeg"}],"twitter_card":"summary_large_image","twitter_misc":{"Tiempo de lectura":"2 minutos"},"schema":{"@context":"https:\/\/schema.org","@graph":[{"@type":"WebPage","@id":"https:\/\/www.piscilona.es\/tienda\/producto\/cobertor-de-proteccion-para-piscina-coinpol-modelo-gondola-2\/","url":"https:\/\/www.piscilona.es\/tienda\/producto\/cobertor-de-proteccion-para-piscina-coinpol-modelo-gondola-2\/","name":"Cobertor de protecci\u00f3n, para piscina Coinpol modelo G\u00f3ndola 2. - Piscilona","isPartOf":{"@id":"https:\/\/www.piscilona.es\/tienda\/#website"},"primaryImageOfPage":{"@id":"https:\/\/www.piscilona.es\/tienda\/producto\/cobertor-de-proteccion-para-piscina-coinpol-modelo-gondola-2\/#primaryimage"},"image":{"@id":"https:\/\/www.piscilona.es\/tienda\/producto\/cobertor-de-proteccion-para-piscina-coinpol-modelo-gondola-2\/#primaryimage"},"thumbnailUrl":"https:\/\/www.piscilona.es\/tienda\/wp-content\/uploads\/2020\/12\/Cobertor-Fuente-del-Fresno-2.jpg","datePublished":"2021-01-04T14:32:10+00:00","dateModified":"2025-11-05T15:03:48+00:00","breadcrumb":{"@id":"https:\/\/www.piscilona.es\/tienda\/producto\/cobertor-de-proteccion-para-piscina-coinpol-modelo-gondola-2\/#breadcrumb"},"inLanguage":"es","potentialAction":[{"@type":"ReadAction","target":["https:\/\/www.piscilona.es\/tienda\/producto\/cobertor-de-proteccion-para-piscina-coinpol-modelo-gondola-2\/"]}]},{"@type":"ImageObject","inLanguage":"es","@id":"https:\/\/www.piscilona.es\/tienda\/producto\/cobertor-de-proteccion-para-piscina-coinpol-modelo-gondola-2\/#primaryimage","url":"https:\/\/www.piscilona.es\/tienda\/wp-content\/uploads\/2020\/12\/Cobertor-Fuente-del-Fresno-2.jpg","contentUrl":"https:\/\/www.piscilona.es\/tienda\/wp-content\/uploads\/2020\/12\/Cobertor-Fuente-del-Fresno-2.jpg","width":2560,"height":1920},{"@type":"BreadcrumbList","@id":"https:\/\/www.piscilona.es\/tienda\/producto\/cobertor-de-proteccion-para-piscina-coinpol-modelo-gondola-2\/#breadcrumb","itemListElement":[{"@type":"ListItem","position":1,"name":"Portada","item":"https:\/\/www.piscilona.es\/tienda\/"},{"@type":"ListItem","position":2,"name":"Tienda","item":"https:\/\/www.piscilona.es\/tienda\/tienda\/"},{"@type":"ListItem","position":3,"name":"Cobertor de protecci\u00f3n, para piscina Coinpol modelo G\u00f3ndola 2."}]},{"@type":"WebSite","@id":"https:\/\/www.piscilona.es\/tienda\/#website","url":"https:\/\/www.piscilona.es\/tienda\/","name":"Piscilona","description":"Piscilona","potentialAction":[{"@type":"SearchAction","target":{"@type":"EntryPoint","urlTemplate":"https:\/\/www.piscilona.es\/tienda\/?s={search_term_string}"},"query-input":{"@type":"PropertyValueSpecification","valueRequired":true,"valueName":"search_term_string"}}],"inLanguage":"es"}]}},"_links":{"self":[{"href":"https:\/\/www.piscilona.es\/tienda\/wp-json\/wp\/v2\/product\/3955","targetHints":{"allow":["GET"]}}],"collection":[{"href":"https:\/\/www.piscilona.es\/tienda\/wp-json\/wp\/v2\/product"}],"about":[{"href":"https:\/\/www.piscilona.es\/tienda\/wp-json\/wp\/v2\/types\/product"}],"version-history":[{"count":0,"href":"https:\/\/www.piscilona.es\/tienda\/wp-json\/wp\/v2\/product\/3955\/revisions"}],"wp:featuredmedia":[{"embeddable":true,"href":"https:\/\/www.piscilona.es\/tienda\/wp-json\/wp\/v2\/media\/3944"}],"wp:attachment":[{"href":"https:\/\/www.piscilona.es\/tienda\/wp-json\/wp\/v2\/media?parent=3955"}],"wp:term":[{"taxonomy":"product_brand","embeddable":true,"href":"https:\/\/www.piscilona.es\/tienda\/wp-json\/wp\/v2\/product_brand?post=3955"},{"taxonomy":"product_cat","embeddable":true,"href":"https:\/\/www.piscilona.es\/tienda\/wp-json\/wp\/v2\/product_cat?post=3955"},{"taxonomy":"product_tag","embeddable":true,"href":"https:\/\/www.piscilona.es\/tienda\/wp-json\/wp\/v2\/product_tag?post=3955"}],"curies":[{"name":"wp","href":"https:\/\/api.w.org\/{rel}","templated":true}]}}