{"id":4094,"date":"2021-01-14T12:08:20","date_gmt":"2021-01-14T12:08:20","guid":{"rendered":"https:\/\/www.piscilona.es\/tienda\/?post_type=product&#038;p=4094"},"modified":"2023-06-14T08:47:00","modified_gmt":"2023-06-14T08:47:00","slug":"escalera-clasica-facil-acceso-astralpool","status":"publish","type":"product","link":"https:\/\/www.piscilona.es\/tienda\/producto\/escalera-clasica-facil-acceso-astralpool\/","title":{"rendered":"Escalera Cl\u00e1sica F\u00e1cil Acceso Astralpool."},"content":{"rendered":"<p>Escalera para piscina de f\u00e1cil\u00a0acceso ancho 500\u00a0concebida para piscinas de rehabilitaci\u00f3n, terapias acu\u00e1ticas personas discapacitadas que no quieren elevador.<\/p>\n<p>Fabricada en tubo de \u00d8 43 mm, acero inoxidable <strong>AISI-316L<\/strong> pulido y pelda\u00f1os de material pl\u00e1stico con superficie antideslizante.<\/p>\n<p>Escalera ajustable en altura, f\u00e1cil de poner y de quitar. Suministrada con anclaje de fijaci\u00f3n, previsto para conexi\u00f3n a toma equipotencial.<\/p>\n<p>Los modelos fabricados en acero inoxidable AISI-316 son compatibles con la cloraci\u00f3n salina, ya que la hace m\u00e1s resistente tanto a las condiciones f\u00edsicas como qu\u00edmicas.<\/p>\n","protected":false},"excerpt":{"rendered":"<p>Apta para <strong>piscinas de comunidades, piscinas comunitarias y piscinas de ayuntamientos<\/strong>. Disponible de 4 a 8 pelda\u00f1os seg\u00fan la profundidad de la piscina.<\/p>\n","protected":false},"featured_media":4101,"template":"","meta":[],"product_brand":[],"product_cat":[83,201],"product_tag":[152,170],"class_list":{"0":"post-4094","1":"product","2":"type-product","3":"status-publish","4":"has-post-thumbnail","6":"product_cat-inoxidable-exterior","7":"product_cat-escaleras","8":"product_tag-escalera","9":"product_tag-publica","11":"first","12":"instock","13":"taxable","14":"shipping-taxable","15":"purchasable","16":"product-type-variable","17":"has-default-attributes"},"yoast_head":"<!-- This site is optimized with the Yoast SEO plugin v27.0 - https:\/\/yoast.com\/product\/yoast-seo-wordpress\/ -->\n<title>Escalera Cl\u00e1sica F\u00e1cil Acceso Astralpool. - Piscilona<\/title>\n<meta name=\"robots\" content=\"index, follow, max-snippet:-1, max-image-preview:large, max-video-preview:-1\" \/>\n<link rel=\"canonical\" href=\"https:\/\/www.piscilona.es\/tienda\/producto\/escalera-clasica-facil-acceso-astralpool\/\" \/>\n<meta property=\"og:locale\" content=\"es_ES\" \/>\n<meta property=\"og:type\" content=\"article\" \/>\n<meta property=\"og:title\" content=\"Escalera Cl\u00e1sica F\u00e1cil Acceso Astralpool. - Piscilona\" \/>\n<meta property=\"og:description\" content=\"Apta para piscinas de comunidades, piscinas comunitarias y piscinas de ayuntamientos. Disponible de 4 a 8 pelda\u00f1os seg\u00fan la profundidad de la piscina.\" \/>\n<meta property=\"og:url\" content=\"https:\/\/www.piscilona.es\/tienda\/producto\/escalera-clasica-facil-acceso-astralpool\/\" \/>\n<meta property=\"og:site_name\" content=\"Piscilona\" \/>\n<meta property=\"article:modified_time\" content=\"2023-06-14T08:47:00+00:00\" \/>\n<meta property=\"og:image\" content=\"https:\/\/www.piscilona.es\/tienda\/wp-content\/uploads\/2021\/01\/8-Escalera-Clasica.jpg\" \/>\n\t<meta property=\"og:image:width\" content=\"1024\" \/>\n\t<meta property=\"og:image:height\" content=\"768\" \/>\n\t<meta property=\"og:image:type\" content=\"image\/jpeg\" \/>\n<meta name=\"twitter:card\" content=\"summary_large_image\" \/>\n<meta name=\"twitter:label1\" content=\"Tiempo de lectura\" \/>\n\t<meta name=\"twitter:data1\" content=\"1 minuto\" \/>\n<script type=\"application\/ld+json\" class=\"yoast-schema-graph\">{\"@context\":\"https:\/\/schema.org\",\"@graph\":[{\"@type\":\"WebPage\",\"@id\":\"https:\/\/www.piscilona.es\/tienda\/producto\/escalera-clasica-facil-acceso-astralpool\/\",\"url\":\"https:\/\/www.piscilona.es\/tienda\/producto\/escalera-clasica-facil-acceso-astralpool\/\",\"name\":\"Escalera Cl\u00e1sica F\u00e1cil Acceso Astralpool. - Piscilona\",\"isPartOf\":{\"@id\":\"https:\/\/www.piscilona.es\/tienda\/#website\"},\"primaryImageOfPage\":{\"@id\":\"https:\/\/www.piscilona.es\/tienda\/producto\/escalera-clasica-facil-acceso-astralpool\/#primaryimage\"},\"image\":{\"@id\":\"https:\/\/www.piscilona.es\/tienda\/producto\/escalera-clasica-facil-acceso-astralpool\/#primaryimage\"},\"thumbnailUrl\":\"https:\/\/www.piscilona.es\/tienda\/wp-content\/uploads\/2021\/01\/8-Escalera-Clasica.jpg\",\"datePublished\":\"2021-01-14T12:08:20+00:00\",\"dateModified\":\"2023-06-14T08:47:00+00:00\",\"breadcrumb\":{\"@id\":\"https:\/\/www.piscilona.es\/tienda\/producto\/escalera-clasica-facil-acceso-astralpool\/#breadcrumb\"},\"inLanguage\":\"es\",\"potentialAction\":[{\"@type\":\"ReadAction\",\"target\":[\"https:\/\/www.piscilona.es\/tienda\/producto\/escalera-clasica-facil-acceso-astralpool\/\"]}]},{\"@type\":\"ImageObject\",\"inLanguage\":\"es\",\"@id\":\"https:\/\/www.piscilona.es\/tienda\/producto\/escalera-clasica-facil-acceso-astralpool\/#primaryimage\",\"url\":\"https:\/\/www.piscilona.es\/tienda\/wp-content\/uploads\/2021\/01\/8-Escalera-Clasica.jpg\",\"contentUrl\":\"https:\/\/www.piscilona.es\/tienda\/wp-content\/uploads\/2021\/01\/8-Escalera-Clasica.jpg\",\"width\":1024,\"height\":768},{\"@type\":\"BreadcrumbList\",\"@id\":\"https:\/\/www.piscilona.es\/tienda\/producto\/escalera-clasica-facil-acceso-astralpool\/#breadcrumb\",\"itemListElement\":[{\"@type\":\"ListItem\",\"position\":1,\"name\":\"Portada\",\"item\":\"https:\/\/www.piscilona.es\/tienda\/\"},{\"@type\":\"ListItem\",\"position\":2,\"name\":\"Tienda\",\"item\":\"https:\/\/www.piscilona.es\/tienda\/tienda\/\"},{\"@type\":\"ListItem\",\"position\":3,\"name\":\"Escalera Cl\u00e1sica F\u00e1cil Acceso Astralpool.\"}]},{\"@type\":\"WebSite\",\"@id\":\"https:\/\/www.piscilona.es\/tienda\/#website\",\"url\":\"https:\/\/www.piscilona.es\/tienda\/\",\"name\":\"Piscilona\",\"description\":\"Piscilona\",\"potentialAction\":[{\"@type\":\"SearchAction\",\"target\":{\"@type\":\"EntryPoint\",\"urlTemplate\":\"https:\/\/www.piscilona.es\/tienda\/?s={search_term_string}\"},\"query-input\":{\"@type\":\"PropertyValueSpecification\",\"valueRequired\":true,\"valueName\":\"search_term_string\"}}],\"inLanguage\":\"es\"}]}<\/script>\n<!-- \/ Yoast SEO plugin. -->","yoast_head_json":{"title":"Escalera Cl\u00e1sica F\u00e1cil Acceso Astralpool. - Piscilona","robots":{"index":"index","follow":"follow","max-snippet":"max-snippet:-1","max-image-preview":"max-image-preview:large","max-video-preview":"max-video-preview:-1"},"canonical":"https:\/\/www.piscilona.es\/tienda\/producto\/escalera-clasica-facil-acceso-astralpool\/","og_locale":"es_ES","og_type":"article","og_title":"Escalera Cl\u00e1sica F\u00e1cil Acceso Astralpool. - Piscilona","og_description":"Apta para piscinas de comunidades, piscinas comunitarias y piscinas de ayuntamientos. Disponible de 4 a 8 pelda\u00f1os seg\u00fan la profundidad de la piscina.","og_url":"https:\/\/www.piscilona.es\/tienda\/producto\/escalera-clasica-facil-acceso-astralpool\/","og_site_name":"Piscilona","article_modified_time":"2023-06-14T08:47:00+00:00","og_image":[{"width":1024,"height":768,"url":"https:\/\/www.piscilona.es\/tienda\/wp-content\/uploads\/2021\/01\/8-Escalera-Clasica.jpg","type":"image\/jpeg"}],"twitter_card":"summary_large_image","twitter_misc":{"Tiempo de lectura":"1 minuto"},"schema":{"@context":"https:\/\/schema.org","@graph":[{"@type":"WebPage","@id":"https:\/\/www.piscilona.es\/tienda\/producto\/escalera-clasica-facil-acceso-astralpool\/","url":"https:\/\/www.piscilona.es\/tienda\/producto\/escalera-clasica-facil-acceso-astralpool\/","name":"Escalera Cl\u00e1sica F\u00e1cil Acceso Astralpool. - Piscilona","isPartOf":{"@id":"https:\/\/www.piscilona.es\/tienda\/#website"},"primaryImageOfPage":{"@id":"https:\/\/www.piscilona.es\/tienda\/producto\/escalera-clasica-facil-acceso-astralpool\/#primaryimage"},"image":{"@id":"https:\/\/www.piscilona.es\/tienda\/producto\/escalera-clasica-facil-acceso-astralpool\/#primaryimage"},"thumbnailUrl":"https:\/\/www.piscilona.es\/tienda\/wp-content\/uploads\/2021\/01\/8-Escalera-Clasica.jpg","datePublished":"2021-01-14T12:08:20+00:00","dateModified":"2023-06-14T08:47:00+00:00","breadcrumb":{"@id":"https:\/\/www.piscilona.es\/tienda\/producto\/escalera-clasica-facil-acceso-astralpool\/#breadcrumb"},"inLanguage":"es","potentialAction":[{"@type":"ReadAction","target":["https:\/\/www.piscilona.es\/tienda\/producto\/escalera-clasica-facil-acceso-astralpool\/"]}]},{"@type":"ImageObject","inLanguage":"es","@id":"https:\/\/www.piscilona.es\/tienda\/producto\/escalera-clasica-facil-acceso-astralpool\/#primaryimage","url":"https:\/\/www.piscilona.es\/tienda\/wp-content\/uploads\/2021\/01\/8-Escalera-Clasica.jpg","contentUrl":"https:\/\/www.piscilona.es\/tienda\/wp-content\/uploads\/2021\/01\/8-Escalera-Clasica.jpg","width":1024,"height":768},{"@type":"BreadcrumbList","@id":"https:\/\/www.piscilona.es\/tienda\/producto\/escalera-clasica-facil-acceso-astralpool\/#breadcrumb","itemListElement":[{"@type":"ListItem","position":1,"name":"Portada","item":"https:\/\/www.piscilona.es\/tienda\/"},{"@type":"ListItem","position":2,"name":"Tienda","item":"https:\/\/www.piscilona.es\/tienda\/tienda\/"},{"@type":"ListItem","position":3,"name":"Escalera Cl\u00e1sica F\u00e1cil Acceso Astralpool."}]},{"@type":"WebSite","@id":"https:\/\/www.piscilona.es\/tienda\/#website","url":"https:\/\/www.piscilona.es\/tienda\/","name":"Piscilona","description":"Piscilona","potentialAction":[{"@type":"SearchAction","target":{"@type":"EntryPoint","urlTemplate":"https:\/\/www.piscilona.es\/tienda\/?s={search_term_string}"},"query-input":{"@type":"PropertyValueSpecification","valueRequired":true,"valueName":"search_term_string"}}],"inLanguage":"es"}]}},"_links":{"self":[{"href":"https:\/\/www.piscilona.es\/tienda\/wp-json\/wp\/v2\/product\/4094","targetHints":{"allow":["GET"]}}],"collection":[{"href":"https:\/\/www.piscilona.es\/tienda\/wp-json\/wp\/v2\/product"}],"about":[{"href":"https:\/\/www.piscilona.es\/tienda\/wp-json\/wp\/v2\/types\/product"}],"version-history":[{"count":0,"href":"https:\/\/www.piscilona.es\/tienda\/wp-json\/wp\/v2\/product\/4094\/revisions"}],"wp:featuredmedia":[{"embeddable":true,"href":"https:\/\/www.piscilona.es\/tienda\/wp-json\/wp\/v2\/media\/4101"}],"wp:attachment":[{"href":"https:\/\/www.piscilona.es\/tienda\/wp-json\/wp\/v2\/media?parent=4094"}],"wp:term":[{"taxonomy":"product_brand","embeddable":true,"href":"https:\/\/www.piscilona.es\/tienda\/wp-json\/wp\/v2\/product_brand?post=4094"},{"taxonomy":"product_cat","embeddable":true,"href":"https:\/\/www.piscilona.es\/tienda\/wp-json\/wp\/v2\/product_cat?post=4094"},{"taxonomy":"product_tag","embeddable":true,"href":"https:\/\/www.piscilona.es\/tienda\/wp-json\/wp\/v2\/product_tag?post=4094"}],"curies":[{"name":"wp","href":"https:\/\/api.w.org\/{rel}","templated":true}]}}