{"id":4682,"date":"2023-12-11T14:35:54","date_gmt":"2023-12-11T14:35:54","guid":{"rendered":"https:\/\/www.piscilona.es\/tienda\/?post_type=product&#038;p=4682"},"modified":"2023-12-13T09:13:25","modified_gmt":"2023-12-13T09:13:25","slug":"ducha-pluvium","status":"publish","type":"product","link":"https:\/\/www.piscilona.es\/tienda\/producto\/ducha-pluvium\/","title":{"rendered":"Ducha Pluvium"},"content":{"rendered":"<p>Nueva ducha con dise\u00f1o elegante y moderno, fabricada en acero inoxidable AISI-316 satinado y madera IP\u00c9. Ofrece confort con sistema Rainfall, rociador orientable, y v\u00e1lvula monomando para control de temperatura. Cuenta con sistema antical para mayor durabilidad, opci\u00f3n de plato de ducha, fijaci\u00f3n al suelo y limitador de caudal.<\/p>\n<p><a href=\"https:\/\/www.piscilona.es\/tienda\/wp-content\/uploads\/2023\/12\/48FichaTecnica.pdf\">Ficha T\u00e9cnica<\/a><\/p>\n<p><a href=\"https:\/\/www.piscilona.es\/tienda\/wp-content\/uploads\/2023\/12\/48Folleto.pdf\">Folleto<\/a><\/p>\n","protected":false},"excerpt":{"rendered":"<p>Ducha fabricada en madera tropical y acero inoxidable. Monomando de control de agua fr\u00eda y caliente. Rociador orientable con sistema antical. Su dise\u00f1o minimalista y compacto proporciona una imagen elegante y moderna para el entorno de la piscina y la alta calidad.<\/p>\n","protected":false},"featured_media":4773,"template":"","meta":[],"product_brand":[],"product_cat":[83,200],"product_tag":[233,206,265],"class_list":{"0":"post-4682","1":"product","2":"type-product","3":"status-publish","4":"has-post-thumbnail","6":"product_cat-inoxidable-exterior","7":"product_cat-duchas","8":"product_tag-astralpool","9":"product_tag-ducha","10":"product_tag-pluvium","12":"first","13":"instock","14":"taxable","15":"shipping-taxable","16":"purchasable","17":"product-type-variable","18":"has-default-attributes"},"yoast_head":"<!-- This site is optimized with the Yoast SEO plugin v27.0 - https:\/\/yoast.com\/product\/yoast-seo-wordpress\/ -->\n<title>Ducha Pluvium - Piscilona<\/title>\n<meta name=\"description\" content=\"Ducha fabricada en madera tropical y acero inoxidable. Su dise\u00f1o proporciona una imagen elegante para el entorno de la piscina y la alta calidad.\" \/>\n<meta name=\"robots\" content=\"index, follow, max-snippet:-1, max-image-preview:large, max-video-preview:-1\" \/>\n<link rel=\"canonical\" href=\"https:\/\/www.piscilona.es\/tienda\/producto\/ducha-pluvium\/\" \/>\n<meta property=\"og:locale\" content=\"es_ES\" \/>\n<meta property=\"og:type\" content=\"article\" \/>\n<meta property=\"og:title\" content=\"Ducha Pluvium - Piscilona\" \/>\n<meta property=\"og:description\" content=\"Ducha fabricada en madera tropical y acero inoxidable. Su dise\u00f1o proporciona una imagen elegante para el entorno de la piscina y la alta calidad.\" \/>\n<meta property=\"og:url\" content=\"https:\/\/www.piscilona.es\/tienda\/producto\/ducha-pluvium\/\" \/>\n<meta property=\"og:site_name\" content=\"Piscilona\" \/>\n<meta property=\"article:modified_time\" content=\"2023-12-13T09:13:25+00:00\" \/>\n<meta property=\"og:image\" content=\"https:\/\/www.piscilona.es\/tienda\/wp-content\/uploads\/2023\/12\/481editada.png\" \/>\n\t<meta property=\"og:image:width\" content=\"700\" \/>\n\t<meta property=\"og:image:height\" content=\"800\" \/>\n\t<meta property=\"og:image:type\" content=\"image\/png\" \/>\n<meta name=\"twitter:card\" content=\"summary_large_image\" \/>\n<meta name=\"twitter:label1\" content=\"Tiempo de lectura\" \/>\n\t<meta name=\"twitter:data1\" content=\"1 minuto\" \/>\n<script type=\"application\/ld+json\" class=\"yoast-schema-graph\">{\"@context\":\"https:\/\/schema.org\",\"@graph\":[{\"@type\":\"WebPage\",\"@id\":\"https:\/\/www.piscilona.es\/tienda\/producto\/ducha-pluvium\/\",\"url\":\"https:\/\/www.piscilona.es\/tienda\/producto\/ducha-pluvium\/\",\"name\":\"Ducha Pluvium - Piscilona\",\"isPartOf\":{\"@id\":\"https:\/\/www.piscilona.es\/tienda\/#website\"},\"primaryImageOfPage\":{\"@id\":\"https:\/\/www.piscilona.es\/tienda\/producto\/ducha-pluvium\/#primaryimage\"},\"image\":{\"@id\":\"https:\/\/www.piscilona.es\/tienda\/producto\/ducha-pluvium\/#primaryimage\"},\"thumbnailUrl\":\"https:\/\/www.piscilona.es\/tienda\/wp-content\/uploads\/2023\/12\/481editada.png\",\"datePublished\":\"2023-12-11T14:35:54+00:00\",\"dateModified\":\"2023-12-13T09:13:25+00:00\",\"description\":\"Ducha fabricada en madera tropical y acero inoxidable. Su dise\u00f1o proporciona una imagen elegante para el entorno de la piscina y la alta calidad.\",\"breadcrumb\":{\"@id\":\"https:\/\/www.piscilona.es\/tienda\/producto\/ducha-pluvium\/#breadcrumb\"},\"inLanguage\":\"es\",\"potentialAction\":[{\"@type\":\"ReadAction\",\"target\":[\"https:\/\/www.piscilona.es\/tienda\/producto\/ducha-pluvium\/\"]}]},{\"@type\":\"ImageObject\",\"inLanguage\":\"es\",\"@id\":\"https:\/\/www.piscilona.es\/tienda\/producto\/ducha-pluvium\/#primaryimage\",\"url\":\"https:\/\/www.piscilona.es\/tienda\/wp-content\/uploads\/2023\/12\/481editada.png\",\"contentUrl\":\"https:\/\/www.piscilona.es\/tienda\/wp-content\/uploads\/2023\/12\/481editada.png\",\"width\":700,\"height\":800},{\"@type\":\"BreadcrumbList\",\"@id\":\"https:\/\/www.piscilona.es\/tienda\/producto\/ducha-pluvium\/#breadcrumb\",\"itemListElement\":[{\"@type\":\"ListItem\",\"position\":1,\"name\":\"Portada\",\"item\":\"https:\/\/www.piscilona.es\/tienda\/\"},{\"@type\":\"ListItem\",\"position\":2,\"name\":\"Tienda\",\"item\":\"https:\/\/www.piscilona.es\/tienda\/tienda\/\"},{\"@type\":\"ListItem\",\"position\":3,\"name\":\"Ducha Pluvium\"}]},{\"@type\":\"WebSite\",\"@id\":\"https:\/\/www.piscilona.es\/tienda\/#website\",\"url\":\"https:\/\/www.piscilona.es\/tienda\/\",\"name\":\"Piscilona\",\"description\":\"Piscilona\",\"potentialAction\":[{\"@type\":\"SearchAction\",\"target\":{\"@type\":\"EntryPoint\",\"urlTemplate\":\"https:\/\/www.piscilona.es\/tienda\/?s={search_term_string}\"},\"query-input\":{\"@type\":\"PropertyValueSpecification\",\"valueRequired\":true,\"valueName\":\"search_term_string\"}}],\"inLanguage\":\"es\"}]}<\/script>\n<!-- \/ Yoast SEO plugin. -->","yoast_head_json":{"title":"Ducha Pluvium - Piscilona","description":"Ducha fabricada en madera tropical y acero inoxidable. Su dise\u00f1o proporciona una imagen elegante para el entorno de la piscina y la alta calidad.","robots":{"index":"index","follow":"follow","max-snippet":"max-snippet:-1","max-image-preview":"max-image-preview:large","max-video-preview":"max-video-preview:-1"},"canonical":"https:\/\/www.piscilona.es\/tienda\/producto\/ducha-pluvium\/","og_locale":"es_ES","og_type":"article","og_title":"Ducha Pluvium - Piscilona","og_description":"Ducha fabricada en madera tropical y acero inoxidable. Su dise\u00f1o proporciona una imagen elegante para el entorno de la piscina y la alta calidad.","og_url":"https:\/\/www.piscilona.es\/tienda\/producto\/ducha-pluvium\/","og_site_name":"Piscilona","article_modified_time":"2023-12-13T09:13:25+00:00","og_image":[{"width":700,"height":800,"url":"https:\/\/www.piscilona.es\/tienda\/wp-content\/uploads\/2023\/12\/481editada.png","type":"image\/png"}],"twitter_card":"summary_large_image","twitter_misc":{"Tiempo de lectura":"1 minuto"},"schema":{"@context":"https:\/\/schema.org","@graph":[{"@type":"WebPage","@id":"https:\/\/www.piscilona.es\/tienda\/producto\/ducha-pluvium\/","url":"https:\/\/www.piscilona.es\/tienda\/producto\/ducha-pluvium\/","name":"Ducha Pluvium - Piscilona","isPartOf":{"@id":"https:\/\/www.piscilona.es\/tienda\/#website"},"primaryImageOfPage":{"@id":"https:\/\/www.piscilona.es\/tienda\/producto\/ducha-pluvium\/#primaryimage"},"image":{"@id":"https:\/\/www.piscilona.es\/tienda\/producto\/ducha-pluvium\/#primaryimage"},"thumbnailUrl":"https:\/\/www.piscilona.es\/tienda\/wp-content\/uploads\/2023\/12\/481editada.png","datePublished":"2023-12-11T14:35:54+00:00","dateModified":"2023-12-13T09:13:25+00:00","description":"Ducha fabricada en madera tropical y acero inoxidable. Su dise\u00f1o proporciona una imagen elegante para el entorno de la piscina y la alta calidad.","breadcrumb":{"@id":"https:\/\/www.piscilona.es\/tienda\/producto\/ducha-pluvium\/#breadcrumb"},"inLanguage":"es","potentialAction":[{"@type":"ReadAction","target":["https:\/\/www.piscilona.es\/tienda\/producto\/ducha-pluvium\/"]}]},{"@type":"ImageObject","inLanguage":"es","@id":"https:\/\/www.piscilona.es\/tienda\/producto\/ducha-pluvium\/#primaryimage","url":"https:\/\/www.piscilona.es\/tienda\/wp-content\/uploads\/2023\/12\/481editada.png","contentUrl":"https:\/\/www.piscilona.es\/tienda\/wp-content\/uploads\/2023\/12\/481editada.png","width":700,"height":800},{"@type":"BreadcrumbList","@id":"https:\/\/www.piscilona.es\/tienda\/producto\/ducha-pluvium\/#breadcrumb","itemListElement":[{"@type":"ListItem","position":1,"name":"Portada","item":"https:\/\/www.piscilona.es\/tienda\/"},{"@type":"ListItem","position":2,"name":"Tienda","item":"https:\/\/www.piscilona.es\/tienda\/tienda\/"},{"@type":"ListItem","position":3,"name":"Ducha Pluvium"}]},{"@type":"WebSite","@id":"https:\/\/www.piscilona.es\/tienda\/#website","url":"https:\/\/www.piscilona.es\/tienda\/","name":"Piscilona","description":"Piscilona","potentialAction":[{"@type":"SearchAction","target":{"@type":"EntryPoint","urlTemplate":"https:\/\/www.piscilona.es\/tienda\/?s={search_term_string}"},"query-input":{"@type":"PropertyValueSpecification","valueRequired":true,"valueName":"search_term_string"}}],"inLanguage":"es"}]}},"_links":{"self":[{"href":"https:\/\/www.piscilona.es\/tienda\/wp-json\/wp\/v2\/product\/4682","targetHints":{"allow":["GET"]}}],"collection":[{"href":"https:\/\/www.piscilona.es\/tienda\/wp-json\/wp\/v2\/product"}],"about":[{"href":"https:\/\/www.piscilona.es\/tienda\/wp-json\/wp\/v2\/types\/product"}],"version-history":[{"count":0,"href":"https:\/\/www.piscilona.es\/tienda\/wp-json\/wp\/v2\/product\/4682\/revisions"}],"wp:featuredmedia":[{"embeddable":true,"href":"https:\/\/www.piscilona.es\/tienda\/wp-json\/wp\/v2\/media\/4773"}],"wp:attachment":[{"href":"https:\/\/www.piscilona.es\/tienda\/wp-json\/wp\/v2\/media?parent=4682"}],"wp:term":[{"taxonomy":"product_brand","embeddable":true,"href":"https:\/\/www.piscilona.es\/tienda\/wp-json\/wp\/v2\/product_brand?post=4682"},{"taxonomy":"product_cat","embeddable":true,"href":"https:\/\/www.piscilona.es\/tienda\/wp-json\/wp\/v2\/product_cat?post=4682"},{"taxonomy":"product_tag","embeddable":true,"href":"https:\/\/www.piscilona.es\/tienda\/wp-json\/wp\/v2\/product_tag?post=4682"}],"curies":[{"name":"wp","href":"https:\/\/api.w.org\/{rel}","templated":true}]}}