{"id":5095,"date":"2024-01-02T18:03:03","date_gmt":"2024-01-02T18:03:03","guid":{"rendered":"https:\/\/www.piscilona.es\/tienda\/?post_type=product&#038;p=5095"},"modified":"2024-01-09T13:34:09","modified_gmt":"2024-01-09T13:34:09","slug":"limpiafondos-manuales","status":"publish","type":"product","link":"https:\/\/www.piscilona.es\/tienda\/producto\/limpiafondos-manuales\/","title":{"rendered":"Limpiafondos Manuales"},"content":{"rendered":"<p style=\"text-align: center\"><strong>Caracter\u00edsticas Limpiafondos Manuales:<\/strong><\/p>\n<p><strong><em>Limpiafondos Flexible 350 BlueLine:<\/em><\/strong> El Limpiafondos Flexible 350 BlueLine de AstralPool, perteneciente a la serie Blue Line, ofrece una efectividad sobresaliente a un precio accesible para el mantenimiento b\u00e1sico de piscinas. Dise\u00f1ado para la aspiraci\u00f3n de suciedad en el fondo, este limpiafondos manual se conecta f\u00e1cilmente a la manguera \u00d838, succionando los residuos hacia el filtro. Su flexibilidad y peso optimizan la adherencia a superficies de piscinas de hormig\u00f3n\/gresite, destacando su eficiencia.<\/p>\n<p><em><strong>Aluminio 350 Blue Line:<\/strong><\/em> El Limpiafondos Aluminio 350 Blue Line de AstralPool succiona residuos hacia la depuradora y es ideal para piscinas de hormig\u00f3n\/gresite. Disponible con fijaci\u00f3n a mango mediante clip, se fabrica con aluminio y materiales termopl\u00e1sticos para resistencia y durabilidad. Con eficacia a un precio competitivo, es parte de la serie Blue Line de AstralPool, garantizando su calidad respaldada por la marca.<\/p>\n<p><em><strong>Triangular:<\/strong><\/em> El Limpiafondos Triangular de AstralPool, con estructura en material pl\u00e1stico inalterable, ofrece resistencia y durabilidad. Con conexi\u00f3n a manguera autoflotante, aspira residuos hacia el filtro de la piscina. Cepillos integrados en la base y extremos proporcionan una alta capacidad de limpieza en superficies de piscinas. Su fijaci\u00f3n r\u00e1pida al mango mediante sistema &#8220;clip&#8221;, conexi\u00f3n giratoria sin enredos y pertenencia a la serie Blue Line aseguran eficacia y calidad respaldada por AstralPool.<\/p>\n<p><em><strong>Ovalado:<\/strong><\/em> El Limpiafondos Ovalado BlueLine de AstralPool es robusto y s\u00f3lido, conect\u00e1ndose f\u00e1cilmente a la manguera de aspiraci\u00f3n. Sus cepillos integrados facilitan la limpieza de superficies del fondo, incluso en esquinas. Apto para diversos revestimientos y superficies, este limpiafondos presenta una fijaci\u00f3n r\u00e1pida al mango mediante sistema &#8220;clip&#8221;. Su conexi\u00f3n giratoria a 360\u00ba evita enredos, y forma parte de la serie Blue Line de AstralPool, destacando por su eficacia asequible respaldada por la marca.<\/p>\n<p>Estos son los cuatro limpiafondos manuales.<\/p>\n<p>Consulta nuestros servicios pulsando <a href=\"https:\/\/www.piscilona.es\/es\/nuestros-servicios\">aqu\u00ed<\/a>.<\/p>\n<p>&nbsp;<\/p>\n","protected":false},"excerpt":{"rendered":"<p>Cuatro Limpiafondos Manuales para eliminar todo residuo de las paredes de tu piscina, con distintas formas para poder acomodarse a tu piscina.<\/p>\n","protected":false},"featured_media":5096,"template":"","meta":[],"product_brand":[],"product_cat":[203,72],"product_tag":[383,390,391],"class_list":{"0":"post-5095","1":"product","2":"type-product","3":"status-publish","4":"has-post-thumbnail","6":"product_cat-material-de-limpieza","7":"product_cat-limpieza","8":"product_tag-limpiafondos","9":"product_tag-limpiafondos-manuales","10":"product_tag-manuales","12":"first","13":"instock","14":"taxable","15":"shipping-taxable","16":"purchasable","17":"product-type-variable","18":"has-default-attributes"},"yoast_head":"<!-- This site is optimized with the Yoast SEO plugin v27.0 - https:\/\/yoast.com\/product\/yoast-seo-wordpress\/ -->\n<title>Limpiafondos Manuales - Piscilona<\/title>\n<meta name=\"description\" content=\"Cuatro Limpiafondos Manuales para eliminar todo residuo de las paredes de tu piscina, con distintas formas para poder acomodarse a tu piscina.\" \/>\n<meta name=\"robots\" content=\"index, follow, max-snippet:-1, max-image-preview:large, max-video-preview:-1\" \/>\n<link rel=\"canonical\" href=\"https:\/\/www.piscilona.es\/tienda\/producto\/limpiafondos-manuales\/\" \/>\n<meta property=\"og:locale\" content=\"es_ES\" \/>\n<meta property=\"og:type\" content=\"article\" \/>\n<meta property=\"og:title\" content=\"Limpiafondos Manuales - Piscilona\" \/>\n<meta property=\"og:description\" content=\"Cuatro Limpiafondos Manuales para eliminar todo residuo de las paredes de tu piscina, con distintas formas para poder acomodarse a tu piscina.\" \/>\n<meta property=\"og:url\" content=\"https:\/\/www.piscilona.es\/tienda\/producto\/limpiafondos-manuales\/\" \/>\n<meta property=\"og:site_name\" content=\"Piscilona\" \/>\n<meta property=\"article:modified_time\" content=\"2024-01-09T13:34:09+00:00\" \/>\n<meta property=\"og:image\" content=\"https:\/\/www.piscilona.es\/tienda\/wp-content\/uploads\/2024\/01\/741.jpeg\" \/>\n\t<meta property=\"og:image:width\" content=\"800\" \/>\n\t<meta property=\"og:image:height\" content=\"800\" \/>\n\t<meta property=\"og:image:type\" content=\"image\/jpeg\" \/>\n<meta name=\"twitter:card\" content=\"summary_large_image\" \/>\n<meta name=\"twitter:label1\" content=\"Tiempo de lectura\" \/>\n\t<meta name=\"twitter:data1\" content=\"2 minutos\" \/>\n<script type=\"application\/ld+json\" class=\"yoast-schema-graph\">{\"@context\":\"https:\/\/schema.org\",\"@graph\":[{\"@type\":\"WebPage\",\"@id\":\"https:\/\/www.piscilona.es\/tienda\/producto\/limpiafondos-manuales\/\",\"url\":\"https:\/\/www.piscilona.es\/tienda\/producto\/limpiafondos-manuales\/\",\"name\":\"Limpiafondos Manuales - Piscilona\",\"isPartOf\":{\"@id\":\"https:\/\/www.piscilona.es\/tienda\/#website\"},\"primaryImageOfPage\":{\"@id\":\"https:\/\/www.piscilona.es\/tienda\/producto\/limpiafondos-manuales\/#primaryimage\"},\"image\":{\"@id\":\"https:\/\/www.piscilona.es\/tienda\/producto\/limpiafondos-manuales\/#primaryimage\"},\"thumbnailUrl\":\"https:\/\/www.piscilona.es\/tienda\/wp-content\/uploads\/2024\/01\/741.jpeg\",\"datePublished\":\"2024-01-02T18:03:03+00:00\",\"dateModified\":\"2024-01-09T13:34:09+00:00\",\"description\":\"Cuatro Limpiafondos Manuales para eliminar todo residuo de las paredes de tu piscina, con distintas formas para poder acomodarse a tu piscina.\",\"breadcrumb\":{\"@id\":\"https:\/\/www.piscilona.es\/tienda\/producto\/limpiafondos-manuales\/#breadcrumb\"},\"inLanguage\":\"es\",\"potentialAction\":[{\"@type\":\"ReadAction\",\"target\":[\"https:\/\/www.piscilona.es\/tienda\/producto\/limpiafondos-manuales\/\"]}]},{\"@type\":\"ImageObject\",\"inLanguage\":\"es\",\"@id\":\"https:\/\/www.piscilona.es\/tienda\/producto\/limpiafondos-manuales\/#primaryimage\",\"url\":\"https:\/\/www.piscilona.es\/tienda\/wp-content\/uploads\/2024\/01\/741.jpeg\",\"contentUrl\":\"https:\/\/www.piscilona.es\/tienda\/wp-content\/uploads\/2024\/01\/741.jpeg\",\"width\":800,\"height\":800,\"caption\":\"Limpiafondos Manuales 1\"},{\"@type\":\"BreadcrumbList\",\"@id\":\"https:\/\/www.piscilona.es\/tienda\/producto\/limpiafondos-manuales\/#breadcrumb\",\"itemListElement\":[{\"@type\":\"ListItem\",\"position\":1,\"name\":\"Portada\",\"item\":\"https:\/\/www.piscilona.es\/tienda\/\"},{\"@type\":\"ListItem\",\"position\":2,\"name\":\"Tienda\",\"item\":\"https:\/\/www.piscilona.es\/tienda\/tienda\/\"},{\"@type\":\"ListItem\",\"position\":3,\"name\":\"Limpiafondos Manuales\"}]},{\"@type\":\"WebSite\",\"@id\":\"https:\/\/www.piscilona.es\/tienda\/#website\",\"url\":\"https:\/\/www.piscilona.es\/tienda\/\",\"name\":\"Piscilona\",\"description\":\"Piscilona\",\"potentialAction\":[{\"@type\":\"SearchAction\",\"target\":{\"@type\":\"EntryPoint\",\"urlTemplate\":\"https:\/\/www.piscilona.es\/tienda\/?s={search_term_string}\"},\"query-input\":{\"@type\":\"PropertyValueSpecification\",\"valueRequired\":true,\"valueName\":\"search_term_string\"}}],\"inLanguage\":\"es\"}]}<\/script>\n<!-- \/ Yoast SEO plugin. -->","yoast_head_json":{"title":"Limpiafondos Manuales - Piscilona","description":"Cuatro Limpiafondos Manuales para eliminar todo residuo de las paredes de tu piscina, con distintas formas para poder acomodarse a tu piscina.","robots":{"index":"index","follow":"follow","max-snippet":"max-snippet:-1","max-image-preview":"max-image-preview:large","max-video-preview":"max-video-preview:-1"},"canonical":"https:\/\/www.piscilona.es\/tienda\/producto\/limpiafondos-manuales\/","og_locale":"es_ES","og_type":"article","og_title":"Limpiafondos Manuales - Piscilona","og_description":"Cuatro Limpiafondos Manuales para eliminar todo residuo de las paredes de tu piscina, con distintas formas para poder acomodarse a tu piscina.","og_url":"https:\/\/www.piscilona.es\/tienda\/producto\/limpiafondos-manuales\/","og_site_name":"Piscilona","article_modified_time":"2024-01-09T13:34:09+00:00","og_image":[{"width":800,"height":800,"url":"https:\/\/www.piscilona.es\/tienda\/wp-content\/uploads\/2024\/01\/741.jpeg","type":"image\/jpeg"}],"twitter_card":"summary_large_image","twitter_misc":{"Tiempo de lectura":"2 minutos"},"schema":{"@context":"https:\/\/schema.org","@graph":[{"@type":"WebPage","@id":"https:\/\/www.piscilona.es\/tienda\/producto\/limpiafondos-manuales\/","url":"https:\/\/www.piscilona.es\/tienda\/producto\/limpiafondos-manuales\/","name":"Limpiafondos Manuales - Piscilona","isPartOf":{"@id":"https:\/\/www.piscilona.es\/tienda\/#website"},"primaryImageOfPage":{"@id":"https:\/\/www.piscilona.es\/tienda\/producto\/limpiafondos-manuales\/#primaryimage"},"image":{"@id":"https:\/\/www.piscilona.es\/tienda\/producto\/limpiafondos-manuales\/#primaryimage"},"thumbnailUrl":"https:\/\/www.piscilona.es\/tienda\/wp-content\/uploads\/2024\/01\/741.jpeg","datePublished":"2024-01-02T18:03:03+00:00","dateModified":"2024-01-09T13:34:09+00:00","description":"Cuatro Limpiafondos Manuales para eliminar todo residuo de las paredes de tu piscina, con distintas formas para poder acomodarse a tu piscina.","breadcrumb":{"@id":"https:\/\/www.piscilona.es\/tienda\/producto\/limpiafondos-manuales\/#breadcrumb"},"inLanguage":"es","potentialAction":[{"@type":"ReadAction","target":["https:\/\/www.piscilona.es\/tienda\/producto\/limpiafondos-manuales\/"]}]},{"@type":"ImageObject","inLanguage":"es","@id":"https:\/\/www.piscilona.es\/tienda\/producto\/limpiafondos-manuales\/#primaryimage","url":"https:\/\/www.piscilona.es\/tienda\/wp-content\/uploads\/2024\/01\/741.jpeg","contentUrl":"https:\/\/www.piscilona.es\/tienda\/wp-content\/uploads\/2024\/01\/741.jpeg","width":800,"height":800,"caption":"Limpiafondos Manuales 1"},{"@type":"BreadcrumbList","@id":"https:\/\/www.piscilona.es\/tienda\/producto\/limpiafondos-manuales\/#breadcrumb","itemListElement":[{"@type":"ListItem","position":1,"name":"Portada","item":"https:\/\/www.piscilona.es\/tienda\/"},{"@type":"ListItem","position":2,"name":"Tienda","item":"https:\/\/www.piscilona.es\/tienda\/tienda\/"},{"@type":"ListItem","position":3,"name":"Limpiafondos Manuales"}]},{"@type":"WebSite","@id":"https:\/\/www.piscilona.es\/tienda\/#website","url":"https:\/\/www.piscilona.es\/tienda\/","name":"Piscilona","description":"Piscilona","potentialAction":[{"@type":"SearchAction","target":{"@type":"EntryPoint","urlTemplate":"https:\/\/www.piscilona.es\/tienda\/?s={search_term_string}"},"query-input":{"@type":"PropertyValueSpecification","valueRequired":true,"valueName":"search_term_string"}}],"inLanguage":"es"}]}},"_links":{"self":[{"href":"https:\/\/www.piscilona.es\/tienda\/wp-json\/wp\/v2\/product\/5095","targetHints":{"allow":["GET"]}}],"collection":[{"href":"https:\/\/www.piscilona.es\/tienda\/wp-json\/wp\/v2\/product"}],"about":[{"href":"https:\/\/www.piscilona.es\/tienda\/wp-json\/wp\/v2\/types\/product"}],"version-history":[{"count":0,"href":"https:\/\/www.piscilona.es\/tienda\/wp-json\/wp\/v2\/product\/5095\/revisions"}],"wp:featuredmedia":[{"embeddable":true,"href":"https:\/\/www.piscilona.es\/tienda\/wp-json\/wp\/v2\/media\/5096"}],"wp:attachment":[{"href":"https:\/\/www.piscilona.es\/tienda\/wp-json\/wp\/v2\/media?parent=5095"}],"wp:term":[{"taxonomy":"product_brand","embeddable":true,"href":"https:\/\/www.piscilona.es\/tienda\/wp-json\/wp\/v2\/product_brand?post=5095"},{"taxonomy":"product_cat","embeddable":true,"href":"https:\/\/www.piscilona.es\/tienda\/wp-json\/wp\/v2\/product_cat?post=5095"},{"taxonomy":"product_tag","embeddable":true,"href":"https:\/\/www.piscilona.es\/tienda\/wp-json\/wp\/v2\/product_tag?post=5095"}],"curies":[{"name":"wp","href":"https:\/\/api.w.org\/{rel}","templated":true}]}}