{"id":5145,"date":"2026-01-08T14:24:22","date_gmt":"2026-01-08T14:24:22","guid":{"rendered":"https:\/\/www.piscilona.es\/tienda\/?post_type=product&#038;p=5145"},"modified":"2026-02-18T14:03:20","modified_gmt":"2026-02-18T14:03:20","slug":"soporte-pared-blueline","status":"publish","type":"product","link":"https:\/\/www.piscilona.es\/tienda\/producto\/soporte-pared-blueline\/","title":{"rendered":"Soporte Pared BlueLine"},"content":{"rendered":"<p><strong>Caracter\u00edsticas Soporte Pared BlueLine<\/strong><\/p>\n<p>El <strong>Soporte de Fijaci\u00f3n de Pared para Accesorios Blue Line<\/strong> de AstralPool es la soluci\u00f3n ideal para mantener tu piscina ordenada y el equipo de limpieza siempre a mano. Este soporte mural, parte de la serie Blue Line, ha sido dise\u00f1ado para ofrecer m\u00e1xima comodidad y eficacia en el almacenamiento de diversos accesorios.<\/p>\n<p>Con capacidad para hasta 5 accesorios Blue Line con sistema de conexi\u00f3n clip, 2 p\u00e9rtigas o mangos Blue Line, y 1 manguera autoflotante, este soporte maximiza el espacio de almacenamiento y asegura que todo el equipo est\u00e9 ordenado y accesible.<\/p>\n<p>Su dise\u00f1o mural permite una instalaci\u00f3n sencilla y r\u00e1pida. Solo necesitas fijarlo a la pared f\u00e1cilmente, y estar\u00e1s listo para almacenar c\u00f3modamente mangos y accesorios, manteniendo un \u00e1rea de la piscina limpia y organizada.<\/p>\n<p>Adem\u00e1s eficiencia y practicidad se combinan con este soporte, ofreciendo una soluci\u00f3n completa para las tareas b\u00e1sicas de mantenimiento de la piscina. La garant\u00eda AstralPool respalda la durabilidad y confiabilidad del soporte, asegurando una inversi\u00f3n que valdr\u00e1 la pena con el tiempo.<\/p>\n<p>Por eso formando parte de la serie Blue Line de accesorios AstralPool, este soporte se integra perfectamente con otros productos del grupo, brindando una soluci\u00f3n completa y estilizada para el mantenimiento de piscinas. Con AstralPool, mant\u00e9n tu piscina organizada y lista para disfrutar sin complicaciones.<\/p>\n<p>Adem\u00e1s puedes consultar nuestros servicios pulsando <a href=\"https:\/\/www.piscilona.es\/es\/nuestros-servicios\">aqu\u00ed<\/a>.<\/p>\n","protected":false},"excerpt":{"rendered":"<p>Este Soporte de pared de la gama BlueLine sirve para una vez empotrado puedas colocar cada uno de los dispositivos de limpieza y tenerlos siempre ordenados y preparados para su uso.<\/p>\n","protected":false},"featured_media":5146,"template":"","meta":[],"product_brand":[],"product_cat":[203,72],"product_tag":[411,406,415,414,396,246,413,412],"class_list":{"0":"post-5145","1":"product","2":"type-product","3":"status-publish","4":"has-post-thumbnail","6":"product_cat-material-de-limpieza","7":"product_cat-limpieza","8":"product_tag-blue-line","9":"product_tag-blueline","10":"product_tag-colgar","11":"product_tag-cuelga","12":"product_tag-pared","13":"product_tag-soporte","14":"product_tag-soporte-pared","15":"product_tag-soporte-pared-blueline","17":"first","18":"instock","19":"taxable","20":"shipping-taxable","21":"purchasable","22":"product-type-simple"},"yoast_head":"<!-- This site is optimized with the Yoast SEO plugin v27.0 - https:\/\/yoast.com\/product\/yoast-seo-wordpress\/ -->\n<title>Soporte Pared BlueLine - Piscilona<\/title>\n<meta name=\"description\" content=\"Este Soporte de pared de la gama BlueLine sirve para una vez empotrado puedas colocar cada uno de los dispositivos de limpieza y tenerlos siempre ordenados.\" \/>\n<meta name=\"robots\" content=\"index, follow, max-snippet:-1, max-image-preview:large, max-video-preview:-1\" \/>\n<link rel=\"canonical\" href=\"https:\/\/www.piscilona.es\/tienda\/producto\/soporte-pared-blueline\/\" \/>\n<meta property=\"og:locale\" content=\"es_ES\" \/>\n<meta property=\"og:type\" content=\"article\" \/>\n<meta property=\"og:title\" content=\"Soporte Pared BlueLine - Piscilona\" \/>\n<meta property=\"og:description\" content=\"Este Soporte de pared de la gama BlueLine sirve para una vez empotrado puedas colocar cada uno de los dispositivos de limpieza y tenerlos siempre ordenados.\" \/>\n<meta property=\"og:url\" content=\"https:\/\/www.piscilona.es\/tienda\/producto\/soporte-pared-blueline\/\" \/>\n<meta property=\"og:site_name\" content=\"Piscilona\" \/>\n<meta property=\"article:modified_time\" content=\"2026-02-18T14:03:20+00:00\" \/>\n<meta property=\"og:image\" content=\"https:\/\/www.piscilona.es\/tienda\/wp-content\/uploads\/2024\/01\/781.jpeg\" \/>\n\t<meta property=\"og:image:width\" content=\"800\" \/>\n\t<meta property=\"og:image:height\" content=\"800\" \/>\n\t<meta property=\"og:image:type\" content=\"image\/jpeg\" \/>\n<meta name=\"twitter:card\" content=\"summary_large_image\" \/>\n<meta name=\"twitter:label1\" content=\"Tiempo de lectura\" \/>\n\t<meta name=\"twitter:data1\" content=\"2 minutos\" \/>\n<script type=\"application\/ld+json\" class=\"yoast-schema-graph\">{\"@context\":\"https:\/\/schema.org\",\"@graph\":[{\"@type\":\"WebPage\",\"@id\":\"https:\/\/www.piscilona.es\/tienda\/producto\/soporte-pared-blueline\/\",\"url\":\"https:\/\/www.piscilona.es\/tienda\/producto\/soporte-pared-blueline\/\",\"name\":\"Soporte Pared BlueLine - Piscilona\",\"isPartOf\":{\"@id\":\"https:\/\/www.piscilona.es\/tienda\/#website\"},\"primaryImageOfPage\":{\"@id\":\"https:\/\/www.piscilona.es\/tienda\/producto\/soporte-pared-blueline\/#primaryimage\"},\"image\":{\"@id\":\"https:\/\/www.piscilona.es\/tienda\/producto\/soporte-pared-blueline\/#primaryimage\"},\"thumbnailUrl\":\"https:\/\/www.piscilona.es\/tienda\/wp-content\/uploads\/2024\/01\/781.jpeg\",\"datePublished\":\"2026-01-08T14:24:22+00:00\",\"dateModified\":\"2026-02-18T14:03:20+00:00\",\"description\":\"Este Soporte de pared de la gama BlueLine sirve para una vez empotrado puedas colocar cada uno de los dispositivos de limpieza y tenerlos siempre ordenados.\",\"breadcrumb\":{\"@id\":\"https:\/\/www.piscilona.es\/tienda\/producto\/soporte-pared-blueline\/#breadcrumb\"},\"inLanguage\":\"es\",\"potentialAction\":[{\"@type\":\"ReadAction\",\"target\":[\"https:\/\/www.piscilona.es\/tienda\/producto\/soporte-pared-blueline\/\"]}]},{\"@type\":\"ImageObject\",\"inLanguage\":\"es\",\"@id\":\"https:\/\/www.piscilona.es\/tienda\/producto\/soporte-pared-blueline\/#primaryimage\",\"url\":\"https:\/\/www.piscilona.es\/tienda\/wp-content\/uploads\/2024\/01\/781.jpeg\",\"contentUrl\":\"https:\/\/www.piscilona.es\/tienda\/wp-content\/uploads\/2024\/01\/781.jpeg\",\"width\":800,\"height\":800,\"caption\":\"Soporte Pared BlueLine\"},{\"@type\":\"BreadcrumbList\",\"@id\":\"https:\/\/www.piscilona.es\/tienda\/producto\/soporte-pared-blueline\/#breadcrumb\",\"itemListElement\":[{\"@type\":\"ListItem\",\"position\":1,\"name\":\"Portada\",\"item\":\"https:\/\/www.piscilona.es\/tienda\/\"},{\"@type\":\"ListItem\",\"position\":2,\"name\":\"Tienda\",\"item\":\"https:\/\/www.piscilona.es\/tienda\/tienda\/\"},{\"@type\":\"ListItem\",\"position\":3,\"name\":\"Soporte Pared BlueLine\"}]},{\"@type\":\"WebSite\",\"@id\":\"https:\/\/www.piscilona.es\/tienda\/#website\",\"url\":\"https:\/\/www.piscilona.es\/tienda\/\",\"name\":\"Piscilona\",\"description\":\"Piscilona\",\"potentialAction\":[{\"@type\":\"SearchAction\",\"target\":{\"@type\":\"EntryPoint\",\"urlTemplate\":\"https:\/\/www.piscilona.es\/tienda\/?s={search_term_string}\"},\"query-input\":{\"@type\":\"PropertyValueSpecification\",\"valueRequired\":true,\"valueName\":\"search_term_string\"}}],\"inLanguage\":\"es\"}]}<\/script>\n<!-- \/ Yoast SEO plugin. -->","yoast_head_json":{"title":"Soporte Pared BlueLine - Piscilona","description":"Este Soporte de pared de la gama BlueLine sirve para una vez empotrado puedas colocar cada uno de los dispositivos de limpieza y tenerlos siempre ordenados.","robots":{"index":"index","follow":"follow","max-snippet":"max-snippet:-1","max-image-preview":"max-image-preview:large","max-video-preview":"max-video-preview:-1"},"canonical":"https:\/\/www.piscilona.es\/tienda\/producto\/soporte-pared-blueline\/","og_locale":"es_ES","og_type":"article","og_title":"Soporte Pared BlueLine - Piscilona","og_description":"Este Soporte de pared de la gama BlueLine sirve para una vez empotrado puedas colocar cada uno de los dispositivos de limpieza y tenerlos siempre ordenados.","og_url":"https:\/\/www.piscilona.es\/tienda\/producto\/soporte-pared-blueline\/","og_site_name":"Piscilona","article_modified_time":"2026-02-18T14:03:20+00:00","og_image":[{"width":800,"height":800,"url":"https:\/\/www.piscilona.es\/tienda\/wp-content\/uploads\/2024\/01\/781.jpeg","type":"image\/jpeg"}],"twitter_card":"summary_large_image","twitter_misc":{"Tiempo de lectura":"2 minutos"},"schema":{"@context":"https:\/\/schema.org","@graph":[{"@type":"WebPage","@id":"https:\/\/www.piscilona.es\/tienda\/producto\/soporte-pared-blueline\/","url":"https:\/\/www.piscilona.es\/tienda\/producto\/soporte-pared-blueline\/","name":"Soporte Pared BlueLine - Piscilona","isPartOf":{"@id":"https:\/\/www.piscilona.es\/tienda\/#website"},"primaryImageOfPage":{"@id":"https:\/\/www.piscilona.es\/tienda\/producto\/soporte-pared-blueline\/#primaryimage"},"image":{"@id":"https:\/\/www.piscilona.es\/tienda\/producto\/soporte-pared-blueline\/#primaryimage"},"thumbnailUrl":"https:\/\/www.piscilona.es\/tienda\/wp-content\/uploads\/2024\/01\/781.jpeg","datePublished":"2026-01-08T14:24:22+00:00","dateModified":"2026-02-18T14:03:20+00:00","description":"Este Soporte de pared de la gama BlueLine sirve para una vez empotrado puedas colocar cada uno de los dispositivos de limpieza y tenerlos siempre ordenados.","breadcrumb":{"@id":"https:\/\/www.piscilona.es\/tienda\/producto\/soporte-pared-blueline\/#breadcrumb"},"inLanguage":"es","potentialAction":[{"@type":"ReadAction","target":["https:\/\/www.piscilona.es\/tienda\/producto\/soporte-pared-blueline\/"]}]},{"@type":"ImageObject","inLanguage":"es","@id":"https:\/\/www.piscilona.es\/tienda\/producto\/soporte-pared-blueline\/#primaryimage","url":"https:\/\/www.piscilona.es\/tienda\/wp-content\/uploads\/2024\/01\/781.jpeg","contentUrl":"https:\/\/www.piscilona.es\/tienda\/wp-content\/uploads\/2024\/01\/781.jpeg","width":800,"height":800,"caption":"Soporte Pared BlueLine"},{"@type":"BreadcrumbList","@id":"https:\/\/www.piscilona.es\/tienda\/producto\/soporte-pared-blueline\/#breadcrumb","itemListElement":[{"@type":"ListItem","position":1,"name":"Portada","item":"https:\/\/www.piscilona.es\/tienda\/"},{"@type":"ListItem","position":2,"name":"Tienda","item":"https:\/\/www.piscilona.es\/tienda\/tienda\/"},{"@type":"ListItem","position":3,"name":"Soporte Pared BlueLine"}]},{"@type":"WebSite","@id":"https:\/\/www.piscilona.es\/tienda\/#website","url":"https:\/\/www.piscilona.es\/tienda\/","name":"Piscilona","description":"Piscilona","potentialAction":[{"@type":"SearchAction","target":{"@type":"EntryPoint","urlTemplate":"https:\/\/www.piscilona.es\/tienda\/?s={search_term_string}"},"query-input":{"@type":"PropertyValueSpecification","valueRequired":true,"valueName":"search_term_string"}}],"inLanguage":"es"}]}},"_links":{"self":[{"href":"https:\/\/www.piscilona.es\/tienda\/wp-json\/wp\/v2\/product\/5145","targetHints":{"allow":["GET"]}}],"collection":[{"href":"https:\/\/www.piscilona.es\/tienda\/wp-json\/wp\/v2\/product"}],"about":[{"href":"https:\/\/www.piscilona.es\/tienda\/wp-json\/wp\/v2\/types\/product"}],"version-history":[{"count":1,"href":"https:\/\/www.piscilona.es\/tienda\/wp-json\/wp\/v2\/product\/5145\/revisions"}],"predecessor-version":[{"id":6617,"href":"https:\/\/www.piscilona.es\/tienda\/wp-json\/wp\/v2\/product\/5145\/revisions\/6617"}],"wp:featuredmedia":[{"embeddable":true,"href":"https:\/\/www.piscilona.es\/tienda\/wp-json\/wp\/v2\/media\/5146"}],"wp:attachment":[{"href":"https:\/\/www.piscilona.es\/tienda\/wp-json\/wp\/v2\/media?parent=5145"}],"wp:term":[{"taxonomy":"product_brand","embeddable":true,"href":"https:\/\/www.piscilona.es\/tienda\/wp-json\/wp\/v2\/product_brand?post=5145"},{"taxonomy":"product_cat","embeddable":true,"href":"https:\/\/www.piscilona.es\/tienda\/wp-json\/wp\/v2\/product_cat?post=5145"},{"taxonomy":"product_tag","embeddable":true,"href":"https:\/\/www.piscilona.es\/tienda\/wp-json\/wp\/v2\/product_tag?post=5145"}],"curies":[{"name":"wp","href":"https:\/\/api.w.org\/{rel}","templated":true}]}}