{"id":5572,"date":"2025-12-01T09:26:27","date_gmt":"2025-12-01T09:26:27","guid":{"rendered":"https:\/\/www.piscilona.es\/tienda\/?post_type=product&#038;p=5572"},"modified":"2025-12-01T13:48:28","modified_gmt":"2025-12-01T13:48:28","slug":"antiespumante-ctx-932","status":"publish","type":"product","link":"https:\/\/www.piscilona.es\/tienda\/producto\/antiespumante-ctx-932\/","title":{"rendered":"Antiespumante CTX 932"},"content":{"rendered":"<div class=\"flex-1 overflow-hidden\">\n<div class=\"react-scroll-to-bottom--css-mnjqk-79elbk h-full\">\n<div class=\"react-scroll-to-bottom--css-mnjqk-1n7m0yu\">\n<div class=\"flex flex-col pb-9 text-sm\">\n<div class=\"w-full text-token-text-primary\" data-testid=\"conversation-turn-86\">\n<div class=\"px-4 py-2 justify-center text-base md:gap-6 m-auto\">\n<div class=\"flex flex-1 text-base mx-auto gap-3 md:px-5 lg:px-1 xl:px-5 md:max-w-3xl lg:max-w-[40rem] xl:max-w-[48rem] group final-completion\">\n<div class=\"relative flex w-full flex-col lg:w-[calc(100%-115px)] agent-turn\">\n<div class=\"flex-col gap-1 md:gap-3\">\n<div class=\"flex flex-grow flex-col max-w-full\">\n<div class=\"min-h-[20px] text-message flex flex-col items-start gap-3 whitespace-pre-wrap break-words [.text-message+&amp;]:mt-5 overflow-x-auto\" data-message-author-role=\"assistant\" data-message-id=\"4527eb31-53ef-44d4-a1a5-6f7c86bda2b1\">\n<div class=\"markdown prose w-full break-words dark:prose-invert dark\">\n<p><strong>&#8220;Antiespumante CTX 932&#8243;: Acaba con la Espuma, Disfruta tu Piscina&#8221;. Pack ahorro 6 envases de 1 litro.<\/strong><\/p>\n<p>Antiespumante CTX 932 es un producto altamente eficaz dise\u00f1ado para eliminar r\u00e1pidamente la espuma en piscinas y spas. CTX 932 act\u00faa descomponiendo la espuma, restaurando la claridad y la belleza natural del agua. Es ideal para piscinas dom\u00e9sticas, p\u00fablicas y spas, garantizando un entorno de ba\u00f1o m\u00e1s placentero y visualmente atractivo.<\/p>\n<p><strong>Principales Caracter\u00edsticas:<\/strong> \u2022 Elimina efectivamente la espuma de la superficie del agua. \u2022 Apto para piscinas y spas de todo tipo. \u2022 R\u00e1pido y f\u00e1cil de aplicar. \u2022 No altera el pH ni otros par\u00e1metros del agua.<\/p>\n<p><strong>Uso F\u00e1cil:<\/strong> La aplicaci\u00f3n de Antiespumante CTX 932 es simple y r\u00e1pida. Se debe agregar el producto directamente sobre la superficie de la piscina o el spa en las \u00e1reas donde se observe espuma. Act\u00faa instant\u00e1neamente, reduciendo la espuma y mejorando la calidad del agua.<\/p>\n<p><strong>100% Resultados:<\/strong> Con Antiespumante, disfrutar\u00e1s de una piscina o spa sin espuma y visualmente limpia. Su acci\u00f3n r\u00e1pida y eficiente garantiza la eliminaci\u00f3n de la espuma, permitiendo que el agua recupere su estado natural y transparente. Este producto es esencial para mantener el agua de tu piscina o spa en perfectas condiciones, ofreciendo un ambiente acu\u00e1tico m\u00e1s agradable y seguro para todos los usuarios.<\/p>\n<p>Adem\u00e1s, puedes consultar nuestros servicios pulsando <a href=\"https:\/\/www.piscilona.es\/es\/nuestros-servicios\" target=\"_blank\" rel=\"noopener\">aqu\u00ed<\/a>.<\/p>\n<\/div>\n<\/div>\n<\/div>\n<\/div>\n<\/div>\n<\/div>\n<\/div>\n<\/div>\n<\/div>\n<\/div>\n<\/div>\n<\/div>\n<div class=\"w-full pt-2 md:pt-0 dark:border-white\/20 md:border-transparent md:dark:border-transparent md:w-[calc(100%-.5rem)]\">\n<div class=\"relative flex h-full flex-1 items-stretch md:flex-col\">\n<div class=\"flex w-full items-center\"><\/div>\n<\/div>\n<\/div>\n","protected":false},"excerpt":{"rendered":"<p>Antiespumante CTX 932 es un producto altamente eficaz dise\u00f1ado para eliminar r\u00e1pidamente la espuma en piscinas y spas. Esta espuma puede ser causada por residuos de productos corporales, cosm\u00e9ticos o un exceso de ciertos productos qu\u00edmicos en el agua. Pack ahorro 6 envases de 1 litro.<\/p>\n","protected":false},"featured_media":5573,"template":"","meta":[],"product_brand":[],"product_cat":[378,81],"product_tag":[600,599],"class_list":{"0":"post-5572","1":"product","2":"type-product","3":"status-publish","4":"has-post-thumbnail","6":"product_cat-productos-especiales","7":"product_cat-productos-quimicos","8":"product_tag-jacuzzi","9":"product_tag-spa","11":"first","12":"instock","13":"taxable","14":"shipping-taxable","15":"purchasable","16":"product-type-simple"},"yoast_head":"<!-- This site is optimized with the Yoast SEO plugin v27.0 - https:\/\/yoast.com\/product\/yoast-seo-wordpress\/ -->\n<title>Antiespumante CTX 932 - Piscilona<\/title>\n<meta name=\"description\" content=\"Antiespumante CTX 932 es un producto altamente eficaz dise\u00f1ado para eliminar r\u00e1pidamente la espuma en piscinas y spas de todo tipo.\" \/>\n<meta name=\"robots\" content=\"index, follow, max-snippet:-1, max-image-preview:large, max-video-preview:-1\" \/>\n<link rel=\"canonical\" href=\"https:\/\/www.piscilona.es\/tienda\/producto\/antiespumante-ctx-932\/\" \/>\n<meta property=\"og:locale\" content=\"es_ES\" \/>\n<meta property=\"og:type\" content=\"article\" \/>\n<meta property=\"og:title\" content=\"Antiespumante CTX 932 - Piscilona\" \/>\n<meta property=\"og:description\" content=\"Antiespumante CTX 932 es un producto altamente eficaz dise\u00f1ado para eliminar r\u00e1pidamente la espuma en piscinas y spas de todo tipo.\" \/>\n<meta property=\"og:url\" content=\"https:\/\/www.piscilona.es\/tienda\/producto\/antiespumante-ctx-932\/\" \/>\n<meta property=\"og:site_name\" content=\"Piscilona\" \/>\n<meta property=\"article:modified_time\" content=\"2025-12-01T13:48:28+00:00\" \/>\n<meta property=\"og:image\" content=\"https:\/\/www.piscilona.es\/tienda\/wp-content\/uploads\/2024\/01\/2011.png\" \/>\n\t<meta property=\"og:image:width\" content=\"700\" \/>\n\t<meta property=\"og:image:height\" content=\"800\" \/>\n\t<meta property=\"og:image:type\" content=\"image\/png\" \/>\n<meta name=\"twitter:card\" content=\"summary_large_image\" \/>\n<meta name=\"twitter:label1\" content=\"Tiempo de lectura\" \/>\n\t<meta name=\"twitter:data1\" content=\"2 minutos\" \/>\n<script type=\"application\/ld+json\" class=\"yoast-schema-graph\">{\"@context\":\"https:\/\/schema.org\",\"@graph\":[{\"@type\":\"WebPage\",\"@id\":\"https:\/\/www.piscilona.es\/tienda\/producto\/antiespumante-ctx-932\/\",\"url\":\"https:\/\/www.piscilona.es\/tienda\/producto\/antiespumante-ctx-932\/\",\"name\":\"Antiespumante CTX 932 - Piscilona\",\"isPartOf\":{\"@id\":\"https:\/\/www.piscilona.es\/tienda\/#website\"},\"primaryImageOfPage\":{\"@id\":\"https:\/\/www.piscilona.es\/tienda\/producto\/antiespumante-ctx-932\/#primaryimage\"},\"image\":{\"@id\":\"https:\/\/www.piscilona.es\/tienda\/producto\/antiespumante-ctx-932\/#primaryimage\"},\"thumbnailUrl\":\"https:\/\/www.piscilona.es\/tienda\/wp-content\/uploads\/2024\/01\/2011.png\",\"datePublished\":\"2025-12-01T09:26:27+00:00\",\"dateModified\":\"2025-12-01T13:48:28+00:00\",\"description\":\"Antiespumante CTX 932 es un producto altamente eficaz dise\u00f1ado para eliminar r\u00e1pidamente la espuma en piscinas y spas de todo tipo.\",\"breadcrumb\":{\"@id\":\"https:\/\/www.piscilona.es\/tienda\/producto\/antiespumante-ctx-932\/#breadcrumb\"},\"inLanguage\":\"es\",\"potentialAction\":[{\"@type\":\"ReadAction\",\"target\":[\"https:\/\/www.piscilona.es\/tienda\/producto\/antiespumante-ctx-932\/\"]}]},{\"@type\":\"ImageObject\",\"inLanguage\":\"es\",\"@id\":\"https:\/\/www.piscilona.es\/tienda\/producto\/antiespumante-ctx-932\/#primaryimage\",\"url\":\"https:\/\/www.piscilona.es\/tienda\/wp-content\/uploads\/2024\/01\/2011.png\",\"contentUrl\":\"https:\/\/www.piscilona.es\/tienda\/wp-content\/uploads\/2024\/01\/2011.png\",\"width\":700,\"height\":800,\"caption\":\"Antiespumante CTX 932\"},{\"@type\":\"BreadcrumbList\",\"@id\":\"https:\/\/www.piscilona.es\/tienda\/producto\/antiespumante-ctx-932\/#breadcrumb\",\"itemListElement\":[{\"@type\":\"ListItem\",\"position\":1,\"name\":\"Portada\",\"item\":\"https:\/\/www.piscilona.es\/tienda\/\"},{\"@type\":\"ListItem\",\"position\":2,\"name\":\"Tienda\",\"item\":\"https:\/\/www.piscilona.es\/tienda\/tienda\/\"},{\"@type\":\"ListItem\",\"position\":3,\"name\":\"Antiespumante CTX 932\"}]},{\"@type\":\"WebSite\",\"@id\":\"https:\/\/www.piscilona.es\/tienda\/#website\",\"url\":\"https:\/\/www.piscilona.es\/tienda\/\",\"name\":\"Piscilona\",\"description\":\"Piscilona\",\"potentialAction\":[{\"@type\":\"SearchAction\",\"target\":{\"@type\":\"EntryPoint\",\"urlTemplate\":\"https:\/\/www.piscilona.es\/tienda\/?s={search_term_string}\"},\"query-input\":{\"@type\":\"PropertyValueSpecification\",\"valueRequired\":true,\"valueName\":\"search_term_string\"}}],\"inLanguage\":\"es\"}]}<\/script>\n<!-- \/ Yoast SEO plugin. -->","yoast_head_json":{"title":"Antiespumante CTX 932 - Piscilona","description":"Antiespumante CTX 932 es un producto altamente eficaz dise\u00f1ado para eliminar r\u00e1pidamente la espuma en piscinas y spas de todo tipo.","robots":{"index":"index","follow":"follow","max-snippet":"max-snippet:-1","max-image-preview":"max-image-preview:large","max-video-preview":"max-video-preview:-1"},"canonical":"https:\/\/www.piscilona.es\/tienda\/producto\/antiespumante-ctx-932\/","og_locale":"es_ES","og_type":"article","og_title":"Antiespumante CTX 932 - Piscilona","og_description":"Antiespumante CTX 932 es un producto altamente eficaz dise\u00f1ado para eliminar r\u00e1pidamente la espuma en piscinas y spas de todo tipo.","og_url":"https:\/\/www.piscilona.es\/tienda\/producto\/antiespumante-ctx-932\/","og_site_name":"Piscilona","article_modified_time":"2025-12-01T13:48:28+00:00","og_image":[{"width":700,"height":800,"url":"https:\/\/www.piscilona.es\/tienda\/wp-content\/uploads\/2024\/01\/2011.png","type":"image\/png"}],"twitter_card":"summary_large_image","twitter_misc":{"Tiempo de lectura":"2 minutos"},"schema":{"@context":"https:\/\/schema.org","@graph":[{"@type":"WebPage","@id":"https:\/\/www.piscilona.es\/tienda\/producto\/antiespumante-ctx-932\/","url":"https:\/\/www.piscilona.es\/tienda\/producto\/antiespumante-ctx-932\/","name":"Antiespumante CTX 932 - Piscilona","isPartOf":{"@id":"https:\/\/www.piscilona.es\/tienda\/#website"},"primaryImageOfPage":{"@id":"https:\/\/www.piscilona.es\/tienda\/producto\/antiespumante-ctx-932\/#primaryimage"},"image":{"@id":"https:\/\/www.piscilona.es\/tienda\/producto\/antiespumante-ctx-932\/#primaryimage"},"thumbnailUrl":"https:\/\/www.piscilona.es\/tienda\/wp-content\/uploads\/2024\/01\/2011.png","datePublished":"2025-12-01T09:26:27+00:00","dateModified":"2025-12-01T13:48:28+00:00","description":"Antiespumante CTX 932 es un producto altamente eficaz dise\u00f1ado para eliminar r\u00e1pidamente la espuma en piscinas y spas de todo tipo.","breadcrumb":{"@id":"https:\/\/www.piscilona.es\/tienda\/producto\/antiespumante-ctx-932\/#breadcrumb"},"inLanguage":"es","potentialAction":[{"@type":"ReadAction","target":["https:\/\/www.piscilona.es\/tienda\/producto\/antiespumante-ctx-932\/"]}]},{"@type":"ImageObject","inLanguage":"es","@id":"https:\/\/www.piscilona.es\/tienda\/producto\/antiespumante-ctx-932\/#primaryimage","url":"https:\/\/www.piscilona.es\/tienda\/wp-content\/uploads\/2024\/01\/2011.png","contentUrl":"https:\/\/www.piscilona.es\/tienda\/wp-content\/uploads\/2024\/01\/2011.png","width":700,"height":800,"caption":"Antiespumante CTX 932"},{"@type":"BreadcrumbList","@id":"https:\/\/www.piscilona.es\/tienda\/producto\/antiespumante-ctx-932\/#breadcrumb","itemListElement":[{"@type":"ListItem","position":1,"name":"Portada","item":"https:\/\/www.piscilona.es\/tienda\/"},{"@type":"ListItem","position":2,"name":"Tienda","item":"https:\/\/www.piscilona.es\/tienda\/tienda\/"},{"@type":"ListItem","position":3,"name":"Antiespumante CTX 932"}]},{"@type":"WebSite","@id":"https:\/\/www.piscilona.es\/tienda\/#website","url":"https:\/\/www.piscilona.es\/tienda\/","name":"Piscilona","description":"Piscilona","potentialAction":[{"@type":"SearchAction","target":{"@type":"EntryPoint","urlTemplate":"https:\/\/www.piscilona.es\/tienda\/?s={search_term_string}"},"query-input":{"@type":"PropertyValueSpecification","valueRequired":true,"valueName":"search_term_string"}}],"inLanguage":"es"}]}},"_links":{"self":[{"href":"https:\/\/www.piscilona.es\/tienda\/wp-json\/wp\/v2\/product\/5572","targetHints":{"allow":["GET"]}}],"collection":[{"href":"https:\/\/www.piscilona.es\/tienda\/wp-json\/wp\/v2\/product"}],"about":[{"href":"https:\/\/www.piscilona.es\/tienda\/wp-json\/wp\/v2\/types\/product"}],"version-history":[{"count":0,"href":"https:\/\/www.piscilona.es\/tienda\/wp-json\/wp\/v2\/product\/5572\/revisions"}],"wp:featuredmedia":[{"embeddable":true,"href":"https:\/\/www.piscilona.es\/tienda\/wp-json\/wp\/v2\/media\/5573"}],"wp:attachment":[{"href":"https:\/\/www.piscilona.es\/tienda\/wp-json\/wp\/v2\/media?parent=5572"}],"wp:term":[{"taxonomy":"product_brand","embeddable":true,"href":"https:\/\/www.piscilona.es\/tienda\/wp-json\/wp\/v2\/product_brand?post=5572"},{"taxonomy":"product_cat","embeddable":true,"href":"https:\/\/www.piscilona.es\/tienda\/wp-json\/wp\/v2\/product_cat?post=5572"},{"taxonomy":"product_tag","embeddable":true,"href":"https:\/\/www.piscilona.es\/tienda\/wp-json\/wp\/v2\/product_tag?post=5572"}],"curies":[{"name":"wp","href":"https:\/\/api.w.org\/{rel}","templated":true}]}}