{"id":5589,"date":"2024-01-22T10:11:10","date_gmt":"2024-01-22T10:11:10","guid":{"rendered":"https:\/\/www.piscilona.es\/tienda\/?post_type=product&#038;p=5589"},"modified":"2024-01-22T10:26:12","modified_gmt":"2024-01-22T10:26:12","slug":"blue-check-tiras-analiticas","status":"publish","type":"product","link":"https:\/\/www.piscilona.es\/tienda\/producto\/blue-check-tiras-analiticas\/","title":{"rendered":"Blue Check Tiras Anal\u00edticas"},"content":{"rendered":"<p><strong>&#8220;Blue Check Tiras Anal\u00edticas&#8221;: Medici\u00f3n Exacta, Agua Perfecta<\/strong><\/p>\n<p>Las Blue Check Tiras Anal\u00edticas son una herramienta esencial y pr\u00e1ctica para el mantenimiento eficiente de la calidad del agua en piscinas y spas. Estas tiras de prueba ofrecen una manera r\u00e1pida y f\u00e1cil de medir los niveles de pH, cloro, alcalinidad y otros par\u00e1metros qu\u00edmicos importantes. Su dise\u00f1o intuitivo y la precisi\u00f3n de los resultados hacen de las Blue Check una opci\u00f3n confiable para propietarios de piscinas y spas que buscan mantener el agua en condiciones \u00f3ptimas para el ba\u00f1o.<\/p>\n<p><strong>Principales Caracter\u00edsticas:<\/strong> \u2022 Medici\u00f3n precisa de pH, cloro, alcalinidad y otros par\u00e1metros. \u2022 F\u00e1cil de usar, resultados r\u00e1pidos y fiables. \u2022 Adecuadas para piscinas y spas de cualquier tama\u00f1o. \u2022 Ayudan a mantener el agua segura y en equilibrio.<\/p>\n<p><strong>Uso F\u00e1cil:<\/strong> Utilizar las Blue Check Tiras Anal\u00edticas es sumamente sencillo. Simplemente sumerge una tira en el agua y compara los colores resultantes con la escala proporcionada. En segundos, obtendr\u00e1s una lectura precisa de los niveles qu\u00edmicos del agua.<\/p>\n<p><strong>100% Resultados:<\/strong> Con las Blue Check, podr\u00e1s asegurarte de que el agua de tu piscina o spa se mantiene en el estado ideal. Estas tiras te permiten realizar ajustes qu\u00edmicos precisos, garantizando un ambiente de ba\u00f1o seguro y agradable. Son una herramienta indispensable para el mantenimiento rutinario del agua, proporcionando tranquilidad y seguridad a todos los usuarios. Las Blue Check son la clave para un cuidado f\u00e1cil y efectivo de tu piscina o spa.<\/p>\n<p>Adem\u00e1s son 50 tiras anal\u00edticas.<\/p>\n<p>Adem\u00e1s, puedes consultar nuestros servicios pulsando <a href=\"https:\/\/www.piscilona.es\/es\/nuestros-servicios\" target=\"_blank\" rel=\"noopener\">aqu\u00ed<\/a>.<\/p>\n","protected":false},"excerpt":{"rendered":"<p>Estas tiras de prueba ofrecen una manera r\u00e1pida y f\u00e1cil de medir los niveles de pH, cloro, alcalinidad y otros par\u00e1metros qu\u00edmicos importantes.<\/p>\n","protected":false},"featured_media":5590,"template":"","meta":[],"product_brand":[],"product_cat":[620,67],"product_tag":[613,614],"class_list":{"0":"post-5589","1":"product","2":"type-product","3":"status-publish","4":"has-post-thumbnail","6":"product_cat-asistentes","7":"product_cat-dosificacion-analitica","8":"product_tag-analisis","9":"product_tag-analizar","11":"first","12":"instock","13":"taxable","14":"shipping-taxable","15":"purchasable","16":"product-type-simple"},"yoast_head":"<!-- This site is optimized with the Yoast SEO plugin v27.0 - https:\/\/yoast.com\/product\/yoast-seo-wordpress\/ -->\n<title>Blue Check Tiras Anal\u00edticas - Piscilona<\/title>\n<meta name=\"description\" content=\"Las Blue Check Tiras Anal\u00edticas son una herramienta esencial y pr\u00e1ctica para el mantenimiento eficiente de la calidad del agua en piscinas y spas.\" \/>\n<meta name=\"robots\" content=\"index, follow, max-snippet:-1, max-image-preview:large, max-video-preview:-1\" \/>\n<link rel=\"canonical\" href=\"https:\/\/www.piscilona.es\/tienda\/producto\/blue-check-tiras-analiticas\/\" \/>\n<meta property=\"og:locale\" content=\"es_ES\" \/>\n<meta property=\"og:type\" content=\"article\" \/>\n<meta property=\"og:title\" content=\"Blue Check Tiras Anal\u00edticas - Piscilona\" \/>\n<meta property=\"og:description\" content=\"Las Blue Check Tiras Anal\u00edticas son una herramienta esencial y pr\u00e1ctica para el mantenimiento eficiente de la calidad del agua en piscinas y spas.\" \/>\n<meta property=\"og:url\" content=\"https:\/\/www.piscilona.es\/tienda\/producto\/blue-check-tiras-analiticas\/\" \/>\n<meta property=\"og:site_name\" content=\"Piscilona\" \/>\n<meta property=\"article:modified_time\" content=\"2024-01-22T10:26:12+00:00\" \/>\n<meta property=\"og:image\" content=\"https:\/\/www.piscilona.es\/tienda\/wp-content\/uploads\/2024\/01\/2081.jpg\" \/>\n\t<meta property=\"og:image:width\" content=\"750\" \/>\n\t<meta property=\"og:image:height\" content=\"750\" \/>\n\t<meta property=\"og:image:type\" content=\"image\/jpeg\" \/>\n<meta name=\"twitter:card\" content=\"summary_large_image\" \/>\n<meta name=\"twitter:label1\" content=\"Tiempo de lectura\" \/>\n\t<meta name=\"twitter:data1\" content=\"2 minutos\" \/>\n<script type=\"application\/ld+json\" class=\"yoast-schema-graph\">{\"@context\":\"https:\/\/schema.org\",\"@graph\":[{\"@type\":\"WebPage\",\"@id\":\"https:\/\/www.piscilona.es\/tienda\/producto\/blue-check-tiras-analiticas\/\",\"url\":\"https:\/\/www.piscilona.es\/tienda\/producto\/blue-check-tiras-analiticas\/\",\"name\":\"Blue Check Tiras Anal\u00edticas - Piscilona\",\"isPartOf\":{\"@id\":\"https:\/\/www.piscilona.es\/tienda\/#website\"},\"primaryImageOfPage\":{\"@id\":\"https:\/\/www.piscilona.es\/tienda\/producto\/blue-check-tiras-analiticas\/#primaryimage\"},\"image\":{\"@id\":\"https:\/\/www.piscilona.es\/tienda\/producto\/blue-check-tiras-analiticas\/#primaryimage\"},\"thumbnailUrl\":\"https:\/\/www.piscilona.es\/tienda\/wp-content\/uploads\/2024\/01\/2081.jpg\",\"datePublished\":\"2024-01-22T10:11:10+00:00\",\"dateModified\":\"2024-01-22T10:26:12+00:00\",\"description\":\"Las Blue Check Tiras Anal\u00edticas son una herramienta esencial y pr\u00e1ctica para el mantenimiento eficiente de la calidad del agua en piscinas y spas.\",\"breadcrumb\":{\"@id\":\"https:\/\/www.piscilona.es\/tienda\/producto\/blue-check-tiras-analiticas\/#breadcrumb\"},\"inLanguage\":\"es\",\"potentialAction\":[{\"@type\":\"ReadAction\",\"target\":[\"https:\/\/www.piscilona.es\/tienda\/producto\/blue-check-tiras-analiticas\/\"]}]},{\"@type\":\"ImageObject\",\"inLanguage\":\"es\",\"@id\":\"https:\/\/www.piscilona.es\/tienda\/producto\/blue-check-tiras-analiticas\/#primaryimage\",\"url\":\"https:\/\/www.piscilona.es\/tienda\/wp-content\/uploads\/2024\/01\/2081.jpg\",\"contentUrl\":\"https:\/\/www.piscilona.es\/tienda\/wp-content\/uploads\/2024\/01\/2081.jpg\",\"width\":750,\"height\":750,\"caption\":\"Blue Check Tiras Anal\u00edticas\"},{\"@type\":\"BreadcrumbList\",\"@id\":\"https:\/\/www.piscilona.es\/tienda\/producto\/blue-check-tiras-analiticas\/#breadcrumb\",\"itemListElement\":[{\"@type\":\"ListItem\",\"position\":1,\"name\":\"Portada\",\"item\":\"https:\/\/www.piscilona.es\/tienda\/\"},{\"@type\":\"ListItem\",\"position\":2,\"name\":\"Tienda\",\"item\":\"https:\/\/www.piscilona.es\/tienda\/tienda\/\"},{\"@type\":\"ListItem\",\"position\":3,\"name\":\"Blue Check Tiras Anal\u00edticas\"}]},{\"@type\":\"WebSite\",\"@id\":\"https:\/\/www.piscilona.es\/tienda\/#website\",\"url\":\"https:\/\/www.piscilona.es\/tienda\/\",\"name\":\"Piscilona\",\"description\":\"Piscilona\",\"potentialAction\":[{\"@type\":\"SearchAction\",\"target\":{\"@type\":\"EntryPoint\",\"urlTemplate\":\"https:\/\/www.piscilona.es\/tienda\/?s={search_term_string}\"},\"query-input\":{\"@type\":\"PropertyValueSpecification\",\"valueRequired\":true,\"valueName\":\"search_term_string\"}}],\"inLanguage\":\"es\"}]}<\/script>\n<!-- \/ Yoast SEO plugin. -->","yoast_head_json":{"title":"Blue Check Tiras Anal\u00edticas - Piscilona","description":"Las Blue Check Tiras Anal\u00edticas son una herramienta esencial y pr\u00e1ctica para el mantenimiento eficiente de la calidad del agua en piscinas y spas.","robots":{"index":"index","follow":"follow","max-snippet":"max-snippet:-1","max-image-preview":"max-image-preview:large","max-video-preview":"max-video-preview:-1"},"canonical":"https:\/\/www.piscilona.es\/tienda\/producto\/blue-check-tiras-analiticas\/","og_locale":"es_ES","og_type":"article","og_title":"Blue Check Tiras Anal\u00edticas - Piscilona","og_description":"Las Blue Check Tiras Anal\u00edticas son una herramienta esencial y pr\u00e1ctica para el mantenimiento eficiente de la calidad del agua en piscinas y spas.","og_url":"https:\/\/www.piscilona.es\/tienda\/producto\/blue-check-tiras-analiticas\/","og_site_name":"Piscilona","article_modified_time":"2024-01-22T10:26:12+00:00","og_image":[{"width":750,"height":750,"url":"https:\/\/www.piscilona.es\/tienda\/wp-content\/uploads\/2024\/01\/2081.jpg","type":"image\/jpeg"}],"twitter_card":"summary_large_image","twitter_misc":{"Tiempo de lectura":"2 minutos"},"schema":{"@context":"https:\/\/schema.org","@graph":[{"@type":"WebPage","@id":"https:\/\/www.piscilona.es\/tienda\/producto\/blue-check-tiras-analiticas\/","url":"https:\/\/www.piscilona.es\/tienda\/producto\/blue-check-tiras-analiticas\/","name":"Blue Check Tiras Anal\u00edticas - Piscilona","isPartOf":{"@id":"https:\/\/www.piscilona.es\/tienda\/#website"},"primaryImageOfPage":{"@id":"https:\/\/www.piscilona.es\/tienda\/producto\/blue-check-tiras-analiticas\/#primaryimage"},"image":{"@id":"https:\/\/www.piscilona.es\/tienda\/producto\/blue-check-tiras-analiticas\/#primaryimage"},"thumbnailUrl":"https:\/\/www.piscilona.es\/tienda\/wp-content\/uploads\/2024\/01\/2081.jpg","datePublished":"2024-01-22T10:11:10+00:00","dateModified":"2024-01-22T10:26:12+00:00","description":"Las Blue Check Tiras Anal\u00edticas son una herramienta esencial y pr\u00e1ctica para el mantenimiento eficiente de la calidad del agua en piscinas y spas.","breadcrumb":{"@id":"https:\/\/www.piscilona.es\/tienda\/producto\/blue-check-tiras-analiticas\/#breadcrumb"},"inLanguage":"es","potentialAction":[{"@type":"ReadAction","target":["https:\/\/www.piscilona.es\/tienda\/producto\/blue-check-tiras-analiticas\/"]}]},{"@type":"ImageObject","inLanguage":"es","@id":"https:\/\/www.piscilona.es\/tienda\/producto\/blue-check-tiras-analiticas\/#primaryimage","url":"https:\/\/www.piscilona.es\/tienda\/wp-content\/uploads\/2024\/01\/2081.jpg","contentUrl":"https:\/\/www.piscilona.es\/tienda\/wp-content\/uploads\/2024\/01\/2081.jpg","width":750,"height":750,"caption":"Blue Check Tiras Anal\u00edticas"},{"@type":"BreadcrumbList","@id":"https:\/\/www.piscilona.es\/tienda\/producto\/blue-check-tiras-analiticas\/#breadcrumb","itemListElement":[{"@type":"ListItem","position":1,"name":"Portada","item":"https:\/\/www.piscilona.es\/tienda\/"},{"@type":"ListItem","position":2,"name":"Tienda","item":"https:\/\/www.piscilona.es\/tienda\/tienda\/"},{"@type":"ListItem","position":3,"name":"Blue Check Tiras Anal\u00edticas"}]},{"@type":"WebSite","@id":"https:\/\/www.piscilona.es\/tienda\/#website","url":"https:\/\/www.piscilona.es\/tienda\/","name":"Piscilona","description":"Piscilona","potentialAction":[{"@type":"SearchAction","target":{"@type":"EntryPoint","urlTemplate":"https:\/\/www.piscilona.es\/tienda\/?s={search_term_string}"},"query-input":{"@type":"PropertyValueSpecification","valueRequired":true,"valueName":"search_term_string"}}],"inLanguage":"es"}]}},"_links":{"self":[{"href":"https:\/\/www.piscilona.es\/tienda\/wp-json\/wp\/v2\/product\/5589","targetHints":{"allow":["GET"]}}],"collection":[{"href":"https:\/\/www.piscilona.es\/tienda\/wp-json\/wp\/v2\/product"}],"about":[{"href":"https:\/\/www.piscilona.es\/tienda\/wp-json\/wp\/v2\/types\/product"}],"version-history":[{"count":0,"href":"https:\/\/www.piscilona.es\/tienda\/wp-json\/wp\/v2\/product\/5589\/revisions"}],"wp:featuredmedia":[{"embeddable":true,"href":"https:\/\/www.piscilona.es\/tienda\/wp-json\/wp\/v2\/media\/5590"}],"wp:attachment":[{"href":"https:\/\/www.piscilona.es\/tienda\/wp-json\/wp\/v2\/media?parent=5589"}],"wp:term":[{"taxonomy":"product_brand","embeddable":true,"href":"https:\/\/www.piscilona.es\/tienda\/wp-json\/wp\/v2\/product_brand?post=5589"},{"taxonomy":"product_cat","embeddable":true,"href":"https:\/\/www.piscilona.es\/tienda\/wp-json\/wp\/v2\/product_cat?post=5589"},{"taxonomy":"product_tag","embeddable":true,"href":"https:\/\/www.piscilona.es\/tienda\/wp-json\/wp\/v2\/product_tag?post=5589"}],"curies":[{"name":"wp","href":"https:\/\/api.w.org\/{rel}","templated":true}]}}