{"id":5596,"date":"2024-01-22T10:47:52","date_gmt":"2024-01-22T10:47:52","guid":{"rendered":"https:\/\/www.piscilona.es\/tienda\/?post_type=product&#038;p=5596"},"modified":"2024-01-22T10:47:53","modified_gmt":"2024-01-22T10:47:53","slug":"analizador-blue-connect-go","status":"publish","type":"product","link":"https:\/\/www.piscilona.es\/tienda\/producto\/analizador-blue-connect-go\/","title":{"rendered":"Analizador Blue Connect GO"},"content":{"rendered":"<p><strong>&#8220;Analizador Blue Connect GO&#8221;: Tecnolog\u00eda Inteligente para un Agua Perfecta<\/strong><\/p>\n<p>El Analizador Blue Connect GO es una herramienta revolucionaria en el cuidado y mantenimiento de piscinas, que combina tecnolog\u00eda avanzada y facilidad de uso. Este dispositivo inteligente monitoriza constantemente la calidad del agua, proporcionando informaci\u00f3n precisa sobre el pH, la temperatura, el nivel de desinfectante y la conductividad.<\/p>\n<p><strong>Principales Caracter\u00edsticas:<\/strong> \u2022 Monitorizaci\u00f3n continua de pH, temperatura, desinfectante y conductividad. \u2022 Env\u00edo de datos a trav\u00e9s de una aplicaci\u00f3n m\u00f3vil intuitiva. \u2022 Alertas y consejos para el mantenimiento del agua. \u2022 F\u00e1cil instalaci\u00f3n y uso, apto para todo tipo de piscinas.<\/p>\n<p><strong>Uso F\u00e1cil:<\/strong> Instalar y configurar el Analizador Blue Connect GO es extremadamente f\u00e1cil. Simplemente coloca el dispositivo en el agua de la piscina y conecta la aplicaci\u00f3n a tu tel\u00e9fono m\u00f3vil para comenzar a recibir datos y an\u00e1lisis en tiempo real.<\/p>\n<p><strong>100% Resultados:<\/strong> Adem\u00e1s, con el Analizador, disfrutar\u00e1s de una piscina con agua siempre perfecta. Su capacidad para proporcionar lecturas precisas y consejos de mantenimiento te ayudar\u00e1 a mantener el agua en condiciones \u00f3ptimas, asegurando una experiencia de ba\u00f1o segura y placentera. Este dispositivo es una soluci\u00f3n integral para el cuidado avanzado de tu piscina, ofreciendo tranquilidad y comodidad con la \u00faltima tecnolog\u00eda en mantenimiento de piscinas.<\/p>\n<p>Adem\u00e1s, puedes consultar nuestros servicios pulsando <a href=\"https:\/\/www.piscilona.es\/es\/nuestros-servicios\" target=\"_blank\" rel=\"noopener\">aqu\u00ed<\/a>.<\/p>\n","protected":false},"excerpt":{"rendered":"<p>&#8220;Analizador Blue Connect GO&#8221;: Tecnolog\u00eda Inteligente para un Agua Perfecta El Analizador Blue Connect GO es una herramienta revolucionaria en el cuidado y mantenimiento de piscinas, que combina tecnolog\u00eda avanzada y facilidad de uso. Este dispositivo inteligente monitoriza constantemente la calidad del agua, proporcionando informaci\u00f3n precisa sobre el pH, la temperatura, el nivel de desinfectante [&hellip;]<\/p>\n","protected":false},"featured_media":5597,"template":"","meta":[],"product_brand":[],"product_cat":[620,67],"product_tag":[613,614],"class_list":{"0":"post-5596","1":"product","2":"type-product","3":"status-publish","4":"has-post-thumbnail","6":"product_cat-asistentes","7":"product_cat-dosificacion-analitica","8":"product_tag-analisis","9":"product_tag-analizar","11":"first","12":"instock","13":"taxable","14":"shipping-taxable","15":"purchasable","16":"product-type-simple"},"yoast_head":"<!-- This site is optimized with the Yoast SEO plugin v27.0 - https:\/\/yoast.com\/product\/yoast-seo-wordpress\/ -->\n<title>Analizador Blue Connect GO - Piscilona<\/title>\n<meta name=\"description\" content=\"El Analizador Blue Connect GO es una herramienta revolucionaria en el cuidado y mantenimiento de piscinas, f\u00e1cil e innovador.\" \/>\n<meta name=\"robots\" content=\"index, follow, max-snippet:-1, max-image-preview:large, max-video-preview:-1\" \/>\n<link rel=\"canonical\" href=\"https:\/\/www.piscilona.es\/tienda\/producto\/analizador-blue-connect-go\/\" \/>\n<meta property=\"og:locale\" content=\"es_ES\" \/>\n<meta property=\"og:type\" content=\"article\" \/>\n<meta property=\"og:title\" content=\"Analizador Blue Connect GO - Piscilona\" \/>\n<meta property=\"og:description\" content=\"El Analizador Blue Connect GO es una herramienta revolucionaria en el cuidado y mantenimiento de piscinas, f\u00e1cil e innovador.\" \/>\n<meta property=\"og:url\" content=\"https:\/\/www.piscilona.es\/tienda\/producto\/analizador-blue-connect-go\/\" \/>\n<meta property=\"og:site_name\" content=\"Piscilona\" \/>\n<meta property=\"article:modified_time\" content=\"2024-01-22T10:47:53+00:00\" \/>\n<meta property=\"og:image\" content=\"https:\/\/www.piscilona.es\/tienda\/wp-content\/uploads\/2024\/01\/2091.jpeg\" \/>\n\t<meta property=\"og:image:width\" content=\"800\" \/>\n\t<meta property=\"og:image:height\" content=\"800\" \/>\n\t<meta property=\"og:image:type\" content=\"image\/jpeg\" \/>\n<meta name=\"twitter:card\" content=\"summary_large_image\" \/>\n<meta name=\"twitter:label1\" content=\"Tiempo de lectura\" \/>\n\t<meta name=\"twitter:data1\" content=\"2 minutos\" \/>\n<script type=\"application\/ld+json\" class=\"yoast-schema-graph\">{\"@context\":\"https:\/\/schema.org\",\"@graph\":[{\"@type\":\"WebPage\",\"@id\":\"https:\/\/www.piscilona.es\/tienda\/producto\/analizador-blue-connect-go\/\",\"url\":\"https:\/\/www.piscilona.es\/tienda\/producto\/analizador-blue-connect-go\/\",\"name\":\"Analizador Blue Connect GO - Piscilona\",\"isPartOf\":{\"@id\":\"https:\/\/www.piscilona.es\/tienda\/#website\"},\"primaryImageOfPage\":{\"@id\":\"https:\/\/www.piscilona.es\/tienda\/producto\/analizador-blue-connect-go\/#primaryimage\"},\"image\":{\"@id\":\"https:\/\/www.piscilona.es\/tienda\/producto\/analizador-blue-connect-go\/#primaryimage\"},\"thumbnailUrl\":\"https:\/\/www.piscilona.es\/tienda\/wp-content\/uploads\/2024\/01\/2091.jpeg\",\"datePublished\":\"2024-01-22T10:47:52+00:00\",\"dateModified\":\"2024-01-22T10:47:53+00:00\",\"description\":\"El Analizador Blue Connect GO es una herramienta revolucionaria en el cuidado y mantenimiento de piscinas, f\u00e1cil e innovador.\",\"breadcrumb\":{\"@id\":\"https:\/\/www.piscilona.es\/tienda\/producto\/analizador-blue-connect-go\/#breadcrumb\"},\"inLanguage\":\"es\",\"potentialAction\":[{\"@type\":\"ReadAction\",\"target\":[\"https:\/\/www.piscilona.es\/tienda\/producto\/analizador-blue-connect-go\/\"]}]},{\"@type\":\"ImageObject\",\"inLanguage\":\"es\",\"@id\":\"https:\/\/www.piscilona.es\/tienda\/producto\/analizador-blue-connect-go\/#primaryimage\",\"url\":\"https:\/\/www.piscilona.es\/tienda\/wp-content\/uploads\/2024\/01\/2091.jpeg\",\"contentUrl\":\"https:\/\/www.piscilona.es\/tienda\/wp-content\/uploads\/2024\/01\/2091.jpeg\",\"width\":800,\"height\":800,\"caption\":\"Analizador Blue Connect GO\"},{\"@type\":\"BreadcrumbList\",\"@id\":\"https:\/\/www.piscilona.es\/tienda\/producto\/analizador-blue-connect-go\/#breadcrumb\",\"itemListElement\":[{\"@type\":\"ListItem\",\"position\":1,\"name\":\"Portada\",\"item\":\"https:\/\/www.piscilona.es\/tienda\/\"},{\"@type\":\"ListItem\",\"position\":2,\"name\":\"Tienda\",\"item\":\"https:\/\/www.piscilona.es\/tienda\/tienda\/\"},{\"@type\":\"ListItem\",\"position\":3,\"name\":\"Analizador Blue Connect GO\"}]},{\"@type\":\"WebSite\",\"@id\":\"https:\/\/www.piscilona.es\/tienda\/#website\",\"url\":\"https:\/\/www.piscilona.es\/tienda\/\",\"name\":\"Piscilona\",\"description\":\"Piscilona\",\"potentialAction\":[{\"@type\":\"SearchAction\",\"target\":{\"@type\":\"EntryPoint\",\"urlTemplate\":\"https:\/\/www.piscilona.es\/tienda\/?s={search_term_string}\"},\"query-input\":{\"@type\":\"PropertyValueSpecification\",\"valueRequired\":true,\"valueName\":\"search_term_string\"}}],\"inLanguage\":\"es\"}]}<\/script>\n<!-- \/ Yoast SEO plugin. -->","yoast_head_json":{"title":"Analizador Blue Connect GO - Piscilona","description":"El Analizador Blue Connect GO es una herramienta revolucionaria en el cuidado y mantenimiento de piscinas, f\u00e1cil e innovador.","robots":{"index":"index","follow":"follow","max-snippet":"max-snippet:-1","max-image-preview":"max-image-preview:large","max-video-preview":"max-video-preview:-1"},"canonical":"https:\/\/www.piscilona.es\/tienda\/producto\/analizador-blue-connect-go\/","og_locale":"es_ES","og_type":"article","og_title":"Analizador Blue Connect GO - Piscilona","og_description":"El Analizador Blue Connect GO es una herramienta revolucionaria en el cuidado y mantenimiento de piscinas, f\u00e1cil e innovador.","og_url":"https:\/\/www.piscilona.es\/tienda\/producto\/analizador-blue-connect-go\/","og_site_name":"Piscilona","article_modified_time":"2024-01-22T10:47:53+00:00","og_image":[{"width":800,"height":800,"url":"https:\/\/www.piscilona.es\/tienda\/wp-content\/uploads\/2024\/01\/2091.jpeg","type":"image\/jpeg"}],"twitter_card":"summary_large_image","twitter_misc":{"Tiempo de lectura":"2 minutos"},"schema":{"@context":"https:\/\/schema.org","@graph":[{"@type":"WebPage","@id":"https:\/\/www.piscilona.es\/tienda\/producto\/analizador-blue-connect-go\/","url":"https:\/\/www.piscilona.es\/tienda\/producto\/analizador-blue-connect-go\/","name":"Analizador Blue Connect GO - Piscilona","isPartOf":{"@id":"https:\/\/www.piscilona.es\/tienda\/#website"},"primaryImageOfPage":{"@id":"https:\/\/www.piscilona.es\/tienda\/producto\/analizador-blue-connect-go\/#primaryimage"},"image":{"@id":"https:\/\/www.piscilona.es\/tienda\/producto\/analizador-blue-connect-go\/#primaryimage"},"thumbnailUrl":"https:\/\/www.piscilona.es\/tienda\/wp-content\/uploads\/2024\/01\/2091.jpeg","datePublished":"2024-01-22T10:47:52+00:00","dateModified":"2024-01-22T10:47:53+00:00","description":"El Analizador Blue Connect GO es una herramienta revolucionaria en el cuidado y mantenimiento de piscinas, f\u00e1cil e innovador.","breadcrumb":{"@id":"https:\/\/www.piscilona.es\/tienda\/producto\/analizador-blue-connect-go\/#breadcrumb"},"inLanguage":"es","potentialAction":[{"@type":"ReadAction","target":["https:\/\/www.piscilona.es\/tienda\/producto\/analizador-blue-connect-go\/"]}]},{"@type":"ImageObject","inLanguage":"es","@id":"https:\/\/www.piscilona.es\/tienda\/producto\/analizador-blue-connect-go\/#primaryimage","url":"https:\/\/www.piscilona.es\/tienda\/wp-content\/uploads\/2024\/01\/2091.jpeg","contentUrl":"https:\/\/www.piscilona.es\/tienda\/wp-content\/uploads\/2024\/01\/2091.jpeg","width":800,"height":800,"caption":"Analizador Blue Connect GO"},{"@type":"BreadcrumbList","@id":"https:\/\/www.piscilona.es\/tienda\/producto\/analizador-blue-connect-go\/#breadcrumb","itemListElement":[{"@type":"ListItem","position":1,"name":"Portada","item":"https:\/\/www.piscilona.es\/tienda\/"},{"@type":"ListItem","position":2,"name":"Tienda","item":"https:\/\/www.piscilona.es\/tienda\/tienda\/"},{"@type":"ListItem","position":3,"name":"Analizador Blue Connect GO"}]},{"@type":"WebSite","@id":"https:\/\/www.piscilona.es\/tienda\/#website","url":"https:\/\/www.piscilona.es\/tienda\/","name":"Piscilona","description":"Piscilona","potentialAction":[{"@type":"SearchAction","target":{"@type":"EntryPoint","urlTemplate":"https:\/\/www.piscilona.es\/tienda\/?s={search_term_string}"},"query-input":{"@type":"PropertyValueSpecification","valueRequired":true,"valueName":"search_term_string"}}],"inLanguage":"es"}]}},"_links":{"self":[{"href":"https:\/\/www.piscilona.es\/tienda\/wp-json\/wp\/v2\/product\/5596","targetHints":{"allow":["GET"]}}],"collection":[{"href":"https:\/\/www.piscilona.es\/tienda\/wp-json\/wp\/v2\/product"}],"about":[{"href":"https:\/\/www.piscilona.es\/tienda\/wp-json\/wp\/v2\/types\/product"}],"version-history":[{"count":0,"href":"https:\/\/www.piscilona.es\/tienda\/wp-json\/wp\/v2\/product\/5596\/revisions"}],"wp:featuredmedia":[{"embeddable":true,"href":"https:\/\/www.piscilona.es\/tienda\/wp-json\/wp\/v2\/media\/5597"}],"wp:attachment":[{"href":"https:\/\/www.piscilona.es\/tienda\/wp-json\/wp\/v2\/media?parent=5596"}],"wp:term":[{"taxonomy":"product_brand","embeddable":true,"href":"https:\/\/www.piscilona.es\/tienda\/wp-json\/wp\/v2\/product_brand?post=5596"},{"taxonomy":"product_cat","embeddable":true,"href":"https:\/\/www.piscilona.es\/tienda\/wp-json\/wp\/v2\/product_cat?post=5596"},{"taxonomy":"product_tag","embeddable":true,"href":"https:\/\/www.piscilona.es\/tienda\/wp-json\/wp\/v2\/product_tag?post=5596"}],"curies":[{"name":"wp","href":"https:\/\/api.w.org\/{rel}","templated":true}]}}