{"id":5618,"date":"2024-01-22T11:36:58","date_gmt":"2024-01-22T11:36:58","guid":{"rendered":"https:\/\/www.piscilona.es\/tienda\/?post_type=product&#038;p=5618"},"modified":"2024-01-22T11:36:59","modified_gmt":"2024-01-22T11:36:59","slug":"extender-wifi-blue-connect","status":"publish","type":"product","link":"https:\/\/www.piscilona.es\/tienda\/producto\/extender-wifi-blue-connect\/","title":{"rendered":"Extender Wifi Blue Connect"},"content":{"rendered":"<p><strong>&#8220;Extender Wifi Blue Connect&#8221;: Conectividad Ampliada, Datos al Instante<\/strong><\/p>\n<p>El Extender Wifi Blue Connect es un dispositivo dise\u00f1ado para ampliar la conectividad y el alcance del sistema de an\u00e1lisis de agua Blue Connect. Este extensor de wifi es ideal para piscinas que est\u00e1n ubicadas a una distancia considerable del router principal o en \u00e1reas donde la se\u00f1al de wifi es d\u00e9bil. Asegura que los datos recopilados por el Blue Connect se transmitan de manera eficiente y sin interrupciones a tu dispositivo m\u00f3vil, permitiendo un monitoreo constante y en tiempo real de la calidad del agua de tu piscina.<\/p>\n<p><strong>Principales Caracter\u00edsticas:<\/strong><\/p>\n<ul>\n<li>\u2022 Ampl\u00eda la cobertura de la se\u00f1al wifi para el dispositivo Blue Connect.<\/li>\n<li>\u2022 Asegura una transmisi\u00f3n de datos constante y fiable.<\/li>\n<li>\u2022 F\u00e1cil de instalar y configurar.<\/li>\n<li>\u2022 Ideal para piscinas con acceso limitado a wifi.<\/li>\n<\/ul>\n<p><strong>Uso F\u00e1cil:<\/strong> Configurar el Extender Wifi es un proceso simple. Se conecta a tu red wifi existente y luego se sincroniza con el dispositivo Blue Connect, ampliando su alcance y asegurando una conexi\u00f3n estable.<\/p>\n<p><strong>100% Resultados:<\/strong> Con el Extender Wifi Blue Connect, tendr\u00e1s la certeza de que siempre recibir\u00e1s los datos actualizados del estado del agua de tu piscina, sin importar la distancia o las limitaciones de tu conexi\u00f3n a internet. Este dispositivo es crucial para mantener un monitoreo continuo y efectivo, garantizando que siempre est\u00e9s informado y puedas actuar r\u00e1pidamente para mantener el agua de tu piscina en perfectas condiciones.<\/p>\n<p><a href=\"https:\/\/www.piscilona.es\/tienda\/wp-content\/uploads\/2024\/01\/215Manual.pdf\" target=\"_blank\" rel=\"noopener\">Manual<\/a><\/p>\n<p>Adem\u00e1s, puedes consultar nuestros servicios pulsando <a href=\"https:\/\/www.piscilona.es\/es\/nuestros-servicios\" target=\"_blank\" rel=\"noopener\">aqu\u00ed<\/a>.<\/p>\n","protected":false},"excerpt":{"rendered":"<p>&#8220;Extender Wifi Blue Connect&#8221;: Conectividad Ampliada, Datos al Instante El Extender Wifi Blue Connect es un dispositivo dise\u00f1ado para ampliar la conectividad y el alcance del sistema de an\u00e1lisis de agua Blue Connect. Este extensor de wifi es ideal para piscinas que est\u00e1n ubicadas a una distancia considerable del router principal o en \u00e1reas donde [&hellip;]<\/p>\n","protected":false},"featured_media":5619,"template":"","meta":[],"product_brand":[],"product_cat":[621,67],"product_tag":[635,633,634],"class_list":{"0":"post-5618","1":"product","2":"type-product","3":"status-publish","4":"has-post-thumbnail","6":"product_cat-accesorios-analisis","7":"product_cat-dosificacion-analitica","8":"product_tag-internet","9":"product_tag-wi-fi","10":"product_tag-wifi","12":"first","13":"instock","14":"taxable","15":"shipping-taxable","16":"purchasable","17":"product-type-simple"},"yoast_head":"<!-- This site is optimized with the Yoast SEO plugin v27.0 - https:\/\/yoast.com\/product\/yoast-seo-wordpress\/ -->\n<title>Extender Wifi Blue Connect - Piscilona<\/title>\n<meta name=\"description\" content=\"Extender Wifi Blue Connect\" \/>\n<meta name=\"robots\" content=\"index, follow, max-snippet:-1, max-image-preview:large, max-video-preview:-1\" \/>\n<link rel=\"canonical\" href=\"https:\/\/www.piscilona.es\/tienda\/producto\/extender-wifi-blue-connect\/\" \/>\n<meta property=\"og:locale\" content=\"es_ES\" \/>\n<meta property=\"og:type\" content=\"article\" \/>\n<meta property=\"og:title\" content=\"Extender Wifi Blue Connect - Piscilona\" \/>\n<meta property=\"og:description\" content=\"Extender Wifi Blue Connect\" \/>\n<meta property=\"og:url\" content=\"https:\/\/www.piscilona.es\/tienda\/producto\/extender-wifi-blue-connect\/\" \/>\n<meta property=\"og:site_name\" content=\"Piscilona\" \/>\n<meta property=\"article:modified_time\" content=\"2024-01-22T11:36:59+00:00\" \/>\n<meta property=\"og:image\" content=\"https:\/\/www.piscilona.es\/tienda\/wp-content\/uploads\/2024\/01\/2151.jpeg\" \/>\n\t<meta property=\"og:image:width\" content=\"800\" \/>\n\t<meta property=\"og:image:height\" content=\"800\" \/>\n\t<meta property=\"og:image:type\" content=\"image\/jpeg\" \/>\n<meta name=\"twitter:card\" content=\"summary_large_image\" \/>\n<meta name=\"twitter:label1\" content=\"Tiempo de lectura\" \/>\n\t<meta name=\"twitter:data1\" content=\"2 minutos\" \/>\n<script type=\"application\/ld+json\" class=\"yoast-schema-graph\">{\"@context\":\"https:\/\/schema.org\",\"@graph\":[{\"@type\":\"WebPage\",\"@id\":\"https:\/\/www.piscilona.es\/tienda\/producto\/extender-wifi-blue-connect\/\",\"url\":\"https:\/\/www.piscilona.es\/tienda\/producto\/extender-wifi-blue-connect\/\",\"name\":\"Extender Wifi Blue Connect - Piscilona\",\"isPartOf\":{\"@id\":\"https:\/\/www.piscilona.es\/tienda\/#website\"},\"primaryImageOfPage\":{\"@id\":\"https:\/\/www.piscilona.es\/tienda\/producto\/extender-wifi-blue-connect\/#primaryimage\"},\"image\":{\"@id\":\"https:\/\/www.piscilona.es\/tienda\/producto\/extender-wifi-blue-connect\/#primaryimage\"},\"thumbnailUrl\":\"https:\/\/www.piscilona.es\/tienda\/wp-content\/uploads\/2024\/01\/2151.jpeg\",\"datePublished\":\"2024-01-22T11:36:58+00:00\",\"dateModified\":\"2024-01-22T11:36:59+00:00\",\"description\":\"Extender Wifi Blue Connect\",\"breadcrumb\":{\"@id\":\"https:\/\/www.piscilona.es\/tienda\/producto\/extender-wifi-blue-connect\/#breadcrumb\"},\"inLanguage\":\"es\",\"potentialAction\":[{\"@type\":\"ReadAction\",\"target\":[\"https:\/\/www.piscilona.es\/tienda\/producto\/extender-wifi-blue-connect\/\"]}]},{\"@type\":\"ImageObject\",\"inLanguage\":\"es\",\"@id\":\"https:\/\/www.piscilona.es\/tienda\/producto\/extender-wifi-blue-connect\/#primaryimage\",\"url\":\"https:\/\/www.piscilona.es\/tienda\/wp-content\/uploads\/2024\/01\/2151.jpeg\",\"contentUrl\":\"https:\/\/www.piscilona.es\/tienda\/wp-content\/uploads\/2024\/01\/2151.jpeg\",\"width\":800,\"height\":800,\"caption\":\"Extender Wifi Blue Connect\"},{\"@type\":\"BreadcrumbList\",\"@id\":\"https:\/\/www.piscilona.es\/tienda\/producto\/extender-wifi-blue-connect\/#breadcrumb\",\"itemListElement\":[{\"@type\":\"ListItem\",\"position\":1,\"name\":\"Portada\",\"item\":\"https:\/\/www.piscilona.es\/tienda\/\"},{\"@type\":\"ListItem\",\"position\":2,\"name\":\"Tienda\",\"item\":\"https:\/\/www.piscilona.es\/tienda\/tienda\/\"},{\"@type\":\"ListItem\",\"position\":3,\"name\":\"Extender Wifi Blue Connect\"}]},{\"@type\":\"WebSite\",\"@id\":\"https:\/\/www.piscilona.es\/tienda\/#website\",\"url\":\"https:\/\/www.piscilona.es\/tienda\/\",\"name\":\"Piscilona\",\"description\":\"Piscilona\",\"potentialAction\":[{\"@type\":\"SearchAction\",\"target\":{\"@type\":\"EntryPoint\",\"urlTemplate\":\"https:\/\/www.piscilona.es\/tienda\/?s={search_term_string}\"},\"query-input\":{\"@type\":\"PropertyValueSpecification\",\"valueRequired\":true,\"valueName\":\"search_term_string\"}}],\"inLanguage\":\"es\"}]}<\/script>\n<!-- \/ Yoast SEO plugin. -->","yoast_head_json":{"title":"Extender Wifi Blue Connect - Piscilona","description":"Extender Wifi Blue Connect","robots":{"index":"index","follow":"follow","max-snippet":"max-snippet:-1","max-image-preview":"max-image-preview:large","max-video-preview":"max-video-preview:-1"},"canonical":"https:\/\/www.piscilona.es\/tienda\/producto\/extender-wifi-blue-connect\/","og_locale":"es_ES","og_type":"article","og_title":"Extender Wifi Blue Connect - Piscilona","og_description":"Extender Wifi Blue Connect","og_url":"https:\/\/www.piscilona.es\/tienda\/producto\/extender-wifi-blue-connect\/","og_site_name":"Piscilona","article_modified_time":"2024-01-22T11:36:59+00:00","og_image":[{"width":800,"height":800,"url":"https:\/\/www.piscilona.es\/tienda\/wp-content\/uploads\/2024\/01\/2151.jpeg","type":"image\/jpeg"}],"twitter_card":"summary_large_image","twitter_misc":{"Tiempo de lectura":"2 minutos"},"schema":{"@context":"https:\/\/schema.org","@graph":[{"@type":"WebPage","@id":"https:\/\/www.piscilona.es\/tienda\/producto\/extender-wifi-blue-connect\/","url":"https:\/\/www.piscilona.es\/tienda\/producto\/extender-wifi-blue-connect\/","name":"Extender Wifi Blue Connect - Piscilona","isPartOf":{"@id":"https:\/\/www.piscilona.es\/tienda\/#website"},"primaryImageOfPage":{"@id":"https:\/\/www.piscilona.es\/tienda\/producto\/extender-wifi-blue-connect\/#primaryimage"},"image":{"@id":"https:\/\/www.piscilona.es\/tienda\/producto\/extender-wifi-blue-connect\/#primaryimage"},"thumbnailUrl":"https:\/\/www.piscilona.es\/tienda\/wp-content\/uploads\/2024\/01\/2151.jpeg","datePublished":"2024-01-22T11:36:58+00:00","dateModified":"2024-01-22T11:36:59+00:00","description":"Extender Wifi Blue Connect","breadcrumb":{"@id":"https:\/\/www.piscilona.es\/tienda\/producto\/extender-wifi-blue-connect\/#breadcrumb"},"inLanguage":"es","potentialAction":[{"@type":"ReadAction","target":["https:\/\/www.piscilona.es\/tienda\/producto\/extender-wifi-blue-connect\/"]}]},{"@type":"ImageObject","inLanguage":"es","@id":"https:\/\/www.piscilona.es\/tienda\/producto\/extender-wifi-blue-connect\/#primaryimage","url":"https:\/\/www.piscilona.es\/tienda\/wp-content\/uploads\/2024\/01\/2151.jpeg","contentUrl":"https:\/\/www.piscilona.es\/tienda\/wp-content\/uploads\/2024\/01\/2151.jpeg","width":800,"height":800,"caption":"Extender Wifi Blue Connect"},{"@type":"BreadcrumbList","@id":"https:\/\/www.piscilona.es\/tienda\/producto\/extender-wifi-blue-connect\/#breadcrumb","itemListElement":[{"@type":"ListItem","position":1,"name":"Portada","item":"https:\/\/www.piscilona.es\/tienda\/"},{"@type":"ListItem","position":2,"name":"Tienda","item":"https:\/\/www.piscilona.es\/tienda\/tienda\/"},{"@type":"ListItem","position":3,"name":"Extender Wifi Blue Connect"}]},{"@type":"WebSite","@id":"https:\/\/www.piscilona.es\/tienda\/#website","url":"https:\/\/www.piscilona.es\/tienda\/","name":"Piscilona","description":"Piscilona","potentialAction":[{"@type":"SearchAction","target":{"@type":"EntryPoint","urlTemplate":"https:\/\/www.piscilona.es\/tienda\/?s={search_term_string}"},"query-input":{"@type":"PropertyValueSpecification","valueRequired":true,"valueName":"search_term_string"}}],"inLanguage":"es"}]}},"_links":{"self":[{"href":"https:\/\/www.piscilona.es\/tienda\/wp-json\/wp\/v2\/product\/5618","targetHints":{"allow":["GET"]}}],"collection":[{"href":"https:\/\/www.piscilona.es\/tienda\/wp-json\/wp\/v2\/product"}],"about":[{"href":"https:\/\/www.piscilona.es\/tienda\/wp-json\/wp\/v2\/types\/product"}],"version-history":[{"count":0,"href":"https:\/\/www.piscilona.es\/tienda\/wp-json\/wp\/v2\/product\/5618\/revisions"}],"wp:featuredmedia":[{"embeddable":true,"href":"https:\/\/www.piscilona.es\/tienda\/wp-json\/wp\/v2\/media\/5619"}],"wp:attachment":[{"href":"https:\/\/www.piscilona.es\/tienda\/wp-json\/wp\/v2\/media?parent=5618"}],"wp:term":[{"taxonomy":"product_brand","embeddable":true,"href":"https:\/\/www.piscilona.es\/tienda\/wp-json\/wp\/v2\/product_brand?post=5618"},{"taxonomy":"product_cat","embeddable":true,"href":"https:\/\/www.piscilona.es\/tienda\/wp-json\/wp\/v2\/product_cat?post=5618"},{"taxonomy":"product_tag","embeddable":true,"href":"https:\/\/www.piscilona.es\/tienda\/wp-json\/wp\/v2\/product_tag?post=5618"}],"curies":[{"name":"wp","href":"https:\/\/api.w.org\/{rel}","templated":true}]}}