{"id":5652,"date":"2024-01-23T09:21:38","date_gmt":"2024-01-23T09:21:38","guid":{"rendered":"https:\/\/www.piscilona.es\/tienda\/?post_type=product&#038;p=5652"},"modified":"2024-01-23T09:21:40","modified_gmt":"2024-01-23T09:21:40","slug":"pooltester-cloro-total-y-ph-astralpool","status":"publish","type":"product","link":"https:\/\/www.piscilona.es\/tienda\/producto\/pooltester-cloro-total-y-ph-astralpool\/","title":{"rendered":"Pooltester Cloro Total y pH Astralpool"},"content":{"rendered":"<p><strong>&#8220;Pooltester Cloro Total y pH de Astralpool&#8221;: Medici\u00f3n F\u00e1cil, Agua Equilibrada&#8221;<\/strong><\/p>\n<p>El Pooltester Cloro Total y pH de Astralpool es un instrumento preciso y f\u00e1cil de usar para el an\u00e1lisis r\u00e1pido de la calidad del agua en piscinas y spas. Este dispositivo permite medir de manera eficaz y sencilla dos par\u00e1metros cruciales: el nivel de cloro total y el pH del agua.<\/p>\n<p><strong>Principales Caracter\u00edsticas:<\/strong><\/p>\n<ul>\n<li>\u2022 Medici\u00f3n precisa de cloro total y pH.<\/li>\n<li>\u2022 Uso sencillo y resultados r\u00e1pidos.<\/li>\n<li>\u2022 Dise\u00f1o pr\u00e1ctico y port\u00e1til, perfecto para uso dom\u00e9stico o profesional.<\/li>\n<li>\u2022 Herramienta indispensable para el mantenimiento regular del agua.<\/li>\n<li>Perfecto para una medici\u00f3n confiable del agua de tu piscina.<\/li>\n<\/ul>\n<p><strong>Uso F\u00e1cil:<\/strong> El Pooltester es muy f\u00e1cil de usar. Simplemente se llenan las c\u00e1maras de comparaci\u00f3n con una muestra de agua, se a\u00f1aden los reactivos correspondientes y se compara el color resultante con la escala proporcionada para obtener una lectura precisa.<\/p>\n<p><strong>100% Resultados:<\/strong> Adem\u00e1s con el Pooltester de Astralpool, podr\u00e1s mantener de manera efectiva el equilibrio qu\u00edmico del agua de tu piscina o spa. Es una soluci\u00f3n esencial para un mantenimiento eficiente y f\u00e1cil de tu piscina o spa, asegurando el bienestar de todos los usuarios.<\/p>\n<p>Adem\u00e1s, puedes consultar nuestros servicios haciendo click en el siguiente enlace <a href=\"https:\/\/www.piscilona.es\/es\/nuestros-servicios\" target=\"_blank\" rel=\"noopener\">aqu\u00ed<\/a>.<\/p>\n<p>&nbsp;<\/p>\n","protected":false},"excerpt":{"rendered":"<p>&#8220;Pooltester Cloro Total y pH de Astralpool&#8221;: Medici\u00f3n F\u00e1cil, Agua Equilibrada&#8221; El Pooltester Cloro Total y pH de Astralpool es un instrumento preciso y f\u00e1cil de usar para el an\u00e1lisis r\u00e1pido de la calidad del agua en piscinas y spas. Este dispositivo permite medir de manera eficaz y sencilla dos par\u00e1metros cruciales: el nivel de [&hellip;]<\/p>\n","protected":false},"featured_media":5653,"template":"","meta":[],"product_brand":[],"product_cat":[622,67],"product_tag":[],"class_list":{"0":"post-5652","1":"product","2":"type-product","3":"status-publish","4":"has-post-thumbnail","6":"product_cat-analizadores-de-agua","7":"product_cat-dosificacion-analitica","9":"first","10":"instock","11":"taxable","12":"shipping-taxable","13":"purchasable","14":"product-type-simple"},"yoast_head":"<!-- This site is optimized with the Yoast SEO plugin v27.0 - https:\/\/yoast.com\/product\/yoast-seo-wordpress\/ -->\n<title>Pooltester Cloro Total y pH Astralpool - Piscilona<\/title>\n<meta name=\"description\" content=\"El Pooltester Cloro Total y pH de Astralpool es un instrumento preciso y f\u00e1cil de usar para el an\u00e1lisis r\u00e1pido de la calidad del agua en piscinas y spas.\" \/>\n<meta name=\"robots\" content=\"index, follow, max-snippet:-1, max-image-preview:large, max-video-preview:-1\" \/>\n<link rel=\"canonical\" href=\"https:\/\/www.piscilona.es\/tienda\/producto\/pooltester-cloro-total-y-ph-astralpool\/\" \/>\n<meta property=\"og:locale\" content=\"es_ES\" \/>\n<meta property=\"og:type\" content=\"article\" \/>\n<meta property=\"og:title\" content=\"Pooltester Cloro Total y pH Astralpool - Piscilona\" \/>\n<meta property=\"og:description\" content=\"El Pooltester Cloro Total y pH de Astralpool es un instrumento preciso y f\u00e1cil de usar para el an\u00e1lisis r\u00e1pido de la calidad del agua en piscinas y spas.\" \/>\n<meta property=\"og:url\" content=\"https:\/\/www.piscilona.es\/tienda\/producto\/pooltester-cloro-total-y-ph-astralpool\/\" \/>\n<meta property=\"og:site_name\" content=\"Piscilona\" \/>\n<meta property=\"article:modified_time\" content=\"2024-01-23T09:21:40+00:00\" \/>\n<meta property=\"og:image\" content=\"https:\/\/www.piscilona.es\/tienda\/wp-content\/uploads\/2024\/01\/2241.jpeg\" \/>\n\t<meta property=\"og:image:width\" content=\"800\" \/>\n\t<meta property=\"og:image:height\" content=\"800\" \/>\n\t<meta property=\"og:image:type\" content=\"image\/jpeg\" \/>\n<meta name=\"twitter:card\" content=\"summary_large_image\" \/>\n<meta name=\"twitter:label1\" content=\"Tiempo de lectura\" \/>\n\t<meta name=\"twitter:data1\" content=\"2 minutos\" \/>\n<script type=\"application\/ld+json\" class=\"yoast-schema-graph\">{\"@context\":\"https:\/\/schema.org\",\"@graph\":[{\"@type\":\"WebPage\",\"@id\":\"https:\/\/www.piscilona.es\/tienda\/producto\/pooltester-cloro-total-y-ph-astralpool\/\",\"url\":\"https:\/\/www.piscilona.es\/tienda\/producto\/pooltester-cloro-total-y-ph-astralpool\/\",\"name\":\"Pooltester Cloro Total y pH Astralpool - Piscilona\",\"isPartOf\":{\"@id\":\"https:\/\/www.piscilona.es\/tienda\/#website\"},\"primaryImageOfPage\":{\"@id\":\"https:\/\/www.piscilona.es\/tienda\/producto\/pooltester-cloro-total-y-ph-astralpool\/#primaryimage\"},\"image\":{\"@id\":\"https:\/\/www.piscilona.es\/tienda\/producto\/pooltester-cloro-total-y-ph-astralpool\/#primaryimage\"},\"thumbnailUrl\":\"https:\/\/www.piscilona.es\/tienda\/wp-content\/uploads\/2024\/01\/2241.jpeg\",\"datePublished\":\"2024-01-23T09:21:38+00:00\",\"dateModified\":\"2024-01-23T09:21:40+00:00\",\"description\":\"El Pooltester Cloro Total y pH de Astralpool es un instrumento preciso y f\u00e1cil de usar para el an\u00e1lisis r\u00e1pido de la calidad del agua en piscinas y spas.\",\"breadcrumb\":{\"@id\":\"https:\/\/www.piscilona.es\/tienda\/producto\/pooltester-cloro-total-y-ph-astralpool\/#breadcrumb\"},\"inLanguage\":\"es\",\"potentialAction\":[{\"@type\":\"ReadAction\",\"target\":[\"https:\/\/www.piscilona.es\/tienda\/producto\/pooltester-cloro-total-y-ph-astralpool\/\"]}]},{\"@type\":\"ImageObject\",\"inLanguage\":\"es\",\"@id\":\"https:\/\/www.piscilona.es\/tienda\/producto\/pooltester-cloro-total-y-ph-astralpool\/#primaryimage\",\"url\":\"https:\/\/www.piscilona.es\/tienda\/wp-content\/uploads\/2024\/01\/2241.jpeg\",\"contentUrl\":\"https:\/\/www.piscilona.es\/tienda\/wp-content\/uploads\/2024\/01\/2241.jpeg\",\"width\":800,\"height\":800,\"caption\":\"Pooltester Cloro Total y pH\"},{\"@type\":\"BreadcrumbList\",\"@id\":\"https:\/\/www.piscilona.es\/tienda\/producto\/pooltester-cloro-total-y-ph-astralpool\/#breadcrumb\",\"itemListElement\":[{\"@type\":\"ListItem\",\"position\":1,\"name\":\"Portada\",\"item\":\"https:\/\/www.piscilona.es\/tienda\/\"},{\"@type\":\"ListItem\",\"position\":2,\"name\":\"Tienda\",\"item\":\"https:\/\/www.piscilona.es\/tienda\/tienda\/\"},{\"@type\":\"ListItem\",\"position\":3,\"name\":\"Pooltester Cloro Total y pH Astralpool\"}]},{\"@type\":\"WebSite\",\"@id\":\"https:\/\/www.piscilona.es\/tienda\/#website\",\"url\":\"https:\/\/www.piscilona.es\/tienda\/\",\"name\":\"Piscilona\",\"description\":\"Piscilona\",\"potentialAction\":[{\"@type\":\"SearchAction\",\"target\":{\"@type\":\"EntryPoint\",\"urlTemplate\":\"https:\/\/www.piscilona.es\/tienda\/?s={search_term_string}\"},\"query-input\":{\"@type\":\"PropertyValueSpecification\",\"valueRequired\":true,\"valueName\":\"search_term_string\"}}],\"inLanguage\":\"es\"}]}<\/script>\n<!-- \/ Yoast SEO plugin. -->","yoast_head_json":{"title":"Pooltester Cloro Total y pH Astralpool - Piscilona","description":"El Pooltester Cloro Total y pH de Astralpool es un instrumento preciso y f\u00e1cil de usar para el an\u00e1lisis r\u00e1pido de la calidad del agua en piscinas y spas.","robots":{"index":"index","follow":"follow","max-snippet":"max-snippet:-1","max-image-preview":"max-image-preview:large","max-video-preview":"max-video-preview:-1"},"canonical":"https:\/\/www.piscilona.es\/tienda\/producto\/pooltester-cloro-total-y-ph-astralpool\/","og_locale":"es_ES","og_type":"article","og_title":"Pooltester Cloro Total y pH Astralpool - Piscilona","og_description":"El Pooltester Cloro Total y pH de Astralpool es un instrumento preciso y f\u00e1cil de usar para el an\u00e1lisis r\u00e1pido de la calidad del agua en piscinas y spas.","og_url":"https:\/\/www.piscilona.es\/tienda\/producto\/pooltester-cloro-total-y-ph-astralpool\/","og_site_name":"Piscilona","article_modified_time":"2024-01-23T09:21:40+00:00","og_image":[{"width":800,"height":800,"url":"https:\/\/www.piscilona.es\/tienda\/wp-content\/uploads\/2024\/01\/2241.jpeg","type":"image\/jpeg"}],"twitter_card":"summary_large_image","twitter_misc":{"Tiempo de lectura":"2 minutos"},"schema":{"@context":"https:\/\/schema.org","@graph":[{"@type":"WebPage","@id":"https:\/\/www.piscilona.es\/tienda\/producto\/pooltester-cloro-total-y-ph-astralpool\/","url":"https:\/\/www.piscilona.es\/tienda\/producto\/pooltester-cloro-total-y-ph-astralpool\/","name":"Pooltester Cloro Total y pH Astralpool - Piscilona","isPartOf":{"@id":"https:\/\/www.piscilona.es\/tienda\/#website"},"primaryImageOfPage":{"@id":"https:\/\/www.piscilona.es\/tienda\/producto\/pooltester-cloro-total-y-ph-astralpool\/#primaryimage"},"image":{"@id":"https:\/\/www.piscilona.es\/tienda\/producto\/pooltester-cloro-total-y-ph-astralpool\/#primaryimage"},"thumbnailUrl":"https:\/\/www.piscilona.es\/tienda\/wp-content\/uploads\/2024\/01\/2241.jpeg","datePublished":"2024-01-23T09:21:38+00:00","dateModified":"2024-01-23T09:21:40+00:00","description":"El Pooltester Cloro Total y pH de Astralpool es un instrumento preciso y f\u00e1cil de usar para el an\u00e1lisis r\u00e1pido de la calidad del agua en piscinas y spas.","breadcrumb":{"@id":"https:\/\/www.piscilona.es\/tienda\/producto\/pooltester-cloro-total-y-ph-astralpool\/#breadcrumb"},"inLanguage":"es","potentialAction":[{"@type":"ReadAction","target":["https:\/\/www.piscilona.es\/tienda\/producto\/pooltester-cloro-total-y-ph-astralpool\/"]}]},{"@type":"ImageObject","inLanguage":"es","@id":"https:\/\/www.piscilona.es\/tienda\/producto\/pooltester-cloro-total-y-ph-astralpool\/#primaryimage","url":"https:\/\/www.piscilona.es\/tienda\/wp-content\/uploads\/2024\/01\/2241.jpeg","contentUrl":"https:\/\/www.piscilona.es\/tienda\/wp-content\/uploads\/2024\/01\/2241.jpeg","width":800,"height":800,"caption":"Pooltester Cloro Total y pH"},{"@type":"BreadcrumbList","@id":"https:\/\/www.piscilona.es\/tienda\/producto\/pooltester-cloro-total-y-ph-astralpool\/#breadcrumb","itemListElement":[{"@type":"ListItem","position":1,"name":"Portada","item":"https:\/\/www.piscilona.es\/tienda\/"},{"@type":"ListItem","position":2,"name":"Tienda","item":"https:\/\/www.piscilona.es\/tienda\/tienda\/"},{"@type":"ListItem","position":3,"name":"Pooltester Cloro Total y pH Astralpool"}]},{"@type":"WebSite","@id":"https:\/\/www.piscilona.es\/tienda\/#website","url":"https:\/\/www.piscilona.es\/tienda\/","name":"Piscilona","description":"Piscilona","potentialAction":[{"@type":"SearchAction","target":{"@type":"EntryPoint","urlTemplate":"https:\/\/www.piscilona.es\/tienda\/?s={search_term_string}"},"query-input":{"@type":"PropertyValueSpecification","valueRequired":true,"valueName":"search_term_string"}}],"inLanguage":"es"}]}},"_links":{"self":[{"href":"https:\/\/www.piscilona.es\/tienda\/wp-json\/wp\/v2\/product\/5652","targetHints":{"allow":["GET"]}}],"collection":[{"href":"https:\/\/www.piscilona.es\/tienda\/wp-json\/wp\/v2\/product"}],"about":[{"href":"https:\/\/www.piscilona.es\/tienda\/wp-json\/wp\/v2\/types\/product"}],"version-history":[{"count":0,"href":"https:\/\/www.piscilona.es\/tienda\/wp-json\/wp\/v2\/product\/5652\/revisions"}],"wp:featuredmedia":[{"embeddable":true,"href":"https:\/\/www.piscilona.es\/tienda\/wp-json\/wp\/v2\/media\/5653"}],"wp:attachment":[{"href":"https:\/\/www.piscilona.es\/tienda\/wp-json\/wp\/v2\/media?parent=5652"}],"wp:term":[{"taxonomy":"product_brand","embeddable":true,"href":"https:\/\/www.piscilona.es\/tienda\/wp-json\/wp\/v2\/product_brand?post=5652"},{"taxonomy":"product_cat","embeddable":true,"href":"https:\/\/www.piscilona.es\/tienda\/wp-json\/wp\/v2\/product_cat?post=5652"},{"taxonomy":"product_tag","embeddable":true,"href":"https:\/\/www.piscilona.es\/tienda\/wp-json\/wp\/v2\/product_tag?post=5652"}],"curies":[{"name":"wp","href":"https:\/\/api.w.org\/{rel}","templated":true}]}}