{"id":5669,"date":"2024-01-23T10:28:25","date_gmt":"2024-01-23T10:28:25","guid":{"rendered":"https:\/\/www.piscilona.es\/tienda\/?post_type=product&#038;p=5669"},"modified":"2024-01-23T10:28:27","modified_gmt":"2024-01-23T10:28:27","slug":"kit-pooltester-oxigeno-y-ph-de-astralpool","status":"publish","type":"product","link":"https:\/\/www.piscilona.es\/tienda\/producto\/kit-pooltester-oxigeno-y-ph-de-astralpool\/","title":{"rendered":"Kit Pooltester Ox\u00edgeno y pH de Astralpool"},"content":{"rendered":"<p><strong>&#8220;Kit Pooltester Ox\u00edgeno y pH de Astralpool&#8221;: Equilibrio Perfecto, Agua Saludable&#8221;<\/strong><\/p>\n<p>El Kit Pooltester Ox\u00edgeno y pH de Astralpool es una soluci\u00f3n integral para el an\u00e1lisis y mantenimiento del agua en piscinas y spas que utilizan ox\u00edgeno activo como desinfectante. Este kit facilita la medici\u00f3n precisa de los niveles de ox\u00edgeno activo y del pH del agua, dos factores clave para garantizar un ambiente acu\u00e1tico limpio, seguro y confortable. Es ideal para los propietarios de piscinas y spas que buscan una herramienta sencilla y eficaz para el control regular del agua, especialmente en sistemas que prefieren el ox\u00edgeno activo sobre el cloro.<\/p>\n<p><strong>Principales Caracter\u00edsticas:<\/strong><\/p>\n<ul>\n<li>\u2022 Medici\u00f3n precisa de ox\u00edgeno activo y pH.<\/li>\n<li>\u2022 F\u00e1cil de usar, resultados r\u00e1pidos y fiables.<\/li>\n<li>\u2022 Dise\u00f1ado para piscinas y spas con tratamiento de ox\u00edgeno activo.<\/li>\n<li>\u2022 Esencial para mantener el agua en condiciones \u00f3ptimas.<\/li>\n<\/ul>\n<p><strong>Uso F\u00e1cil:<\/strong> El Kit Pooltester Ox\u00edgeno y pH es muy sencillo de utilizar. Incluye todo lo necesario para realizar las pruebas: reactivos, comparador y escala de colores. Se toma una muestra de agua, se a\u00f1aden los reactivos y se compara el color resultante con la escala para obtener una lectura precisa.<\/p>\n<p><strong>100% Resultados:<\/strong> Con el Kit Poolteste de Astralpool, podr\u00e1s mantener un equilibrio perfecto en el agua de tu piscina o spa. Este kit te ayuda a realizar los ajustes necesarios en el tratamiento del agua, asegurando que esta se mantenga limpia, clara y segura para el ba\u00f1o. Es una herramienta indispensable para un cuidado efectivo.<\/p>\n<p>Adem\u00e1s, puedes consultar nuestros servicios pulsando <a href=\"https:\/\/www.piscilona.es\/es\/nuestros-servicios\" target=\"_blank\" rel=\"noopener\">aqu\u00ed<\/a>.<\/p>\n","protected":false},"excerpt":{"rendered":"<p>&#8220;Kit Pooltester Ox\u00edgeno y pH de Astralpool&#8221;: Equilibrio Perfecto, Agua Saludable&#8221; El Kit Pooltester Ox\u00edgeno y pH de Astralpool es una soluci\u00f3n integral para el an\u00e1lisis y mantenimiento del agua en piscinas y spas que utilizan ox\u00edgeno activo como desinfectante. Este kit facilita la medici\u00f3n precisa de los niveles de ox\u00edgeno activo y del pH [&hellip;]<\/p>\n","protected":false},"featured_media":5670,"template":"","meta":[],"product_brand":[],"product_cat":[622,67],"product_tag":[613,614,557],"class_list":{"0":"post-5669","1":"product","2":"type-product","3":"status-publish","4":"has-post-thumbnail","6":"product_cat-analizadores-de-agua","7":"product_cat-dosificacion-analitica","8":"product_tag-analisis","9":"product_tag-analizar","10":"product_tag-oxigeno","12":"first","13":"instock","14":"taxable","15":"shipping-taxable","16":"purchasable","17":"product-type-simple"},"yoast_head":"<!-- This site is optimized with the Yoast SEO plugin v27.0 - https:\/\/yoast.com\/product\/yoast-seo-wordpress\/ -->\n<title>Kit Pooltester Ox\u00edgeno y pH de Astralpool - Piscilona<\/title>\n<meta name=\"description\" content=\"Kit Pooltester Ox\u00edgeno y pH\" \/>\n<meta name=\"robots\" content=\"index, follow, max-snippet:-1, max-image-preview:large, max-video-preview:-1\" \/>\n<link rel=\"canonical\" href=\"https:\/\/www.piscilona.es\/tienda\/producto\/kit-pooltester-oxigeno-y-ph-de-astralpool\/\" \/>\n<meta property=\"og:locale\" content=\"es_ES\" \/>\n<meta property=\"og:type\" content=\"article\" \/>\n<meta property=\"og:title\" content=\"Kit Pooltester Ox\u00edgeno y pH de Astralpool - Piscilona\" \/>\n<meta property=\"og:description\" content=\"Kit Pooltester Ox\u00edgeno y pH\" \/>\n<meta property=\"og:url\" content=\"https:\/\/www.piscilona.es\/tienda\/producto\/kit-pooltester-oxigeno-y-ph-de-astralpool\/\" \/>\n<meta property=\"og:site_name\" content=\"Piscilona\" \/>\n<meta property=\"article:modified_time\" content=\"2024-01-23T10:28:27+00:00\" \/>\n<meta property=\"og:image\" content=\"https:\/\/www.piscilona.es\/tienda\/wp-content\/uploads\/2024\/01\/2281.jpg\" \/>\n\t<meta property=\"og:image:width\" content=\"1654\" \/>\n\t<meta property=\"og:image:height\" content=\"1265\" \/>\n\t<meta property=\"og:image:type\" content=\"image\/jpeg\" \/>\n<meta name=\"twitter:card\" content=\"summary_large_image\" \/>\n<meta name=\"twitter:label1\" content=\"Tiempo de lectura\" \/>\n\t<meta name=\"twitter:data1\" content=\"2 minutos\" \/>\n<script type=\"application\/ld+json\" class=\"yoast-schema-graph\">{\"@context\":\"https:\/\/schema.org\",\"@graph\":[{\"@type\":\"WebPage\",\"@id\":\"https:\/\/www.piscilona.es\/tienda\/producto\/kit-pooltester-oxigeno-y-ph-de-astralpool\/\",\"url\":\"https:\/\/www.piscilona.es\/tienda\/producto\/kit-pooltester-oxigeno-y-ph-de-astralpool\/\",\"name\":\"Kit Pooltester Ox\u00edgeno y pH de Astralpool - Piscilona\",\"isPartOf\":{\"@id\":\"https:\/\/www.piscilona.es\/tienda\/#website\"},\"primaryImageOfPage\":{\"@id\":\"https:\/\/www.piscilona.es\/tienda\/producto\/kit-pooltester-oxigeno-y-ph-de-astralpool\/#primaryimage\"},\"image\":{\"@id\":\"https:\/\/www.piscilona.es\/tienda\/producto\/kit-pooltester-oxigeno-y-ph-de-astralpool\/#primaryimage\"},\"thumbnailUrl\":\"https:\/\/www.piscilona.es\/tienda\/wp-content\/uploads\/2024\/01\/2281.jpg\",\"datePublished\":\"2024-01-23T10:28:25+00:00\",\"dateModified\":\"2024-01-23T10:28:27+00:00\",\"description\":\"Kit Pooltester Ox\u00edgeno y pH\",\"breadcrumb\":{\"@id\":\"https:\/\/www.piscilona.es\/tienda\/producto\/kit-pooltester-oxigeno-y-ph-de-astralpool\/#breadcrumb\"},\"inLanguage\":\"es\",\"potentialAction\":[{\"@type\":\"ReadAction\",\"target\":[\"https:\/\/www.piscilona.es\/tienda\/producto\/kit-pooltester-oxigeno-y-ph-de-astralpool\/\"]}]},{\"@type\":\"ImageObject\",\"inLanguage\":\"es\",\"@id\":\"https:\/\/www.piscilona.es\/tienda\/producto\/kit-pooltester-oxigeno-y-ph-de-astralpool\/#primaryimage\",\"url\":\"https:\/\/www.piscilona.es\/tienda\/wp-content\/uploads\/2024\/01\/2281.jpg\",\"contentUrl\":\"https:\/\/www.piscilona.es\/tienda\/wp-content\/uploads\/2024\/01\/2281.jpg\",\"width\":1654,\"height\":1265,\"caption\":\"Kit Pooltester Ox\u00edgeno y pH\"},{\"@type\":\"BreadcrumbList\",\"@id\":\"https:\/\/www.piscilona.es\/tienda\/producto\/kit-pooltester-oxigeno-y-ph-de-astralpool\/#breadcrumb\",\"itemListElement\":[{\"@type\":\"ListItem\",\"position\":1,\"name\":\"Portada\",\"item\":\"https:\/\/www.piscilona.es\/tienda\/\"},{\"@type\":\"ListItem\",\"position\":2,\"name\":\"Tienda\",\"item\":\"https:\/\/www.piscilona.es\/tienda\/tienda\/\"},{\"@type\":\"ListItem\",\"position\":3,\"name\":\"Kit Pooltester Ox\u00edgeno y pH de Astralpool\"}]},{\"@type\":\"WebSite\",\"@id\":\"https:\/\/www.piscilona.es\/tienda\/#website\",\"url\":\"https:\/\/www.piscilona.es\/tienda\/\",\"name\":\"Piscilona\",\"description\":\"Piscilona\",\"potentialAction\":[{\"@type\":\"SearchAction\",\"target\":{\"@type\":\"EntryPoint\",\"urlTemplate\":\"https:\/\/www.piscilona.es\/tienda\/?s={search_term_string}\"},\"query-input\":{\"@type\":\"PropertyValueSpecification\",\"valueRequired\":true,\"valueName\":\"search_term_string\"}}],\"inLanguage\":\"es\"}]}<\/script>\n<!-- \/ Yoast SEO plugin. -->","yoast_head_json":{"title":"Kit Pooltester Ox\u00edgeno y pH de Astralpool - Piscilona","description":"Kit Pooltester Ox\u00edgeno y pH","robots":{"index":"index","follow":"follow","max-snippet":"max-snippet:-1","max-image-preview":"max-image-preview:large","max-video-preview":"max-video-preview:-1"},"canonical":"https:\/\/www.piscilona.es\/tienda\/producto\/kit-pooltester-oxigeno-y-ph-de-astralpool\/","og_locale":"es_ES","og_type":"article","og_title":"Kit Pooltester Ox\u00edgeno y pH de Astralpool - Piscilona","og_description":"Kit Pooltester Ox\u00edgeno y pH","og_url":"https:\/\/www.piscilona.es\/tienda\/producto\/kit-pooltester-oxigeno-y-ph-de-astralpool\/","og_site_name":"Piscilona","article_modified_time":"2024-01-23T10:28:27+00:00","og_image":[{"width":1654,"height":1265,"url":"https:\/\/www.piscilona.es\/tienda\/wp-content\/uploads\/2024\/01\/2281.jpg","type":"image\/jpeg"}],"twitter_card":"summary_large_image","twitter_misc":{"Tiempo de lectura":"2 minutos"},"schema":{"@context":"https:\/\/schema.org","@graph":[{"@type":"WebPage","@id":"https:\/\/www.piscilona.es\/tienda\/producto\/kit-pooltester-oxigeno-y-ph-de-astralpool\/","url":"https:\/\/www.piscilona.es\/tienda\/producto\/kit-pooltester-oxigeno-y-ph-de-astralpool\/","name":"Kit Pooltester Ox\u00edgeno y pH de Astralpool - Piscilona","isPartOf":{"@id":"https:\/\/www.piscilona.es\/tienda\/#website"},"primaryImageOfPage":{"@id":"https:\/\/www.piscilona.es\/tienda\/producto\/kit-pooltester-oxigeno-y-ph-de-astralpool\/#primaryimage"},"image":{"@id":"https:\/\/www.piscilona.es\/tienda\/producto\/kit-pooltester-oxigeno-y-ph-de-astralpool\/#primaryimage"},"thumbnailUrl":"https:\/\/www.piscilona.es\/tienda\/wp-content\/uploads\/2024\/01\/2281.jpg","datePublished":"2024-01-23T10:28:25+00:00","dateModified":"2024-01-23T10:28:27+00:00","description":"Kit Pooltester Ox\u00edgeno y pH","breadcrumb":{"@id":"https:\/\/www.piscilona.es\/tienda\/producto\/kit-pooltester-oxigeno-y-ph-de-astralpool\/#breadcrumb"},"inLanguage":"es","potentialAction":[{"@type":"ReadAction","target":["https:\/\/www.piscilona.es\/tienda\/producto\/kit-pooltester-oxigeno-y-ph-de-astralpool\/"]}]},{"@type":"ImageObject","inLanguage":"es","@id":"https:\/\/www.piscilona.es\/tienda\/producto\/kit-pooltester-oxigeno-y-ph-de-astralpool\/#primaryimage","url":"https:\/\/www.piscilona.es\/tienda\/wp-content\/uploads\/2024\/01\/2281.jpg","contentUrl":"https:\/\/www.piscilona.es\/tienda\/wp-content\/uploads\/2024\/01\/2281.jpg","width":1654,"height":1265,"caption":"Kit Pooltester Ox\u00edgeno y pH"},{"@type":"BreadcrumbList","@id":"https:\/\/www.piscilona.es\/tienda\/producto\/kit-pooltester-oxigeno-y-ph-de-astralpool\/#breadcrumb","itemListElement":[{"@type":"ListItem","position":1,"name":"Portada","item":"https:\/\/www.piscilona.es\/tienda\/"},{"@type":"ListItem","position":2,"name":"Tienda","item":"https:\/\/www.piscilona.es\/tienda\/tienda\/"},{"@type":"ListItem","position":3,"name":"Kit Pooltester Ox\u00edgeno y pH de Astralpool"}]},{"@type":"WebSite","@id":"https:\/\/www.piscilona.es\/tienda\/#website","url":"https:\/\/www.piscilona.es\/tienda\/","name":"Piscilona","description":"Piscilona","potentialAction":[{"@type":"SearchAction","target":{"@type":"EntryPoint","urlTemplate":"https:\/\/www.piscilona.es\/tienda\/?s={search_term_string}"},"query-input":{"@type":"PropertyValueSpecification","valueRequired":true,"valueName":"search_term_string"}}],"inLanguage":"es"}]}},"_links":{"self":[{"href":"https:\/\/www.piscilona.es\/tienda\/wp-json\/wp\/v2\/product\/5669","targetHints":{"allow":["GET"]}}],"collection":[{"href":"https:\/\/www.piscilona.es\/tienda\/wp-json\/wp\/v2\/product"}],"about":[{"href":"https:\/\/www.piscilona.es\/tienda\/wp-json\/wp\/v2\/types\/product"}],"version-history":[{"count":0,"href":"https:\/\/www.piscilona.es\/tienda\/wp-json\/wp\/v2\/product\/5669\/revisions"}],"wp:featuredmedia":[{"embeddable":true,"href":"https:\/\/www.piscilona.es\/tienda\/wp-json\/wp\/v2\/media\/5670"}],"wp:attachment":[{"href":"https:\/\/www.piscilona.es\/tienda\/wp-json\/wp\/v2\/media?parent=5669"}],"wp:term":[{"taxonomy":"product_brand","embeddable":true,"href":"https:\/\/www.piscilona.es\/tienda\/wp-json\/wp\/v2\/product_brand?post=5669"},{"taxonomy":"product_cat","embeddable":true,"href":"https:\/\/www.piscilona.es\/tienda\/wp-json\/wp\/v2\/product_cat?post=5669"},{"taxonomy":"product_tag","embeddable":true,"href":"https:\/\/www.piscilona.es\/tienda\/wp-json\/wp\/v2\/product_tag?post=5669"}],"curies":[{"name":"wp","href":"https:\/\/api.w.org\/{rel}","templated":true}]}}