{"id":5673,"date":"2024-01-23T10:42:04","date_gmt":"2024-01-23T10:42:04","guid":{"rendered":"https:\/\/www.piscilona.es\/tienda\/?post_type=product&#038;p=5673"},"modified":"2024-01-23T10:42:07","modified_gmt":"2024-01-23T10:42:07","slug":"pooltester-bromo-y-ph-astralpool","status":"publish","type":"product","link":"https:\/\/www.piscilona.es\/tienda\/producto\/pooltester-bromo-y-ph-astralpool\/","title":{"rendered":"Pooltester Bromo y pH Astralpool"},"content":{"rendered":"<p><strong>&#8220;Pooltester Bromo y pH de Astralpool&#8221;: Equilibrio Perfecto, Agua Ideal&#8221;<\/strong><\/p>\n<p>El Pooltester Bromo y pH de Astralpool es una herramienta esencial y pr\u00e1ctica para el an\u00e1lisis r\u00e1pido y preciso de la calidad del agua en piscinas y spas tratados con bromo. Este kit de prueba permite medir de manera eficiente los niveles de bromo y pH, dos par\u00e1metros fundamentales para asegurar que el agua est\u00e9 limpia, segura y equilibrada. Es perfecto para propietarios de piscinas y spas que buscan una soluci\u00f3n sencilla y eficaz para controlar la calidad del agua de manera regular.<\/p>\n<p><strong>Principales Caracter\u00edsticas:<\/strong><\/p>\n<ul>\n<li>\u2022 Medici\u00f3n precisa y r\u00e1pida de los niveles de bromo y pH.<\/li>\n<li>\u2022 F\u00e1cil de usar, ideal para principiantes y profesionales.<\/li>\n<li>\u2022 Adecuado para piscinas y spas tratados con bromo.<\/li>\n<li>\u2022 Herramienta esencial para el mantenimiento regular del agua.<\/li>\n<\/ul>\n<p><strong>Uso F\u00e1cil:<\/strong> El uso del Pooltester Bromo y pH es extremadamente sencillo. Incluye reactivos que, al entrar en contacto con una muestra de agua de la piscina, cambian de color indicando los niveles de bromo y pH. Estos colores se comparan con una escala proporcionada para obtener los resultados.<\/p>\n<p><strong>100% Resultados:<\/strong> Con el Pooltester Bromo y pH de Astralpool, podr\u00e1s mantener f\u00e1cilmente el equilibrio qu\u00edmico del agua de tu piscina o spa. Este kit te permite realizar ajustes necesarios para asegurar un agua limpia y segura, optimizando la experiencia de ba\u00f1o y protegiendo tanto la salud de los usuarios como la integridad de tu piscina. Es una herramienta indispensable para un mantenimiento efectivo y eficiente del agua.<\/p>\n<p>Adem\u00e1s, puedes consultar nuestros servicios pulsando <a href=\"https:\/\/www.piscilona.es\/es\/nuestros-servicios\" target=\"_blank\" rel=\"noopener\">aqu\u00ed<\/a>.<\/p>\n","protected":false},"excerpt":{"rendered":"<p>&#8220;Pooltester Bromo y pH de Astralpool&#8221;: Equilibrio Perfecto, Agua Ideal&#8221; El Pooltester Bromo y pH de Astralpool es una herramienta esencial y pr\u00e1ctica para el an\u00e1lisis r\u00e1pido y preciso de la calidad del agua en piscinas y spas tratados con bromo. Este kit de prueba permite medir de manera eficiente los niveles de bromo y [&hellip;]<\/p>\n","protected":false},"featured_media":5674,"template":"","meta":[],"product_brand":[],"product_cat":[622,67],"product_tag":[613,614,233,631,653,647],"class_list":{"0":"post-5673","1":"product","2":"type-product","3":"status-publish","4":"has-post-thumbnail","6":"product_cat-analizadores-de-agua","7":"product_cat-dosificacion-analitica","8":"product_tag-analisis","9":"product_tag-analizar","10":"product_tag-astralpool","11":"product_tag-medicion","12":"product_tag-medidor","13":"product_tag-medir","15":"first","16":"instock","17":"taxable","18":"shipping-taxable","19":"purchasable","20":"product-type-simple"},"yoast_head":"<!-- This site is optimized with the Yoast SEO plugin v27.0 - https:\/\/yoast.com\/product\/yoast-seo-wordpress\/ -->\n<title>Pooltester Bromo y pH Astralpool - Piscilona<\/title>\n<meta name=\"description\" content=\"Pooltester Bromo y pH\" \/>\n<meta name=\"robots\" content=\"index, follow, max-snippet:-1, max-image-preview:large, max-video-preview:-1\" \/>\n<link rel=\"canonical\" href=\"https:\/\/www.piscilona.es\/tienda\/producto\/pooltester-bromo-y-ph-astralpool\/\" \/>\n<meta property=\"og:locale\" content=\"es_ES\" \/>\n<meta property=\"og:type\" content=\"article\" \/>\n<meta property=\"og:title\" content=\"Pooltester Bromo y pH Astralpool - Piscilona\" \/>\n<meta property=\"og:description\" content=\"Pooltester Bromo y pH\" \/>\n<meta property=\"og:url\" content=\"https:\/\/www.piscilona.es\/tienda\/producto\/pooltester-bromo-y-ph-astralpool\/\" \/>\n<meta property=\"og:site_name\" content=\"Piscilona\" \/>\n<meta property=\"article:modified_time\" content=\"2024-01-23T10:42:07+00:00\" \/>\n<meta property=\"og:image\" content=\"https:\/\/www.piscilona.es\/tienda\/wp-content\/uploads\/2024\/01\/2301.jpg\" \/>\n\t<meta property=\"og:image:width\" content=\"2560\" \/>\n\t<meta property=\"og:image:height\" content=\"1702\" \/>\n\t<meta property=\"og:image:type\" content=\"image\/jpeg\" \/>\n<meta name=\"twitter:card\" content=\"summary_large_image\" \/>\n<meta name=\"twitter:label1\" content=\"Tiempo de lectura\" \/>\n\t<meta name=\"twitter:data1\" content=\"2 minutos\" \/>\n<script type=\"application\/ld+json\" class=\"yoast-schema-graph\">{\"@context\":\"https:\/\/schema.org\",\"@graph\":[{\"@type\":\"WebPage\",\"@id\":\"https:\/\/www.piscilona.es\/tienda\/producto\/pooltester-bromo-y-ph-astralpool\/\",\"url\":\"https:\/\/www.piscilona.es\/tienda\/producto\/pooltester-bromo-y-ph-astralpool\/\",\"name\":\"Pooltester Bromo y pH Astralpool - Piscilona\",\"isPartOf\":{\"@id\":\"https:\/\/www.piscilona.es\/tienda\/#website\"},\"primaryImageOfPage\":{\"@id\":\"https:\/\/www.piscilona.es\/tienda\/producto\/pooltester-bromo-y-ph-astralpool\/#primaryimage\"},\"image\":{\"@id\":\"https:\/\/www.piscilona.es\/tienda\/producto\/pooltester-bromo-y-ph-astralpool\/#primaryimage\"},\"thumbnailUrl\":\"https:\/\/www.piscilona.es\/tienda\/wp-content\/uploads\/2024\/01\/2301.jpg\",\"datePublished\":\"2024-01-23T10:42:04+00:00\",\"dateModified\":\"2024-01-23T10:42:07+00:00\",\"description\":\"Pooltester Bromo y pH\",\"breadcrumb\":{\"@id\":\"https:\/\/www.piscilona.es\/tienda\/producto\/pooltester-bromo-y-ph-astralpool\/#breadcrumb\"},\"inLanguage\":\"es\",\"potentialAction\":[{\"@type\":\"ReadAction\",\"target\":[\"https:\/\/www.piscilona.es\/tienda\/producto\/pooltester-bromo-y-ph-astralpool\/\"]}]},{\"@type\":\"ImageObject\",\"inLanguage\":\"es\",\"@id\":\"https:\/\/www.piscilona.es\/tienda\/producto\/pooltester-bromo-y-ph-astralpool\/#primaryimage\",\"url\":\"https:\/\/www.piscilona.es\/tienda\/wp-content\/uploads\/2024\/01\/2301.jpg\",\"contentUrl\":\"https:\/\/www.piscilona.es\/tienda\/wp-content\/uploads\/2024\/01\/2301.jpg\",\"width\":2560,\"height\":1702,\"caption\":\"Pooltester Bromo y pH\"},{\"@type\":\"BreadcrumbList\",\"@id\":\"https:\/\/www.piscilona.es\/tienda\/producto\/pooltester-bromo-y-ph-astralpool\/#breadcrumb\",\"itemListElement\":[{\"@type\":\"ListItem\",\"position\":1,\"name\":\"Portada\",\"item\":\"https:\/\/www.piscilona.es\/tienda\/\"},{\"@type\":\"ListItem\",\"position\":2,\"name\":\"Tienda\",\"item\":\"https:\/\/www.piscilona.es\/tienda\/tienda\/\"},{\"@type\":\"ListItem\",\"position\":3,\"name\":\"Pooltester Bromo y pH Astralpool\"}]},{\"@type\":\"WebSite\",\"@id\":\"https:\/\/www.piscilona.es\/tienda\/#website\",\"url\":\"https:\/\/www.piscilona.es\/tienda\/\",\"name\":\"Piscilona\",\"description\":\"Piscilona\",\"potentialAction\":[{\"@type\":\"SearchAction\",\"target\":{\"@type\":\"EntryPoint\",\"urlTemplate\":\"https:\/\/www.piscilona.es\/tienda\/?s={search_term_string}\"},\"query-input\":{\"@type\":\"PropertyValueSpecification\",\"valueRequired\":true,\"valueName\":\"search_term_string\"}}],\"inLanguage\":\"es\"}]}<\/script>\n<!-- \/ Yoast SEO plugin. -->","yoast_head_json":{"title":"Pooltester Bromo y pH Astralpool - Piscilona","description":"Pooltester Bromo y pH","robots":{"index":"index","follow":"follow","max-snippet":"max-snippet:-1","max-image-preview":"max-image-preview:large","max-video-preview":"max-video-preview:-1"},"canonical":"https:\/\/www.piscilona.es\/tienda\/producto\/pooltester-bromo-y-ph-astralpool\/","og_locale":"es_ES","og_type":"article","og_title":"Pooltester Bromo y pH Astralpool - Piscilona","og_description":"Pooltester Bromo y pH","og_url":"https:\/\/www.piscilona.es\/tienda\/producto\/pooltester-bromo-y-ph-astralpool\/","og_site_name":"Piscilona","article_modified_time":"2024-01-23T10:42:07+00:00","og_image":[{"width":2560,"height":1702,"url":"https:\/\/www.piscilona.es\/tienda\/wp-content\/uploads\/2024\/01\/2301.jpg","type":"image\/jpeg"}],"twitter_card":"summary_large_image","twitter_misc":{"Tiempo de lectura":"2 minutos"},"schema":{"@context":"https:\/\/schema.org","@graph":[{"@type":"WebPage","@id":"https:\/\/www.piscilona.es\/tienda\/producto\/pooltester-bromo-y-ph-astralpool\/","url":"https:\/\/www.piscilona.es\/tienda\/producto\/pooltester-bromo-y-ph-astralpool\/","name":"Pooltester Bromo y pH Astralpool - Piscilona","isPartOf":{"@id":"https:\/\/www.piscilona.es\/tienda\/#website"},"primaryImageOfPage":{"@id":"https:\/\/www.piscilona.es\/tienda\/producto\/pooltester-bromo-y-ph-astralpool\/#primaryimage"},"image":{"@id":"https:\/\/www.piscilona.es\/tienda\/producto\/pooltester-bromo-y-ph-astralpool\/#primaryimage"},"thumbnailUrl":"https:\/\/www.piscilona.es\/tienda\/wp-content\/uploads\/2024\/01\/2301.jpg","datePublished":"2024-01-23T10:42:04+00:00","dateModified":"2024-01-23T10:42:07+00:00","description":"Pooltester Bromo y pH","breadcrumb":{"@id":"https:\/\/www.piscilona.es\/tienda\/producto\/pooltester-bromo-y-ph-astralpool\/#breadcrumb"},"inLanguage":"es","potentialAction":[{"@type":"ReadAction","target":["https:\/\/www.piscilona.es\/tienda\/producto\/pooltester-bromo-y-ph-astralpool\/"]}]},{"@type":"ImageObject","inLanguage":"es","@id":"https:\/\/www.piscilona.es\/tienda\/producto\/pooltester-bromo-y-ph-astralpool\/#primaryimage","url":"https:\/\/www.piscilona.es\/tienda\/wp-content\/uploads\/2024\/01\/2301.jpg","contentUrl":"https:\/\/www.piscilona.es\/tienda\/wp-content\/uploads\/2024\/01\/2301.jpg","width":2560,"height":1702,"caption":"Pooltester Bromo y pH"},{"@type":"BreadcrumbList","@id":"https:\/\/www.piscilona.es\/tienda\/producto\/pooltester-bromo-y-ph-astralpool\/#breadcrumb","itemListElement":[{"@type":"ListItem","position":1,"name":"Portada","item":"https:\/\/www.piscilona.es\/tienda\/"},{"@type":"ListItem","position":2,"name":"Tienda","item":"https:\/\/www.piscilona.es\/tienda\/tienda\/"},{"@type":"ListItem","position":3,"name":"Pooltester Bromo y pH Astralpool"}]},{"@type":"WebSite","@id":"https:\/\/www.piscilona.es\/tienda\/#website","url":"https:\/\/www.piscilona.es\/tienda\/","name":"Piscilona","description":"Piscilona","potentialAction":[{"@type":"SearchAction","target":{"@type":"EntryPoint","urlTemplate":"https:\/\/www.piscilona.es\/tienda\/?s={search_term_string}"},"query-input":{"@type":"PropertyValueSpecification","valueRequired":true,"valueName":"search_term_string"}}],"inLanguage":"es"}]}},"_links":{"self":[{"href":"https:\/\/www.piscilona.es\/tienda\/wp-json\/wp\/v2\/product\/5673","targetHints":{"allow":["GET"]}}],"collection":[{"href":"https:\/\/www.piscilona.es\/tienda\/wp-json\/wp\/v2\/product"}],"about":[{"href":"https:\/\/www.piscilona.es\/tienda\/wp-json\/wp\/v2\/types\/product"}],"version-history":[{"count":0,"href":"https:\/\/www.piscilona.es\/tienda\/wp-json\/wp\/v2\/product\/5673\/revisions"}],"wp:featuredmedia":[{"embeddable":true,"href":"https:\/\/www.piscilona.es\/tienda\/wp-json\/wp\/v2\/media\/5674"}],"wp:attachment":[{"href":"https:\/\/www.piscilona.es\/tienda\/wp-json\/wp\/v2\/media?parent=5673"}],"wp:term":[{"taxonomy":"product_brand","embeddable":true,"href":"https:\/\/www.piscilona.es\/tienda\/wp-json\/wp\/v2\/product_brand?post=5673"},{"taxonomy":"product_cat","embeddable":true,"href":"https:\/\/www.piscilona.es\/tienda\/wp-json\/wp\/v2\/product_cat?post=5673"},{"taxonomy":"product_tag","embeddable":true,"href":"https:\/\/www.piscilona.es\/tienda\/wp-json\/wp\/v2\/product_tag?post=5673"}],"curies":[{"name":"wp","href":"https:\/\/api.w.org\/{rel}","templated":true}]}}