{"id":5858,"date":"2025-12-02T08:42:13","date_gmt":"2025-12-02T08:42:13","guid":{"rendered":"https:\/\/www.piscilona.es\/tienda\/?post_type=product&#038;p=5858"},"modified":"2025-12-03T09:22:04","modified_gmt":"2025-12-03T09:22:04","slug":"kit-color-limpiafondos-cosmy","status":"publish","type":"product","link":"https:\/\/www.piscilona.es\/tienda\/producto\/kit-color-limpiafondos-cosmy\/","title":{"rendered":"Kit Color Limpiafondos COSMY"},"content":{"rendered":"<p><strong>Kit 8 Color Limpiafondos COSMY: Personalizaci\u00f3n y Estilo a tu Medida<\/strong><\/p>\n<p>El Kit 8 Color Limpiafondos COSMY te ofrece la libertad de personalizar tu limpiafondos seg\u00fan tu estilo \u00fanico y preferencias de color. Con ocho vibrantes opciones para elegir, podr\u00e1s adaptar tu robot Cosmy a tu gusto con un simple clic.<\/p>\n<p><strong>Principales Caracter\u00edsticas:<\/strong><\/p>\n<ul>\n<li>Personalizaci\u00f3n Total con Ocho Colores Disponibles<\/li>\n<li>Tapas y Laterales Intercambiables con un Clic<\/li>\n<li>Carcasa est\u00e1ndar color Azul Lagoon<\/li>\n<li>Disponible para todos los modelos, (100, 150, 200, 250).<\/li>\n<\/ul>\n<p><strong>Estilo a tu Manera:<\/strong> Con el Kit 8 Color Limpiafondos COSMY, puedes darle a tu robot Cosmy un toque de color \u00fanico. Desde el rosa suave hasta el vibrante amarillo, tienes la libertad de elegir el color que mejor se adapte a tu estilo y personalidad.<\/p>\n<p><strong>F\u00e1cil de Cambiar:<\/strong> Gracias al sistema de clic integrado, cambiar las tapas y laterales de tu limpiafondos Cosmy es r\u00e1pido y sencillo. Simplemente selecciona el color que deseas y transforma tu robot en un instante.<\/p>\n<p><strong>Variedad de Colores:<\/strong> El Kit Color Limpiafondos incluye ocho emocionantes opciones de color para satisfacer todos los gustos. Desde el rosa Flamingo hasta el amarillo Lemon, encontrar\u00e1s el tono perfecto para complementar tu espacio de piscina.<\/p>\n<p><strong>Personaliza tu Experiencia:<\/strong> Con Cosmy, no solo obtienes un rendimiento excepcional de limpieza, sino tambi\u00e9n la oportunidad de expresar tu estilo \u00fanico. Disfruta de una piscina impecable y con estilo con el Kit 8 Color.<\/p>\n<p>Adem\u00e1s, puedes consultar nuestros servicios pulsando <a href=\"https:\/\/www.piscilona.es\/es\/nuestros-servicios\" target=\"_blank\" rel=\"noopener\">aqu\u00ed<\/a>.<\/p>\n<p><a href=\"https:\/\/youtu.be\/g-z93_av9NI\" target=\"_blank\" rel=\"noopener\">Video Colores Robot Limpiafondos Cosmy<\/a><\/p>\n","protected":false},"excerpt":{"rendered":"<p>El Kit 8 Color Limpiafondos COSMY te ofrece la libertad de personalizar tu limpiafondos seg\u00fan tu estilo \u00fanico y preferencias de color. Con ocho vibrantes opciones para elegir, podr\u00e1s adaptar tu robot Cosmy a tu gusto con un simple clic.<\/p>\n","protected":false},"featured_media":5868,"template":"","meta":[],"product_brand":[],"product_cat":[204,72],"product_tag":[719,720,639,706],"class_list":{"0":"post-5858","1":"product","2":"type-product","3":"status-publish","4":"has-post-thumbnail","6":"product_cat-limpiafondos-automatico","7":"product_cat-limpieza","8":"product_tag-color","9":"product_tag-cosmy","10":"product_tag-recambios","11":"product_tag-robot","13":"first","14":"instock","15":"taxable","16":"shipping-taxable","17":"purchasable","18":"product-type-variable","19":"has-default-attributes"},"yoast_head":"<!-- This site is optimized with the Yoast SEO plugin v27.0 - https:\/\/yoast.com\/product\/yoast-seo-wordpress\/ -->\n<title>Kit Color Limpiafondos COSMY - Piscilona<\/title>\n<meta name=\"description\" content=\"El Kit 8 Color Limpiafondos COSMY te ofrece la libertad de personalizar tu limpiafondos seg\u00fan tu estilo \u00fanico y preferencias de color.\" \/>\n<meta name=\"robots\" content=\"index, follow, max-snippet:-1, max-image-preview:large, max-video-preview:-1\" \/>\n<link rel=\"canonical\" href=\"https:\/\/www.piscilona.es\/tienda\/producto\/kit-color-limpiafondos-cosmy\/\" \/>\n<meta property=\"og:locale\" content=\"es_ES\" \/>\n<meta property=\"og:type\" content=\"article\" \/>\n<meta property=\"og:title\" content=\"Kit Color Limpiafondos COSMY - Piscilona\" \/>\n<meta property=\"og:description\" content=\"El Kit 8 Color Limpiafondos COSMY te ofrece la libertad de personalizar tu limpiafondos seg\u00fan tu estilo \u00fanico y preferencias de color.\" \/>\n<meta property=\"og:url\" content=\"https:\/\/www.piscilona.es\/tienda\/producto\/kit-color-limpiafondos-cosmy\/\" \/>\n<meta property=\"og:site_name\" content=\"Piscilona\" \/>\n<meta property=\"article:modified_time\" content=\"2025-12-03T09:22:04+00:00\" \/>\n<meta property=\"og:image\" content=\"https:\/\/www.piscilona.es\/tienda\/wp-content\/uploads\/2024\/02\/2641.jpg\" \/>\n\t<meta property=\"og:image:width\" content=\"800\" \/>\n\t<meta property=\"og:image:height\" content=\"800\" \/>\n\t<meta property=\"og:image:type\" content=\"image\/jpeg\" \/>\n<meta name=\"twitter:card\" content=\"summary_large_image\" \/>\n<meta name=\"twitter:label1\" content=\"Tiempo de lectura\" \/>\n\t<meta name=\"twitter:data1\" content=\"2 minutos\" \/>\n<script type=\"application\/ld+json\" class=\"yoast-schema-graph\">{\"@context\":\"https:\/\/schema.org\",\"@graph\":[{\"@type\":\"WebPage\",\"@id\":\"https:\/\/www.piscilona.es\/tienda\/producto\/kit-color-limpiafondos-cosmy\/\",\"url\":\"https:\/\/www.piscilona.es\/tienda\/producto\/kit-color-limpiafondos-cosmy\/\",\"name\":\"Kit Color Limpiafondos COSMY - Piscilona\",\"isPartOf\":{\"@id\":\"https:\/\/www.piscilona.es\/tienda\/#website\"},\"primaryImageOfPage\":{\"@id\":\"https:\/\/www.piscilona.es\/tienda\/producto\/kit-color-limpiafondos-cosmy\/#primaryimage\"},\"image\":{\"@id\":\"https:\/\/www.piscilona.es\/tienda\/producto\/kit-color-limpiafondos-cosmy\/#primaryimage\"},\"thumbnailUrl\":\"https:\/\/www.piscilona.es\/tienda\/wp-content\/uploads\/2024\/02\/2641.jpg\",\"datePublished\":\"2025-12-02T08:42:13+00:00\",\"dateModified\":\"2025-12-03T09:22:04+00:00\",\"description\":\"El Kit 8 Color Limpiafondos COSMY te ofrece la libertad de personalizar tu limpiafondos seg\u00fan tu estilo \u00fanico y preferencias de color.\",\"breadcrumb\":{\"@id\":\"https:\/\/www.piscilona.es\/tienda\/producto\/kit-color-limpiafondos-cosmy\/#breadcrumb\"},\"inLanguage\":\"es\",\"potentialAction\":[{\"@type\":\"ReadAction\",\"target\":[\"https:\/\/www.piscilona.es\/tienda\/producto\/kit-color-limpiafondos-cosmy\/\"]}]},{\"@type\":\"ImageObject\",\"inLanguage\":\"es\",\"@id\":\"https:\/\/www.piscilona.es\/tienda\/producto\/kit-color-limpiafondos-cosmy\/#primaryimage\",\"url\":\"https:\/\/www.piscilona.es\/tienda\/wp-content\/uploads\/2024\/02\/2641.jpg\",\"contentUrl\":\"https:\/\/www.piscilona.es\/tienda\/wp-content\/uploads\/2024\/02\/2641.jpg\",\"width\":800,\"height\":800,\"caption\":\"Kit Color Limpiafondos COSMY\"},{\"@type\":\"BreadcrumbList\",\"@id\":\"https:\/\/www.piscilona.es\/tienda\/producto\/kit-color-limpiafondos-cosmy\/#breadcrumb\",\"itemListElement\":[{\"@type\":\"ListItem\",\"position\":1,\"name\":\"Portada\",\"item\":\"https:\/\/www.piscilona.es\/tienda\/\"},{\"@type\":\"ListItem\",\"position\":2,\"name\":\"Tienda\",\"item\":\"https:\/\/www.piscilona.es\/tienda\/tienda\/\"},{\"@type\":\"ListItem\",\"position\":3,\"name\":\"Kit Color Limpiafondos COSMY\"}]},{\"@type\":\"WebSite\",\"@id\":\"https:\/\/www.piscilona.es\/tienda\/#website\",\"url\":\"https:\/\/www.piscilona.es\/tienda\/\",\"name\":\"Piscilona\",\"description\":\"Piscilona\",\"potentialAction\":[{\"@type\":\"SearchAction\",\"target\":{\"@type\":\"EntryPoint\",\"urlTemplate\":\"https:\/\/www.piscilona.es\/tienda\/?s={search_term_string}\"},\"query-input\":{\"@type\":\"PropertyValueSpecification\",\"valueRequired\":true,\"valueName\":\"search_term_string\"}}],\"inLanguage\":\"es\"}]}<\/script>\n<!-- \/ Yoast SEO plugin. -->","yoast_head_json":{"title":"Kit Color Limpiafondos COSMY - Piscilona","description":"El Kit 8 Color Limpiafondos COSMY te ofrece la libertad de personalizar tu limpiafondos seg\u00fan tu estilo \u00fanico y preferencias de color.","robots":{"index":"index","follow":"follow","max-snippet":"max-snippet:-1","max-image-preview":"max-image-preview:large","max-video-preview":"max-video-preview:-1"},"canonical":"https:\/\/www.piscilona.es\/tienda\/producto\/kit-color-limpiafondos-cosmy\/","og_locale":"es_ES","og_type":"article","og_title":"Kit Color Limpiafondos COSMY - Piscilona","og_description":"El Kit 8 Color Limpiafondos COSMY te ofrece la libertad de personalizar tu limpiafondos seg\u00fan tu estilo \u00fanico y preferencias de color.","og_url":"https:\/\/www.piscilona.es\/tienda\/producto\/kit-color-limpiafondos-cosmy\/","og_site_name":"Piscilona","article_modified_time":"2025-12-03T09:22:04+00:00","og_image":[{"width":800,"height":800,"url":"https:\/\/www.piscilona.es\/tienda\/wp-content\/uploads\/2024\/02\/2641.jpg","type":"image\/jpeg"}],"twitter_card":"summary_large_image","twitter_misc":{"Tiempo de lectura":"2 minutos"},"schema":{"@context":"https:\/\/schema.org","@graph":[{"@type":"WebPage","@id":"https:\/\/www.piscilona.es\/tienda\/producto\/kit-color-limpiafondos-cosmy\/","url":"https:\/\/www.piscilona.es\/tienda\/producto\/kit-color-limpiafondos-cosmy\/","name":"Kit Color Limpiafondos COSMY - Piscilona","isPartOf":{"@id":"https:\/\/www.piscilona.es\/tienda\/#website"},"primaryImageOfPage":{"@id":"https:\/\/www.piscilona.es\/tienda\/producto\/kit-color-limpiafondos-cosmy\/#primaryimage"},"image":{"@id":"https:\/\/www.piscilona.es\/tienda\/producto\/kit-color-limpiafondos-cosmy\/#primaryimage"},"thumbnailUrl":"https:\/\/www.piscilona.es\/tienda\/wp-content\/uploads\/2024\/02\/2641.jpg","datePublished":"2025-12-02T08:42:13+00:00","dateModified":"2025-12-03T09:22:04+00:00","description":"El Kit 8 Color Limpiafondos COSMY te ofrece la libertad de personalizar tu limpiafondos seg\u00fan tu estilo \u00fanico y preferencias de color.","breadcrumb":{"@id":"https:\/\/www.piscilona.es\/tienda\/producto\/kit-color-limpiafondos-cosmy\/#breadcrumb"},"inLanguage":"es","potentialAction":[{"@type":"ReadAction","target":["https:\/\/www.piscilona.es\/tienda\/producto\/kit-color-limpiafondos-cosmy\/"]}]},{"@type":"ImageObject","inLanguage":"es","@id":"https:\/\/www.piscilona.es\/tienda\/producto\/kit-color-limpiafondos-cosmy\/#primaryimage","url":"https:\/\/www.piscilona.es\/tienda\/wp-content\/uploads\/2024\/02\/2641.jpg","contentUrl":"https:\/\/www.piscilona.es\/tienda\/wp-content\/uploads\/2024\/02\/2641.jpg","width":800,"height":800,"caption":"Kit Color Limpiafondos COSMY"},{"@type":"BreadcrumbList","@id":"https:\/\/www.piscilona.es\/tienda\/producto\/kit-color-limpiafondos-cosmy\/#breadcrumb","itemListElement":[{"@type":"ListItem","position":1,"name":"Portada","item":"https:\/\/www.piscilona.es\/tienda\/"},{"@type":"ListItem","position":2,"name":"Tienda","item":"https:\/\/www.piscilona.es\/tienda\/tienda\/"},{"@type":"ListItem","position":3,"name":"Kit Color Limpiafondos COSMY"}]},{"@type":"WebSite","@id":"https:\/\/www.piscilona.es\/tienda\/#website","url":"https:\/\/www.piscilona.es\/tienda\/","name":"Piscilona","description":"Piscilona","potentialAction":[{"@type":"SearchAction","target":{"@type":"EntryPoint","urlTemplate":"https:\/\/www.piscilona.es\/tienda\/?s={search_term_string}"},"query-input":{"@type":"PropertyValueSpecification","valueRequired":true,"valueName":"search_term_string"}}],"inLanguage":"es"}]}},"_links":{"self":[{"href":"https:\/\/www.piscilona.es\/tienda\/wp-json\/wp\/v2\/product\/5858","targetHints":{"allow":["GET"]}}],"collection":[{"href":"https:\/\/www.piscilona.es\/tienda\/wp-json\/wp\/v2\/product"}],"about":[{"href":"https:\/\/www.piscilona.es\/tienda\/wp-json\/wp\/v2\/types\/product"}],"version-history":[{"count":0,"href":"https:\/\/www.piscilona.es\/tienda\/wp-json\/wp\/v2\/product\/5858\/revisions"}],"wp:featuredmedia":[{"embeddable":true,"href":"https:\/\/www.piscilona.es\/tienda\/wp-json\/wp\/v2\/media\/5868"}],"wp:attachment":[{"href":"https:\/\/www.piscilona.es\/tienda\/wp-json\/wp\/v2\/media?parent=5858"}],"wp:term":[{"taxonomy":"product_brand","embeddable":true,"href":"https:\/\/www.piscilona.es\/tienda\/wp-json\/wp\/v2\/product_brand?post=5858"},{"taxonomy":"product_cat","embeddable":true,"href":"https:\/\/www.piscilona.es\/tienda\/wp-json\/wp\/v2\/product_cat?post=5858"},{"taxonomy":"product_tag","embeddable":true,"href":"https:\/\/www.piscilona.es\/tienda\/wp-json\/wp\/v2\/product_tag?post=5858"}],"curies":[{"name":"wp","href":"https:\/\/api.w.org\/{rel}","templated":true}]}}