{"id":5869,"date":"2025-12-01T10:16:54","date_gmt":"2025-12-01T10:16:54","guid":{"rendered":"https:\/\/www.piscilona.es\/tienda\/?post_type=product&#038;p=5869"},"modified":"2025-12-01T11:45:04","modified_gmt":"2025-12-01T11:45:04","slug":"afm-filtrado-activo-21kg","status":"publish","type":"product","link":"https:\/\/www.piscilona.es\/tienda\/producto\/afm-filtrado-activo-21kg\/","title":{"rendered":"AFM Filtrado Activo 21Kg"},"content":{"rendered":"<p><strong>AFM Filtrado Activo 21Kg: Filtraci\u00f3n Avanzada para un Agua M\u00e1s Pura<\/strong><\/p>\n<p><strong>El Poder del AFM\u00ae:<\/strong> Gracias a su estructura hidr\u00f3foba y mesoporosa, AFM\u00aeng filtra part\u00edculas m\u00e1s finas y un 50% m\u00e1s de sustancias org\u00e1nicas que la arena tradicional.<\/p>\n<p><strong>Menos Sustancias Da\u00f1inas:<\/strong> Al eliminar la materia org\u00e1nica, el AFM\u00ae reduce la formaci\u00f3n de Trihalometanos (THMs), como el cloroformo, promoviendo un agua m\u00e1s saludable y sin riesgos.<\/p>\n<p><strong>Rendimiento Superior:<\/strong> El AFM\u00ae ofrece una filtraci\u00f3n eficiente, reduciendo la necesidad de desinfectantes qu\u00edmicos y mejorando la calidad del agua y del aire, adem\u00e1s de disminuir los costos de mantenimiento.<\/p>\n<p><strong>Filtraci\u00f3n de Alta Precisi\u00f3n:<\/strong> AFM\u00ae es el \u00fanico medio capaz de filtrar m\u00e1s del 95% de part\u00edculas de 1 micra, certificando su eficacia en comparaci\u00f3n con otros medios de filtrado.<\/p>\n<p><strong>Dise\u00f1o Avanzado:<\/strong> Con una superficie auto-esterilizante y sin canales preferentes, el AFM\u00ae garantiza una filtraci\u00f3n consistente y sin p\u00e9rdida de eficacia a lo largo del tiempo.<\/p>\n<p><strong>Beneficios Adicionales:<\/strong><\/p>\n<ul>\n<li>Agua limpia y cristalina.<\/li>\n<li>Reducci\u00f3n de hasta un 50% en el uso de productos qu\u00edmicos, tricloraminas y THMs.<\/li>\n<li>Proceso de fabricaci\u00f3n ecol\u00f3gico.<\/li>\n<\/ul>\n<p><strong>F\u00e1cil de Usar:<\/strong> El AFM\u00ae se utiliza de manera similar a la arena de s\u00edlice, pero se requiere un 15% menos de carga, lo que simplifica su aplicaci\u00f3n y mantenimiento.<\/p>\n<p><strong>Resultados Garantizados:<\/strong> Con AFM Filtrado Activo 21Kg, obtienes una filtraci\u00f3n avanzada que transforma el agua de tu piscina en algo m\u00e1s que simplemente limpia: \u00a1la convierte en agua potable, superando incluso la calidad del agua de tu casa!<\/p>\n<p><a href=\"https:\/\/chat.google.com\/room\/AAAAWNYAjKI\/277Xaj4Nms4\/277Xaj4Nms4?cls=10\" target=\"_blank\" rel=\"noopener\">Video AFM\u00aeng<\/a> explicativo.<\/p>\n<p>Adem\u00e1s, puedes consultar nuestros servicios pulsando <a href=\"https:\/\/www.piscilona.es\/es\/nuestros-servicios\" target=\"_blank\" rel=\"noopener\">aqu\u00ed<\/a>.<\/p>\n","protected":false},"excerpt":{"rendered":"<p>El AFM\u00ae ofrece una filtraci\u00f3n eficiente, reduciendo la necesidad de desinfectantes qu\u00edmicos y mejorando la calidad del agua y del aire, adem\u00e1s de disminuir los costos de mantenimiento.<\/p>\n","protected":false},"featured_media":5870,"template":"","meta":[],"product_brand":[],"product_cat":[380,378,81],"product_tag":[721,725,724,723,543,722,492,385,726],"class_list":{"0":"post-5869","1":"product","2":"type-product","3":"status-publish","4":"has-post-thumbnail","6":"product_cat-limpiadores","7":"product_cat-productos-especiales","8":"product_cat-productos-quimicos","9":"product_tag-afm","10":"product_tag-filtrado","11":"product_tag-filtrante","12":"product_tag-filtrar","13":"product_tag-filtro","14":"product_tag-filtros","15":"product_tag-limpiador","16":"product_tag-limpiadores","17":"product_tag-limpiar","19":"first","20":"instock","21":"taxable","22":"shipping-taxable","23":"purchasable","24":"product-type-variable","25":"has-default-attributes"},"yoast_head":"<!-- This site is optimized with the Yoast SEO plugin v27.0 - https:\/\/yoast.com\/product\/yoast-seo-wordpress\/ -->\n<title>AFM Filtrado Activo 21Kg - Piscilona<\/title>\n<meta name=\"description\" content=\"AFM Filtrado Activo 21Kg ofrece una filtraci\u00f3n eficiente, reduciendo la necesidad de desinfectantes qu\u00edmicos y mejorando la calidad del agua y del aire.\" \/>\n<meta name=\"robots\" content=\"index, follow, max-snippet:-1, max-image-preview:large, max-video-preview:-1\" \/>\n<link rel=\"canonical\" href=\"https:\/\/www.piscilona.es\/tienda\/producto\/afm-filtrado-activo-21kg\/\" \/>\n<meta property=\"og:locale\" content=\"es_ES\" \/>\n<meta property=\"og:type\" content=\"article\" \/>\n<meta property=\"og:title\" content=\"AFM Filtrado Activo 21Kg - Piscilona\" \/>\n<meta property=\"og:description\" content=\"AFM Filtrado Activo 21Kg ofrece una filtraci\u00f3n eficiente, reduciendo la necesidad de desinfectantes qu\u00edmicos y mejorando la calidad del agua y del aire.\" \/>\n<meta property=\"og:url\" content=\"https:\/\/www.piscilona.es\/tienda\/producto\/afm-filtrado-activo-21kg\/\" \/>\n<meta property=\"og:site_name\" content=\"Piscilona\" \/>\n<meta property=\"article:modified_time\" content=\"2025-12-01T11:45:04+00:00\" \/>\n<meta property=\"og:image\" content=\"https:\/\/www.piscilona.es\/tienda\/wp-content\/uploads\/2024\/02\/2651.jpg\" \/>\n\t<meta property=\"og:image:width\" content=\"800\" \/>\n\t<meta property=\"og:image:height\" content=\"800\" \/>\n\t<meta property=\"og:image:type\" content=\"image\/jpeg\" \/>\n<meta name=\"twitter:card\" content=\"summary_large_image\" \/>\n<meta name=\"twitter:label1\" content=\"Tiempo de lectura\" \/>\n\t<meta name=\"twitter:data1\" content=\"2 minutos\" \/>\n<script type=\"application\/ld+json\" class=\"yoast-schema-graph\">{\"@context\":\"https:\/\/schema.org\",\"@graph\":[{\"@type\":\"WebPage\",\"@id\":\"https:\/\/www.piscilona.es\/tienda\/producto\/afm-filtrado-activo-21kg\/\",\"url\":\"https:\/\/www.piscilona.es\/tienda\/producto\/afm-filtrado-activo-21kg\/\",\"name\":\"AFM Filtrado Activo 21Kg - Piscilona\",\"isPartOf\":{\"@id\":\"https:\/\/www.piscilona.es\/tienda\/#website\"},\"primaryImageOfPage\":{\"@id\":\"https:\/\/www.piscilona.es\/tienda\/producto\/afm-filtrado-activo-21kg\/#primaryimage\"},\"image\":{\"@id\":\"https:\/\/www.piscilona.es\/tienda\/producto\/afm-filtrado-activo-21kg\/#primaryimage\"},\"thumbnailUrl\":\"https:\/\/www.piscilona.es\/tienda\/wp-content\/uploads\/2024\/02\/2651.jpg\",\"datePublished\":\"2025-12-01T10:16:54+00:00\",\"dateModified\":\"2025-12-01T11:45:04+00:00\",\"description\":\"AFM Filtrado Activo 21Kg ofrece una filtraci\u00f3n eficiente, reduciendo la necesidad de desinfectantes qu\u00edmicos y mejorando la calidad del agua y del aire.\",\"breadcrumb\":{\"@id\":\"https:\/\/www.piscilona.es\/tienda\/producto\/afm-filtrado-activo-21kg\/#breadcrumb\"},\"inLanguage\":\"es\",\"potentialAction\":[{\"@type\":\"ReadAction\",\"target\":[\"https:\/\/www.piscilona.es\/tienda\/producto\/afm-filtrado-activo-21kg\/\"]}]},{\"@type\":\"ImageObject\",\"inLanguage\":\"es\",\"@id\":\"https:\/\/www.piscilona.es\/tienda\/producto\/afm-filtrado-activo-21kg\/#primaryimage\",\"url\":\"https:\/\/www.piscilona.es\/tienda\/wp-content\/uploads\/2024\/02\/2651.jpg\",\"contentUrl\":\"https:\/\/www.piscilona.es\/tienda\/wp-content\/uploads\/2024\/02\/2651.jpg\",\"width\":800,\"height\":800,\"caption\":\"AFM Filtrado Activo 21Kg\"},{\"@type\":\"BreadcrumbList\",\"@id\":\"https:\/\/www.piscilona.es\/tienda\/producto\/afm-filtrado-activo-21kg\/#breadcrumb\",\"itemListElement\":[{\"@type\":\"ListItem\",\"position\":1,\"name\":\"Portada\",\"item\":\"https:\/\/www.piscilona.es\/tienda\/\"},{\"@type\":\"ListItem\",\"position\":2,\"name\":\"Tienda\",\"item\":\"https:\/\/www.piscilona.es\/tienda\/tienda\/\"},{\"@type\":\"ListItem\",\"position\":3,\"name\":\"AFM Filtrado Activo 21Kg\"}]},{\"@type\":\"WebSite\",\"@id\":\"https:\/\/www.piscilona.es\/tienda\/#website\",\"url\":\"https:\/\/www.piscilona.es\/tienda\/\",\"name\":\"Piscilona\",\"description\":\"Piscilona\",\"potentialAction\":[{\"@type\":\"SearchAction\",\"target\":{\"@type\":\"EntryPoint\",\"urlTemplate\":\"https:\/\/www.piscilona.es\/tienda\/?s={search_term_string}\"},\"query-input\":{\"@type\":\"PropertyValueSpecification\",\"valueRequired\":true,\"valueName\":\"search_term_string\"}}],\"inLanguage\":\"es\"}]}<\/script>\n<!-- \/ Yoast SEO plugin. -->","yoast_head_json":{"title":"AFM Filtrado Activo 21Kg - Piscilona","description":"AFM Filtrado Activo 21Kg ofrece una filtraci\u00f3n eficiente, reduciendo la necesidad de desinfectantes qu\u00edmicos y mejorando la calidad del agua y del aire.","robots":{"index":"index","follow":"follow","max-snippet":"max-snippet:-1","max-image-preview":"max-image-preview:large","max-video-preview":"max-video-preview:-1"},"canonical":"https:\/\/www.piscilona.es\/tienda\/producto\/afm-filtrado-activo-21kg\/","og_locale":"es_ES","og_type":"article","og_title":"AFM Filtrado Activo 21Kg - Piscilona","og_description":"AFM Filtrado Activo 21Kg ofrece una filtraci\u00f3n eficiente, reduciendo la necesidad de desinfectantes qu\u00edmicos y mejorando la calidad del agua y del aire.","og_url":"https:\/\/www.piscilona.es\/tienda\/producto\/afm-filtrado-activo-21kg\/","og_site_name":"Piscilona","article_modified_time":"2025-12-01T11:45:04+00:00","og_image":[{"width":800,"height":800,"url":"https:\/\/www.piscilona.es\/tienda\/wp-content\/uploads\/2024\/02\/2651.jpg","type":"image\/jpeg"}],"twitter_card":"summary_large_image","twitter_misc":{"Tiempo de lectura":"2 minutos"},"schema":{"@context":"https:\/\/schema.org","@graph":[{"@type":"WebPage","@id":"https:\/\/www.piscilona.es\/tienda\/producto\/afm-filtrado-activo-21kg\/","url":"https:\/\/www.piscilona.es\/tienda\/producto\/afm-filtrado-activo-21kg\/","name":"AFM Filtrado Activo 21Kg - Piscilona","isPartOf":{"@id":"https:\/\/www.piscilona.es\/tienda\/#website"},"primaryImageOfPage":{"@id":"https:\/\/www.piscilona.es\/tienda\/producto\/afm-filtrado-activo-21kg\/#primaryimage"},"image":{"@id":"https:\/\/www.piscilona.es\/tienda\/producto\/afm-filtrado-activo-21kg\/#primaryimage"},"thumbnailUrl":"https:\/\/www.piscilona.es\/tienda\/wp-content\/uploads\/2024\/02\/2651.jpg","datePublished":"2025-12-01T10:16:54+00:00","dateModified":"2025-12-01T11:45:04+00:00","description":"AFM Filtrado Activo 21Kg ofrece una filtraci\u00f3n eficiente, reduciendo la necesidad de desinfectantes qu\u00edmicos y mejorando la calidad del agua y del aire.","breadcrumb":{"@id":"https:\/\/www.piscilona.es\/tienda\/producto\/afm-filtrado-activo-21kg\/#breadcrumb"},"inLanguage":"es","potentialAction":[{"@type":"ReadAction","target":["https:\/\/www.piscilona.es\/tienda\/producto\/afm-filtrado-activo-21kg\/"]}]},{"@type":"ImageObject","inLanguage":"es","@id":"https:\/\/www.piscilona.es\/tienda\/producto\/afm-filtrado-activo-21kg\/#primaryimage","url":"https:\/\/www.piscilona.es\/tienda\/wp-content\/uploads\/2024\/02\/2651.jpg","contentUrl":"https:\/\/www.piscilona.es\/tienda\/wp-content\/uploads\/2024\/02\/2651.jpg","width":800,"height":800,"caption":"AFM Filtrado Activo 21Kg"},{"@type":"BreadcrumbList","@id":"https:\/\/www.piscilona.es\/tienda\/producto\/afm-filtrado-activo-21kg\/#breadcrumb","itemListElement":[{"@type":"ListItem","position":1,"name":"Portada","item":"https:\/\/www.piscilona.es\/tienda\/"},{"@type":"ListItem","position":2,"name":"Tienda","item":"https:\/\/www.piscilona.es\/tienda\/tienda\/"},{"@type":"ListItem","position":3,"name":"AFM Filtrado Activo 21Kg"}]},{"@type":"WebSite","@id":"https:\/\/www.piscilona.es\/tienda\/#website","url":"https:\/\/www.piscilona.es\/tienda\/","name":"Piscilona","description":"Piscilona","potentialAction":[{"@type":"SearchAction","target":{"@type":"EntryPoint","urlTemplate":"https:\/\/www.piscilona.es\/tienda\/?s={search_term_string}"},"query-input":{"@type":"PropertyValueSpecification","valueRequired":true,"valueName":"search_term_string"}}],"inLanguage":"es"}]}},"_links":{"self":[{"href":"https:\/\/www.piscilona.es\/tienda\/wp-json\/wp\/v2\/product\/5869","targetHints":{"allow":["GET"]}}],"collection":[{"href":"https:\/\/www.piscilona.es\/tienda\/wp-json\/wp\/v2\/product"}],"about":[{"href":"https:\/\/www.piscilona.es\/tienda\/wp-json\/wp\/v2\/types\/product"}],"version-history":[{"count":0,"href":"https:\/\/www.piscilona.es\/tienda\/wp-json\/wp\/v2\/product\/5869\/revisions"}],"wp:featuredmedia":[{"embeddable":true,"href":"https:\/\/www.piscilona.es\/tienda\/wp-json\/wp\/v2\/media\/5870"}],"wp:attachment":[{"href":"https:\/\/www.piscilona.es\/tienda\/wp-json\/wp\/v2\/media?parent=5869"}],"wp:term":[{"taxonomy":"product_brand","embeddable":true,"href":"https:\/\/www.piscilona.es\/tienda\/wp-json\/wp\/v2\/product_brand?post=5869"},{"taxonomy":"product_cat","embeddable":true,"href":"https:\/\/www.piscilona.es\/tienda\/wp-json\/wp\/v2\/product_cat?post=5869"},{"taxonomy":"product_tag","embeddable":true,"href":"https:\/\/www.piscilona.es\/tienda\/wp-json\/wp\/v2\/product_tag?post=5869"}],"curies":[{"name":"wp","href":"https:\/\/api.w.org\/{rel}","templated":true}]}}