{"id":5882,"date":"2025-12-01T11:42:16","date_gmt":"2025-12-01T11:42:16","guid":{"rendered":"https:\/\/www.piscilona.es\/tienda\/?post_type=product&#038;p=5882"},"modified":"2025-12-01T11:37:16","modified_gmt":"2025-12-01T11:37:16","slug":"aco-estabilizador-de-cloro","status":"publish","type":"product","link":"https:\/\/www.piscilona.es\/tienda\/producto\/aco-estabilizador-de-cloro\/","title":{"rendered":"ACO Estabilizador de Cloro"},"content":{"rendered":"<p><strong>ACO Estabilizador de Cloro: La Protecci\u00f3n Ideal para tu Piscina<\/strong><\/p>\n<p><strong>Protecci\u00f3n Ecol\u00f3gica:<\/strong> El ACO es una alternativa respetuosa con el medio ambiente, potenciando la desinfecci\u00f3n natural del agua mediante la luz solar.<\/p>\n<p><strong>Eficiencia Garantizada:<\/strong><\/p>\n<ol>\n<li>Reduce el consumo de cloro hasta un 50%, manteniendo el agua limpia y segura.<\/li>\n<li>Evita bloqueos de cloro y no disminuye su eficacia, a diferencia del \u00e1cido cian\u00farico.<\/li>\n<li>No se acumula con el tiempo, evitando la necesidad de vaciar la piscina y desperdiciar recursos.<\/li>\n<\/ol>\n<p><strong>Beneficios Destacados:<\/strong><\/p>\n<ul>\n<li>Filtra los rayos UV para proteger el cloro sin reducir su efectividad.<\/li>\n<li>No bloquea el cloro ni se acumula con el tiempo, prolongando la vida \u00fatil de las c\u00e9lulas de electr\u00f3lisis.<\/li>\n<li>Compatible con diversos tratamientos y filtros, sin generar subproductos t\u00f3xicos.<\/li>\n<\/ul>\n<p><strong>F\u00e1cil de Usar:<\/strong> Solo necesitas verter ACO directamente en la piscina. Agita bien antes de usar y aplica una dosis doble al inicio de la temporada. En distintos \u00e1mbitos 5l y 20l.<\/p>\n<p><strong>Resultados Efectivos:<\/strong> Con ACO Estabilizador de Cloro, disfruta de una piscina limpia, segura y respetuosa con el medio ambiente. Reduce el consumo de cloro, agua y energ\u00eda, garantizando resultados \u00f3ptimos en todo momento.<\/p>\n<p>Disfruta de este <a href=\"https:\/\/youtu.be\/iH79a3InkLc\" target=\"_blank\" rel=\"noopener\">video explicativo<\/a> del ACO estabilizador.<\/p>\n<p>Adem\u00e1s, puedes consultar nuestros servicios pulsando <a href=\"https:\/\/www.piscilona.es\/es\/nuestros-servicios\" target=\"_blank\" rel=\"noopener\">aqu\u00ed<\/a>.<\/p>\n","protected":false},"excerpt":{"rendered":"<p>ACO Estabilizador de Cloro: La Protecci\u00f3n Ideal para tu Piscina Protecci\u00f3n Ecol\u00f3gica: El ACO es una alternativa respetuosa con el medio ambiente, potenciando la desinfecci\u00f3n natural del agua mediante la luz solar. Eficiencia Garantizada: Reduce el consumo de cloro hasta un 50%, manteniendo el agua limpia y segura. Evita bloqueos de cloro y no disminuye [&hellip;]<\/p>\n","protected":false},"featured_media":5883,"template":"","meta":[],"product_brand":[],"product_cat":[377,81],"product_tag":[],"class_list":{"0":"post-5882","1":"product","2":"type-product","3":"status-publish","4":"has-post-thumbnail","6":"product_cat-cloro","7":"product_cat-productos-quimicos","9":"first","10":"instock","11":"taxable","12":"shipping-taxable","13":"purchasable","14":"product-type-variable","15":"has-default-attributes"},"yoast_head":"<!-- This site is optimized with the Yoast SEO plugin v27.0 - https:\/\/yoast.com\/product\/yoast-seo-wordpress\/ -->\n<title>ACO Estabilizador de Cloro - Piscilona<\/title>\n<meta name=\"description\" content=\"ACO Estabilizador de Cloro\" \/>\n<meta name=\"robots\" content=\"index, follow, max-snippet:-1, max-image-preview:large, max-video-preview:-1\" \/>\n<link rel=\"canonical\" href=\"https:\/\/www.piscilona.es\/tienda\/producto\/aco-estabilizador-de-cloro\/\" \/>\n<meta property=\"og:locale\" content=\"es_ES\" \/>\n<meta property=\"og:type\" content=\"article\" \/>\n<meta property=\"og:title\" content=\"ACO Estabilizador de Cloro - Piscilona\" \/>\n<meta property=\"og:description\" content=\"ACO Estabilizador de Cloro\" \/>\n<meta property=\"og:url\" content=\"https:\/\/www.piscilona.es\/tienda\/producto\/aco-estabilizador-de-cloro\/\" \/>\n<meta property=\"og:site_name\" content=\"Piscilona\" \/>\n<meta property=\"og:image\" content=\"https:\/\/www.piscilona.es\/tienda\/wp-content\/uploads\/2024\/02\/2671.jpg\" \/>\n\t<meta property=\"og:image:width\" content=\"750\" \/>\n\t<meta property=\"og:image:height\" content=\"750\" \/>\n\t<meta property=\"og:image:type\" content=\"image\/jpeg\" \/>\n<meta name=\"twitter:card\" content=\"summary_large_image\" \/>\n<meta name=\"twitter:label1\" content=\"Tiempo de lectura\" \/>\n\t<meta name=\"twitter:data1\" content=\"2 minutos\" \/>\n<script type=\"application\/ld+json\" class=\"yoast-schema-graph\">{\"@context\":\"https:\/\/schema.org\",\"@graph\":[{\"@type\":\"WebPage\",\"@id\":\"https:\/\/www.piscilona.es\/tienda\/producto\/aco-estabilizador-de-cloro\/\",\"url\":\"https:\/\/www.piscilona.es\/tienda\/producto\/aco-estabilizador-de-cloro\/\",\"name\":\"ACO Estabilizador de Cloro - Piscilona\",\"isPartOf\":{\"@id\":\"https:\/\/www.piscilona.es\/tienda\/#website\"},\"primaryImageOfPage\":{\"@id\":\"https:\/\/www.piscilona.es\/tienda\/producto\/aco-estabilizador-de-cloro\/#primaryimage\"},\"image\":{\"@id\":\"https:\/\/www.piscilona.es\/tienda\/producto\/aco-estabilizador-de-cloro\/#primaryimage\"},\"thumbnailUrl\":\"https:\/\/www.piscilona.es\/tienda\/wp-content\/uploads\/2024\/02\/2671.jpg\",\"datePublished\":\"2025-12-01T11:42:16+00:00\",\"description\":\"ACO Estabilizador de Cloro\",\"breadcrumb\":{\"@id\":\"https:\/\/www.piscilona.es\/tienda\/producto\/aco-estabilizador-de-cloro\/#breadcrumb\"},\"inLanguage\":\"es\",\"potentialAction\":[{\"@type\":\"ReadAction\",\"target\":[\"https:\/\/www.piscilona.es\/tienda\/producto\/aco-estabilizador-de-cloro\/\"]}]},{\"@type\":\"ImageObject\",\"inLanguage\":\"es\",\"@id\":\"https:\/\/www.piscilona.es\/tienda\/producto\/aco-estabilizador-de-cloro\/#primaryimage\",\"url\":\"https:\/\/www.piscilona.es\/tienda\/wp-content\/uploads\/2024\/02\/2671.jpg\",\"contentUrl\":\"https:\/\/www.piscilona.es\/tienda\/wp-content\/uploads\/2024\/02\/2671.jpg\",\"width\":750,\"height\":750,\"caption\":\"ACO Estabilizador de Cloro\"},{\"@type\":\"BreadcrumbList\",\"@id\":\"https:\/\/www.piscilona.es\/tienda\/producto\/aco-estabilizador-de-cloro\/#breadcrumb\",\"itemListElement\":[{\"@type\":\"ListItem\",\"position\":1,\"name\":\"Portada\",\"item\":\"https:\/\/www.piscilona.es\/tienda\/\"},{\"@type\":\"ListItem\",\"position\":2,\"name\":\"Tienda\",\"item\":\"https:\/\/www.piscilona.es\/tienda\/tienda\/\"},{\"@type\":\"ListItem\",\"position\":3,\"name\":\"ACO Estabilizador de Cloro\"}]},{\"@type\":\"WebSite\",\"@id\":\"https:\/\/www.piscilona.es\/tienda\/#website\",\"url\":\"https:\/\/www.piscilona.es\/tienda\/\",\"name\":\"Piscilona\",\"description\":\"Piscilona\",\"potentialAction\":[{\"@type\":\"SearchAction\",\"target\":{\"@type\":\"EntryPoint\",\"urlTemplate\":\"https:\/\/www.piscilona.es\/tienda\/?s={search_term_string}\"},\"query-input\":{\"@type\":\"PropertyValueSpecification\",\"valueRequired\":true,\"valueName\":\"search_term_string\"}}],\"inLanguage\":\"es\"}]}<\/script>\n<!-- \/ Yoast SEO plugin. -->","yoast_head_json":{"title":"ACO Estabilizador de Cloro - Piscilona","description":"ACO Estabilizador de Cloro","robots":{"index":"index","follow":"follow","max-snippet":"max-snippet:-1","max-image-preview":"max-image-preview:large","max-video-preview":"max-video-preview:-1"},"canonical":"https:\/\/www.piscilona.es\/tienda\/producto\/aco-estabilizador-de-cloro\/","og_locale":"es_ES","og_type":"article","og_title":"ACO Estabilizador de Cloro - Piscilona","og_description":"ACO Estabilizador de Cloro","og_url":"https:\/\/www.piscilona.es\/tienda\/producto\/aco-estabilizador-de-cloro\/","og_site_name":"Piscilona","og_image":[{"width":750,"height":750,"url":"https:\/\/www.piscilona.es\/tienda\/wp-content\/uploads\/2024\/02\/2671.jpg","type":"image\/jpeg"}],"twitter_card":"summary_large_image","twitter_misc":{"Tiempo de lectura":"2 minutos"},"schema":{"@context":"https:\/\/schema.org","@graph":[{"@type":"WebPage","@id":"https:\/\/www.piscilona.es\/tienda\/producto\/aco-estabilizador-de-cloro\/","url":"https:\/\/www.piscilona.es\/tienda\/producto\/aco-estabilizador-de-cloro\/","name":"ACO Estabilizador de Cloro - Piscilona","isPartOf":{"@id":"https:\/\/www.piscilona.es\/tienda\/#website"},"primaryImageOfPage":{"@id":"https:\/\/www.piscilona.es\/tienda\/producto\/aco-estabilizador-de-cloro\/#primaryimage"},"image":{"@id":"https:\/\/www.piscilona.es\/tienda\/producto\/aco-estabilizador-de-cloro\/#primaryimage"},"thumbnailUrl":"https:\/\/www.piscilona.es\/tienda\/wp-content\/uploads\/2024\/02\/2671.jpg","datePublished":"2025-12-01T11:42:16+00:00","description":"ACO Estabilizador de Cloro","breadcrumb":{"@id":"https:\/\/www.piscilona.es\/tienda\/producto\/aco-estabilizador-de-cloro\/#breadcrumb"},"inLanguage":"es","potentialAction":[{"@type":"ReadAction","target":["https:\/\/www.piscilona.es\/tienda\/producto\/aco-estabilizador-de-cloro\/"]}]},{"@type":"ImageObject","inLanguage":"es","@id":"https:\/\/www.piscilona.es\/tienda\/producto\/aco-estabilizador-de-cloro\/#primaryimage","url":"https:\/\/www.piscilona.es\/tienda\/wp-content\/uploads\/2024\/02\/2671.jpg","contentUrl":"https:\/\/www.piscilona.es\/tienda\/wp-content\/uploads\/2024\/02\/2671.jpg","width":750,"height":750,"caption":"ACO Estabilizador de Cloro"},{"@type":"BreadcrumbList","@id":"https:\/\/www.piscilona.es\/tienda\/producto\/aco-estabilizador-de-cloro\/#breadcrumb","itemListElement":[{"@type":"ListItem","position":1,"name":"Portada","item":"https:\/\/www.piscilona.es\/tienda\/"},{"@type":"ListItem","position":2,"name":"Tienda","item":"https:\/\/www.piscilona.es\/tienda\/tienda\/"},{"@type":"ListItem","position":3,"name":"ACO Estabilizador de Cloro"}]},{"@type":"WebSite","@id":"https:\/\/www.piscilona.es\/tienda\/#website","url":"https:\/\/www.piscilona.es\/tienda\/","name":"Piscilona","description":"Piscilona","potentialAction":[{"@type":"SearchAction","target":{"@type":"EntryPoint","urlTemplate":"https:\/\/www.piscilona.es\/tienda\/?s={search_term_string}"},"query-input":{"@type":"PropertyValueSpecification","valueRequired":true,"valueName":"search_term_string"}}],"inLanguage":"es"}]}},"_links":{"self":[{"href":"https:\/\/www.piscilona.es\/tienda\/wp-json\/wp\/v2\/product\/5882","targetHints":{"allow":["GET"]}}],"collection":[{"href":"https:\/\/www.piscilona.es\/tienda\/wp-json\/wp\/v2\/product"}],"about":[{"href":"https:\/\/www.piscilona.es\/tienda\/wp-json\/wp\/v2\/types\/product"}],"version-history":[{"count":0,"href":"https:\/\/www.piscilona.es\/tienda\/wp-json\/wp\/v2\/product\/5882\/revisions"}],"wp:featuredmedia":[{"embeddable":true,"href":"https:\/\/www.piscilona.es\/tienda\/wp-json\/wp\/v2\/media\/5883"}],"wp:attachment":[{"href":"https:\/\/www.piscilona.es\/tienda\/wp-json\/wp\/v2\/media?parent=5882"}],"wp:term":[{"taxonomy":"product_brand","embeddable":true,"href":"https:\/\/www.piscilona.es\/tienda\/wp-json\/wp\/v2\/product_brand?post=5882"},{"taxonomy":"product_cat","embeddable":true,"href":"https:\/\/www.piscilona.es\/tienda\/wp-json\/wp\/v2\/product_cat?post=5882"},{"taxonomy":"product_tag","embeddable":true,"href":"https:\/\/www.piscilona.es\/tienda\/wp-json\/wp\/v2\/product_tag?post=5882"}],"curies":[{"name":"wp","href":"https:\/\/api.w.org\/{rel}","templated":true}]}}